{"id":17788,"date":"2025-07-16T10:28:00","date_gmt":"2025-07-16T08:28:00","guid":{"rendered":"https:\/\/uj.adatbank.ro\/lexikon\/termek\/patrubany-miklos\/"},"modified":"2025-07-16T10:28:00","modified_gmt":"2025-07-16T08:28:00","slug":"patrubany-miklos","status":"publish","type":"product","link":"https:\/\/uj.adatbank.ro\/lexikon\/termek\/patrubany-miklos\/","title":{"rendered":"PATRUB\u00c1NY Mikl\u00f3s"},"content":{"rendered":"<p>1871., \u2020\u00a0?: bankigazgat\u00f3, honv\u00e9dhusz\u00e1r f\u0151hadnagy. \u2013 Apja: Gergely (\u2020\u00a0Mv.1908). Anyja:Nov\u00e1k Lujza (\u2020\u00a0Mv.1907). \u2013 Sz\u00fclei hagyat\u00e9k\u00e1b\u00f3l tulajdon\u00e1v\u00e1 v\u00e1lt egy emeletes h\u00e1z a volt Kossuth u., 67.sz.(1911), amit Maetz Ervin okleveles m\u00e9rn\u00f6k tervei alapj\u00e1n \u00e9p\u00edtettek, val\u00f3s\u00edtattak meg, csatorn\u00e1ztatott Pontek S\u00e1ndorral. A Mv.-i Bank \u00e9s Takar\u00e9k p\u00e9nzt\u00e1r vez\u00e9rigazgat\u00f3ja (1912), majd amikor az beolvadt a kv.-i Erd\u00e9lyi Bank \u00e9s Takar\u00e9kp\u00e9nzt\u00e1rba tov\u00e1bbra is eln\u00f6k maradt (1922); a Kereskedelmi \u00e9s Iparkamara kereskedelmi aleln\u00f6ke. Az MTK sport klub eln\u00f6ke (1919). A Mv.-i Kaszin\u00f3 v\u00e1lasztm\u00e1nyi tagja (1919). <br \/><strong>Irod.:<\/strong> Barab\u00e1s Gergely: Cs\u00edkv\u00e1rmegye m\u00e1rv\u00e1nyipara (Mv., 1914); Bi\u00e1s Istv\u00e1n; Id\u0151t\u00e1r 2, 3; Mv.-i Almanach, 1912.; Orb\u00e1n-Oniga; P\u00e1lmay<\/br><\/p>\n","protected":false},"excerpt":{"rendered":"<p>1871., \u2020\u00a0?: bankigazgat\u00f3, honv\u00e9dhusz\u00e1r f\u0151hadnagy. \u2013 Apja: Gergely (\u2020\u00a0Mv.1908). Anyja:Nov\u00e1k Lujza (\u2020\u00a0Mv.1907). \u2013 Sz\u00fclei hagyat\u00e9k\u00e1b\u00f3l tulajdon\u00e1v\u00e1 v\u00e1lt egy emeletes h\u00e1z a volt Kossuth u., 67.sz.(1911), amit Maetz Ervin okleveles m\u00e9rn\u00f6k tervei alapj\u00e1n \u00e9p\u00edtettek, val\u00f3s\u00edtattak meg, csatorn\u00e1ztatott Pontek S\u00e1ndorral. A Mv.-i Bank \u00e9s Takar\u00e9k p\u00e9nzt\u00e1r vez\u00e9rigazgat\u00f3ja (1912), majd amikor az beolvadt a kv.-i Erd\u00e9lyi Bank \u00e9s [&hellip;]<\/p>\n","protected":false},"featured_media":0,"comment_status":"open","ping_status":"closed","template":"","meta":[],"product_brand":[],"product_cat":[137],"product_tag":[],"class_list":{"0":"post-17788","1":"product","2":"type-product","3":"status-publish","5":"product_cat-maros-megyei-eletrajzi-lexikon","7":"first","8":"instock","9":"shipping-taxable","10":"product-type-simple"},"_links":{"self":[{"href":"https:\/\/uj.adatbank.ro\/lexikon\/wp-json\/wp\/v2\/product\/17788","targetHints":{"allow":["GET"]}}],"collection":[{"href":"https:\/\/uj.adatbank.ro\/lexikon\/wp-json\/wp\/v2\/product"}],"about":[{"href":"https:\/\/uj.adatbank.ro\/lexikon\/wp-json\/wp\/v2\/types\/product"}],"replies":[{"embeddable":true,"href":"https:\/\/uj.adatbank.ro\/lexikon\/wp-json\/wp\/v2\/comments?post=17788"}],"wp:attachment":[{"href":"https:\/\/uj.adatbank.ro\/lexikon\/wp-json\/wp\/v2\/media?parent=17788"}],"wp:term":[{"taxonomy":"product_brand","embeddable":true,"href":"https:\/\/uj.adatbank.ro\/lexikon\/wp-json\/wp\/v2\/product_brand?post=17788"},{"taxonomy":"product_cat","embeddable":true,"href":"https:\/\/uj.adatbank.ro\/lexikon\/wp-json\/wp\/v2\/product_cat?post=17788"},{"taxonomy":"product_tag","embeddable":true,"href":"https:\/\/uj.adatbank.ro\/lexikon\/wp-json\/wp\/v2\/product_tag?post=17788"}],"curies":[{"name":"wp","href":"https:\/\/api.w.org\/{rel}","templated":true}]}}