{"id":17789,"date":"2025-07-16T10:28:02","date_gmt":"2025-07-16T08:28:02","guid":{"rendered":"https:\/\/uj.adatbank.ro\/lexikon\/termek\/patrubany-miklos-erzsebetvarosi-patruban-miklos\/"},"modified":"2025-07-16T10:28:02","modified_gmt":"2025-07-16T08:28:02","slug":"patrubany-miklos-erzsebetvarosi-patruban-miklos","status":"publish","type":"product","link":"https:\/\/uj.adatbank.ro\/lexikon\/termek\/patrubany-miklos-erzsebetvarosi-patruban-miklos\/","title":{"rendered":"PATRUB\u00c1NY Mikl\u00f3s, erzs\u00e9betv\u00e1rosi; Patrub\u00e1n Mikl\u00f3s"},"content":{"rendered":"<p>Mv., 1814. dec. 5, \u2020\u00a0Mv., 1881. m\u00e1rc. 18.: f\u00f6ldbirtokos, v\u00e1rosi k\u00e9pvisel\u0151, r.k. egyh\u00e1ztan\u00e1csos. \u2013 P. Gergely ( 1786\u20131849) \u00e9s \u00d6tves Katalin fia. Feles\u00e9ge: Istv\u00e1nfi\/ Istv\u00e1nffy Veronika (1815. okt. 13 \u2013 Mv., 1915. jan. 2.). Gyermekeik: Gergely (1841. okt. 21.\u2013)- feles\u00e9ge Nov\u00e1k Luiza; M\u00e1rton (1843. aug. 15\u20131868. okt. 7), Antal- (1845-?), feles\u00e9ge Petelei M\u00e1ria (1854\u20131942), J\u00e1nos (1845. j\u00fal. 25\u2013), P.Katalin (1852\u20131942. aug. 29) dr. Szentp\u00e9teri J\u00e1nosn\u00e9, P. Mikl\u00f3s, orvostanhallgat\u00f3 (1843.? \u2013 Mv., 1868. okt. 7- 1856\u20131873. \u00e1pr. 17) <br \/><strong>Irod.:<\/strong> Gy\u00e1szjelent\u0151; [Nekrol\u00f3g] (Erd\u00e9lyi \u00c9rtes\u00edt\u0151, 1881. m\u00e1rc. 20); P\u00e1l-Antal 2009; P\u00e1l-Antal S\u00e1ndor: \u00d6rm\u00e9nyek Mv.-en 1848 el\u0151tt = Pusk\u00e1s-Sz\u00e1sz \u00c1v\u00e9d P\u00e1lmay<\/br><\/p>\n","protected":false},"excerpt":{"rendered":"<p>Mv., 1814. dec. 5, \u2020\u00a0Mv., 1881. m\u00e1rc. 18.: f\u00f6ldbirtokos, v\u00e1rosi k\u00e9pvisel\u0151, r.k. egyh\u00e1ztan\u00e1csos. \u2013 P. Gergely ( 1786\u20131849) \u00e9s \u00d6tves Katalin fia. Feles\u00e9ge: Istv\u00e1nfi\/ Istv\u00e1nffy Veronika (1815. okt. 13 \u2013 Mv., 1915. jan. 2.). Gyermekeik: Gergely (1841. okt. 21.\u2013)- feles\u00e9ge Nov\u00e1k Luiza; M\u00e1rton (1843. aug. 15\u20131868. okt. 7), Antal- (1845-?), feles\u00e9ge Petelei M\u00e1ria (1854\u20131942), J\u00e1nos [&hellip;]<\/p>\n","protected":false},"featured_media":0,"comment_status":"open","ping_status":"closed","template":"","meta":[],"product_brand":[],"product_cat":[137],"product_tag":[],"class_list":{"0":"post-17789","1":"product","2":"type-product","3":"status-publish","5":"product_cat-maros-megyei-eletrajzi-lexikon","7":"first","8":"instock","9":"shipping-taxable","10":"product-type-simple"},"_links":{"self":[{"href":"https:\/\/uj.adatbank.ro\/lexikon\/wp-json\/wp\/v2\/product\/17789","targetHints":{"allow":["GET"]}}],"collection":[{"href":"https:\/\/uj.adatbank.ro\/lexikon\/wp-json\/wp\/v2\/product"}],"about":[{"href":"https:\/\/uj.adatbank.ro\/lexikon\/wp-json\/wp\/v2\/types\/product"}],"replies":[{"embeddable":true,"href":"https:\/\/uj.adatbank.ro\/lexikon\/wp-json\/wp\/v2\/comments?post=17789"}],"wp:attachment":[{"href":"https:\/\/uj.adatbank.ro\/lexikon\/wp-json\/wp\/v2\/media?parent=17789"}],"wp:term":[{"taxonomy":"product_brand","embeddable":true,"href":"https:\/\/uj.adatbank.ro\/lexikon\/wp-json\/wp\/v2\/product_brand?post=17789"},{"taxonomy":"product_cat","embeddable":true,"href":"https:\/\/uj.adatbank.ro\/lexikon\/wp-json\/wp\/v2\/product_cat?post=17789"},{"taxonomy":"product_tag","embeddable":true,"href":"https:\/\/uj.adatbank.ro\/lexikon\/wp-json\/wp\/v2\/product_tag?post=17789"}],"curies":[{"name":"wp","href":"https:\/\/api.w.org\/{rel}","templated":true}]}}