{"id":17793,"date":"2025-07-16T10:28:09","date_gmt":"2025-07-16T08:28:09","guid":{"rendered":"https:\/\/uj.adatbank.ro\/lexikon\/termek\/pauli-johannes\/"},"modified":"2025-07-16T10:28:09","modified_gmt":"2025-07-16T08:28:09","slug":"pauli-johannes","status":"publish","type":"product","link":"https:\/\/uj.adatbank.ro\/lexikon\/termek\/pauli-johannes\/","title":{"rendered":"PAULI, Johannes"},"content":{"rendered":"<p>? \u2020\u00a01669.: kir\u00e1lyb\u00edr\u00f3, polg\u00e1rmester. \u2013 Segesv\u00e1ri polg\u00e1r, tan\u00e1csbeli (1659, 1961\u201363), sz\u00e9kb\u00edr\u00f3 (1664\u201365), kir\u00e1lyb\u00edr\u00f3 (1666\u201367), polg\u00e1rmester. <br \/><strong>Irod.:<\/strong> Kraus: Erd\u00e9lyi kr\u00f3nika<\/br><\/p>\n","protected":false},"excerpt":{"rendered":"<p>? \u2020\u00a01669.: kir\u00e1lyb\u00edr\u00f3, polg\u00e1rmester. \u2013 Segesv\u00e1ri polg\u00e1r, tan\u00e1csbeli (1659, 1961\u201363), sz\u00e9kb\u00edr\u00f3 (1664\u201365), kir\u00e1lyb\u00edr\u00f3 (1666\u201367), polg\u00e1rmester. Irod.: Kraus: Erd\u00e9lyi kr\u00f3nika<\/p>\n","protected":false},"featured_media":0,"comment_status":"open","ping_status":"closed","template":"","meta":[],"product_brand":[],"product_cat":[137],"product_tag":[],"class_list":{"0":"post-17793","1":"product","2":"type-product","3":"status-publish","5":"product_cat-maros-megyei-eletrajzi-lexikon","7":"first","8":"instock","9":"shipping-taxable","10":"product-type-simple"},"_links":{"self":[{"href":"https:\/\/uj.adatbank.ro\/lexikon\/wp-json\/wp\/v2\/product\/17793","targetHints":{"allow":["GET"]}}],"collection":[{"href":"https:\/\/uj.adatbank.ro\/lexikon\/wp-json\/wp\/v2\/product"}],"about":[{"href":"https:\/\/uj.adatbank.ro\/lexikon\/wp-json\/wp\/v2\/types\/product"}],"replies":[{"embeddable":true,"href":"https:\/\/uj.adatbank.ro\/lexikon\/wp-json\/wp\/v2\/comments?post=17793"}],"wp:attachment":[{"href":"https:\/\/uj.adatbank.ro\/lexikon\/wp-json\/wp\/v2\/media?parent=17793"}],"wp:term":[{"taxonomy":"product_brand","embeddable":true,"href":"https:\/\/uj.adatbank.ro\/lexikon\/wp-json\/wp\/v2\/product_brand?post=17793"},{"taxonomy":"product_cat","embeddable":true,"href":"https:\/\/uj.adatbank.ro\/lexikon\/wp-json\/wp\/v2\/product_cat?post=17793"},{"taxonomy":"product_tag","embeddable":true,"href":"https:\/\/uj.adatbank.ro\/lexikon\/wp-json\/wp\/v2\/product_tag?post=17793"}],"curies":[{"name":"wp","href":"https:\/\/api.w.org\/{rel}","templated":true}]}}