{"id":17794,"date":"2025-07-16T10:28:12","date_gmt":"2025-07-16T08:28:12","guid":{"rendered":"https:\/\/uj.adatbank.ro\/lexikon\/termek\/paulini-johann\/"},"modified":"2025-07-16T10:28:12","modified_gmt":"2025-07-16T08:28:12","slug":"paulini-johann","status":"publish","type":"product","link":"https:\/\/uj.adatbank.ro\/lexikon\/termek\/paulini-johann\/","title":{"rendered":"PAULINI, Johann"},"content":{"rendered":"<p>? \u2020\u00a0?: segesv\u00e1ri. \u2013 A j\u00e9nai egyetemen tanult. <br \/><strong>Irod.:<\/strong> R\u00e9v\u00e9sz Imre: A j\u00e9nai egyetemen tanult magyarok s erd\u00e9lyiek n\u00e9vsora 1550\u20131850. = M. t\u00f6rt. t\u00e1r 9.<\/br><\/p>\n","protected":false},"excerpt":{"rendered":"<p>? \u2020\u00a0?: segesv\u00e1ri. \u2013 A j\u00e9nai egyetemen tanult. Irod.: R\u00e9v\u00e9sz Imre: A j\u00e9nai egyetemen tanult magyarok s erd\u00e9lyiek n\u00e9vsora 1550\u20131850. = M. t\u00f6rt. t\u00e1r 9.<\/p>\n","protected":false},"featured_media":0,"comment_status":"open","ping_status":"closed","template":"","meta":[],"product_brand":[],"product_cat":[137],"product_tag":[],"class_list":{"0":"post-17794","1":"product","2":"type-product","3":"status-publish","5":"product_cat-maros-megyei-eletrajzi-lexikon","7":"first","8":"instock","9":"shipping-taxable","10":"product-type-simple"},"_links":{"self":[{"href":"https:\/\/uj.adatbank.ro\/lexikon\/wp-json\/wp\/v2\/product\/17794","targetHints":{"allow":["GET"]}}],"collection":[{"href":"https:\/\/uj.adatbank.ro\/lexikon\/wp-json\/wp\/v2\/product"}],"about":[{"href":"https:\/\/uj.adatbank.ro\/lexikon\/wp-json\/wp\/v2\/types\/product"}],"replies":[{"embeddable":true,"href":"https:\/\/uj.adatbank.ro\/lexikon\/wp-json\/wp\/v2\/comments?post=17794"}],"wp:attachment":[{"href":"https:\/\/uj.adatbank.ro\/lexikon\/wp-json\/wp\/v2\/media?parent=17794"}],"wp:term":[{"taxonomy":"product_brand","embeddable":true,"href":"https:\/\/uj.adatbank.ro\/lexikon\/wp-json\/wp\/v2\/product_brand?post=17794"},{"taxonomy":"product_cat","embeddable":true,"href":"https:\/\/uj.adatbank.ro\/lexikon\/wp-json\/wp\/v2\/product_cat?post=17794"},{"taxonomy":"product_tag","embeddable":true,"href":"https:\/\/uj.adatbank.ro\/lexikon\/wp-json\/wp\/v2\/product_tag?post=17794"}],"curies":[{"name":"wp","href":"https:\/\/api.w.org\/{rel}","templated":true}]}}