{"id":17797,"date":"2025-07-16T10:28:17","date_gmt":"2025-07-16T08:28:17","guid":{"rendered":"https:\/\/uj.adatbank.ro\/lexikon\/termek\/pauncz-bela\/"},"modified":"2025-07-16T10:28:17","modified_gmt":"2025-07-16T08:28:17","slug":"pauncz-bela","status":"publish","type":"product","link":"https:\/\/uj.adatbank.ro\/lexikon\/termek\/pauncz-bela\/","title":{"rendered":"PAUNCZ B\u00e9la"},"content":{"rendered":"<p>Mez\u0151z\u00e1h, 1898. j\u00fal. 27., \u2020 Szamos\u00fajv\u00e1r, 1963. k\u00f6nyvel\u0151.-Fels\u0151 kereskedelmi iskol\u00e1ban v\u00e9gzett. Katonai szolg\u00e1lat\u00e1t az osztr\u00e1k\u2013m. hadseregben alhadnagyk\u00e9nt t\u00f6lt\u00f6tte. Zsid\u00f3 nemzetis\u00e9g\u0171 tisztvisel\u0151. Munkahely\u00e9n, a munk\u00e1sok k\u00f6zt ellens\u00e9ges propagand\u00e1t fejtett ki a n\u00e9pi demokratikus rendszer ellen, r\u00e1galmazta a szocialista sajt\u00f3t, v\u00e1rta az \u00fajabb vh. kit\u00f6r\u00e9s\u00e9t, amely felsz\u00e1molja a szocialista t\u00e1bort, \u00e9s az orsz\u00e1gban visszavezeti a burzsoa \u2013 f\u00f6ldes\u00fari rendszert. Letart\u00f3ztatt\u00e1k \u00e9s \u00f6t \u00e9v b\u00f6rt\u00f6nre \u00edt\u00e9lt\u00e9k (1961. okt. 28.).- Letart\u00f3ztat\u00e1sakor (1961. nov. 28.), nyugd\u00edjask\u00e9nt a a mez\u0151z\u00e1hi t\u00e9glagy\u00e1rban dolgozott. A MAT Katonai \u00dcgy\u00e9szs\u00e9ge a t\u00e1rsadalmi rend elleni tev\u00e9kenys\u00e9g v\u00e1dj\u00e1val \u00e1ll\u00edtotta b\u00edr\u00f3s\u00e1g el\u00e9. A kv.-i Tratom\u00e1nyi Katonai B\u00edr\u00f3s\u00e1g 5 \u00e9vre \u00edt\u00e9lte. A szamos\u00fajv\u00e1ri b\u00f6rt\u00f6nben halt meg.-<br \/><strong>Irod.:<\/strong>1956 Erd\u00e9lyben; \u00c1ldozatok<\/br><\/p>\n","protected":false},"excerpt":{"rendered":"<p>Mez\u0151z\u00e1h, 1898. j\u00fal. 27., \u2020 Szamos\u00fajv\u00e1r, 1963. k\u00f6nyvel\u0151.-Fels\u0151 kereskedelmi iskol\u00e1ban v\u00e9gzett. Katonai szolg\u00e1lat\u00e1t az osztr\u00e1k\u2013m. hadseregben alhadnagyk\u00e9nt t\u00f6lt\u00f6tte. Zsid\u00f3 nemzetis\u00e9g\u0171 tisztvisel\u0151. Munkahely\u00e9n, a munk\u00e1sok k\u00f6zt ellens\u00e9ges propagand\u00e1t fejtett ki a n\u00e9pi demokratikus rendszer ellen, r\u00e1galmazta a szocialista sajt\u00f3t, v\u00e1rta az \u00fajabb vh. kit\u00f6r\u00e9s\u00e9t, amely felsz\u00e1molja a szocialista t\u00e1bort, \u00e9s az orsz\u00e1gban visszavezeti a burzsoa \u2013 [&hellip;]<\/p>\n","protected":false},"featured_media":0,"comment_status":"open","ping_status":"closed","template":"","meta":[],"product_brand":[],"product_cat":[137],"product_tag":[],"class_list":{"0":"post-17797","1":"product","2":"type-product","3":"status-publish","5":"product_cat-maros-megyei-eletrajzi-lexikon","7":"first","8":"instock","9":"shipping-taxable","10":"product-type-simple"},"_links":{"self":[{"href":"https:\/\/uj.adatbank.ro\/lexikon\/wp-json\/wp\/v2\/product\/17797","targetHints":{"allow":["GET"]}}],"collection":[{"href":"https:\/\/uj.adatbank.ro\/lexikon\/wp-json\/wp\/v2\/product"}],"about":[{"href":"https:\/\/uj.adatbank.ro\/lexikon\/wp-json\/wp\/v2\/types\/product"}],"replies":[{"embeddable":true,"href":"https:\/\/uj.adatbank.ro\/lexikon\/wp-json\/wp\/v2\/comments?post=17797"}],"wp:attachment":[{"href":"https:\/\/uj.adatbank.ro\/lexikon\/wp-json\/wp\/v2\/media?parent=17797"}],"wp:term":[{"taxonomy":"product_brand","embeddable":true,"href":"https:\/\/uj.adatbank.ro\/lexikon\/wp-json\/wp\/v2\/product_brand?post=17797"},{"taxonomy":"product_cat","embeddable":true,"href":"https:\/\/uj.adatbank.ro\/lexikon\/wp-json\/wp\/v2\/product_cat?post=17797"},{"taxonomy":"product_tag","embeddable":true,"href":"https:\/\/uj.adatbank.ro\/lexikon\/wp-json\/wp\/v2\/product_tag?post=17797"}],"curies":[{"name":"wp","href":"https:\/\/api.w.org\/{rel}","templated":true}]}}