{"id":17800,"date":"2025-07-16T10:28:26","date_gmt":"2025-07-16T08:28:26","guid":{"rendered":"https:\/\/uj.adatbank.ro\/lexikon\/termek\/pausinger-andor\/"},"modified":"2025-07-16T10:28:26","modified_gmt":"2025-07-16T08:28:26","slug":"pausinger-andor","status":"publish","type":"product","link":"https:\/\/uj.adatbank.ro\/lexikon\/termek\/pausinger-andor\/","title":{"rendered":"PAUSINGER Andor"},"content":{"rendered":"<p>G\u00f6rg\u00e9nyszentimre, 1899, \u2020\u00a0?: tisztvisel\u0151, irodaf\u0151tiszt.. \u2013 Mag\u00e1ntisztvisel\u0151 Sz\u00e1szr\u00e9genben. R\u00e9szt vett az I. vh.-ban (1917\u201318), az orosz \u00e9s az olasz fronton harcolt, olasz fogs\u00e1gba esett (1918\u201319), hadapr\u00f3d\u00f6rmesteri rangban kit\u00fcntet\u00e9ssel szerel le (1922) labdar\u00fag\u00f3 szerepl\u00e9s\u00e9t a sz\u00e9kesfeh\u00e9rv\u00e1ri TC ben kezdte, majd a sz\u00e1szr\u00e9geni Vikt\u00f3ria vezet\u0151s\u00e9gi tagja lett. Azut\u00e1n a Turul Sport Egyes\u00fclet vezet\u0151s\u00e9g\u00e9ben dolgozott. <br \/><strong>Irod.:<\/strong> Erd\u00e9lyi ezredek, Pluh\u00e1r<\/br><\/p>\n","protected":false},"excerpt":{"rendered":"<p>G\u00f6rg\u00e9nyszentimre, 1899, \u2020\u00a0?: tisztvisel\u0151, irodaf\u0151tiszt.. \u2013 Mag\u00e1ntisztvisel\u0151 Sz\u00e1szr\u00e9genben. R\u00e9szt vett az I. vh.-ban (1917\u201318), az orosz \u00e9s az olasz fronton harcolt, olasz fogs\u00e1gba esett (1918\u201319), hadapr\u00f3d\u00f6rmesteri rangban kit\u00fcntet\u00e9ssel szerel le (1922) labdar\u00fag\u00f3 szerepl\u00e9s\u00e9t a sz\u00e9kesfeh\u00e9rv\u00e1ri TC ben kezdte, majd a sz\u00e1szr\u00e9geni Vikt\u00f3ria vezet\u0151s\u00e9gi tagja lett. Azut\u00e1n a Turul Sport Egyes\u00fclet vezet\u0151s\u00e9g\u00e9ben dolgozott. Irod.: Erd\u00e9lyi ezredek, [&hellip;]<\/p>\n","protected":false},"featured_media":0,"comment_status":"open","ping_status":"closed","template":"","meta":[],"product_brand":[],"product_cat":[137],"product_tag":[],"class_list":{"0":"post-17800","1":"product","2":"type-product","3":"status-publish","5":"product_cat-maros-megyei-eletrajzi-lexikon","7":"first","8":"instock","9":"shipping-taxable","10":"product-type-simple"},"_links":{"self":[{"href":"https:\/\/uj.adatbank.ro\/lexikon\/wp-json\/wp\/v2\/product\/17800","targetHints":{"allow":["GET"]}}],"collection":[{"href":"https:\/\/uj.adatbank.ro\/lexikon\/wp-json\/wp\/v2\/product"}],"about":[{"href":"https:\/\/uj.adatbank.ro\/lexikon\/wp-json\/wp\/v2\/types\/product"}],"replies":[{"embeddable":true,"href":"https:\/\/uj.adatbank.ro\/lexikon\/wp-json\/wp\/v2\/comments?post=17800"}],"wp:attachment":[{"href":"https:\/\/uj.adatbank.ro\/lexikon\/wp-json\/wp\/v2\/media?parent=17800"}],"wp:term":[{"taxonomy":"product_brand","embeddable":true,"href":"https:\/\/uj.adatbank.ro\/lexikon\/wp-json\/wp\/v2\/product_brand?post=17800"},{"taxonomy":"product_cat","embeddable":true,"href":"https:\/\/uj.adatbank.ro\/lexikon\/wp-json\/wp\/v2\/product_cat?post=17800"},{"taxonomy":"product_tag","embeddable":true,"href":"https:\/\/uj.adatbank.ro\/lexikon\/wp-json\/wp\/v2\/product_tag?post=17800"}],"curies":[{"name":"wp","href":"https:\/\/api.w.org\/{rel}","templated":true}]}}