{"id":17801,"date":"2025-07-16T10:28:29","date_gmt":"2025-07-16T08:28:29","guid":{"rendered":"https:\/\/uj.adatbank.ro\/lexikon\/termek\/pausinger-jozsef\/"},"modified":"2025-07-16T10:28:29","modified_gmt":"2025-07-16T08:28:29","slug":"pausinger-jozsef","status":"publish","type":"product","link":"https:\/\/uj.adatbank.ro\/lexikon\/termek\/pausinger-jozsef\/","title":{"rendered":"PAUSINGER J\u00f3zsef"},"content":{"rendered":"<p>Frankenburg, 1829. m\u00e1rc. 19., \u2020\u00a0G\u00f6rg\u00e9nyszentimre, 1894. m\u00e1rc. 25.: erd\u00e9szm\u00e9rn\u00f6k, erd\u0151rendez\u0151, szak\u00edr\u00f3. \u2013 A mariabrunni erd\u0151akad\u00e9mi\u00e1n tanult, hallgat\u00f3 kor\u00e1ban r\u00e9szt vett a b\u00e9csi forradalomban (1848), erd\u00e9szeti \u00e1llamvizsg\u00e1t tett Innsbruckban (1852). Erd\u00e9szeti szolg\u00e1latba \u00e1llt (1850\u2013), Magyaro.-ra ker\u00fclt, Lipt\u00f3\u00fajv\u00e1ron m\u0171k\u00f6d\u00f6tt mint erd\u0151becsl\u0151 \u00e9s erd\u0151m\u00e9rn\u00f6k (1856), Baden \u00e9s W\u00fcrtenbergben tanulm\u00e1nyozta a tutajoz\u00e1st, majd Kv.-ra nevezt\u00e9k ki erd\u0151rendez\u0151v\u00e9 \u00e9s erd\u0151m\u00e9rn\u00f6kk\u00e9 (1870\u201381). A korm\u00e1nyt\u00f3l utas\u00edt\u00e1st kapott az \u00f3ri\u00e1stutajoz\u00e1s megszervez\u00e9s\u00e9re (1871), megval\u00f3s\u00edt\u00e1s\u00e1hoz a G\u00f6rg\u00e9ny-v\u00f6lgyben jelent\u0151s \u00e9p\u00edtkez\u00e9seket kellett v\u00e9grehajtani, a Fekete-erd\u0151b\u0151l hozott b\u00e1deni munk\u00e1sokat a tutajoz\u00e1s megtan\u00edt\u00e1s\u00e1ra. G\u00f6rg\u00e9nyben, mint mocs\u00e1ri erd\u0151gondnok vad\u00e1szatok szervez\u00e9s\u00e9vel \u00e9s nagyobb kiterjed\u00e9s\u0171 t\u00f6lgyerd\u0151s\u00edt\u00e9sekkel foglalkozott (1882\u2013). Rudolf tr\u00f3n\u00f6r\u00f6k\u00f6s f\u0151vad\u00e1szmestere volt. K\u00f6zrem\u0171k\u00f6d\u00e9s\u00e9vel, utols\u00f3 m\u0171vek\u00e9nt, a Rudolf tron\u00f6r\u00f6k\u00f6snek \u00e9p\u00edtett g\u00f6rg\u00e9nyi vad\u00e1szkast\u00e9lyt, Rudolf hal\u00e1la ut\u00e1n, erd\u0151\u0151ri szakiskol\u00e1v\u00e1 alak\u00edtott\u00e1k \u00e1t. Az erd\u00e9szet, k\u00fcl\u00f6n\u00f6sen a v\u00edz\u00e9p\u00edt\u00e9szet, erd\u0151rendez\u00e9s \u00e9s erd\u0151s\u00edt\u00e9s ter\u00e9n alkotott maradand\u00f3t. Szakcikkeit az Erd\u00e9szeti Lapok k\u00f6zli, pl. A g\u00f6rg\u00e9nyi kincst\u00e1ri erd\u0151k gazdas\u00e1gi viszonyainak la\u00edr\u00e1sa (1885). A kir\u00e1ly a Ferencz-J\u00f3zsef-rend lovagkeresztj\u00e9vel t\u00fcntette ki (1883). \u2013 <strong>F. m.:<\/strong> Az\u00a0\u00e1llami erd\u0151rendez\u00e9s szervezete (1874); V\u00e1lasz a lajth\u00e1ntuli ki\u00e1ll\u00edt\u00e1si tanulm\u00e1nyokban foglalt erd\u00e9szeti t\u00e9ved\u00e9sekre (1874); V\u00e1g\u00e1sok sorrendje (1875); Feny\u0151erdeink feluj\u00edt\u00e1s\u00e1r\u00f3l; A szokolov\u00e1ci erdei vasp\u00e1lya; A f\u00fclesbagoly is ragadoz\u00f3; A v\u00f6r\u00f6sfeny\u0151r\u0151l.(1876); A g\u00f6rg\u00e9nyi kincst\u00e1ri erd\u0151k gazdas\u00e1gi viszonyair\u00f3l (1885). <br \/><strong>Irod.:<\/strong> K\u00e1d\u00e1r \u2013 P\u00e1l-Antal; K\u00e1d\u00e1r Zsombor: Szakmai sikerekben gazdag erd\u00e9szp\u00e1lya = K\u00e1d\u00e1r Zsombor: Sz\u00e9kelyf\u00f6ldi erd\u00e9szeti arck\u00e9pcsarnok (Bp., 1999); K\u00e1d\u00e1r Zsombor: A g\u00f6rg\u00e9nyszentimrei erd\u00e9szeti oktat\u00e1s els\u0151 \u00e9vtizedei (N\u00fa., 1990. okt. 26.; ); P.J. [Nekrol\u00f3g] (Erd\u00e9szeti Lapok, 1894. m\u00e1j.); Pallas; Szinnyei<\/br><\/p>\n","protected":false},"excerpt":{"rendered":"<p>Frankenburg, 1829. m\u00e1rc. 19., \u2020\u00a0G\u00f6rg\u00e9nyszentimre, 1894. m\u00e1rc. 25.: erd\u00e9szm\u00e9rn\u00f6k, erd\u0151rendez\u0151, szak\u00edr\u00f3. \u2013 A mariabrunni erd\u0151akad\u00e9mi\u00e1n tanult, hallgat\u00f3 kor\u00e1ban r\u00e9szt vett a b\u00e9csi forradalomban (1848), erd\u00e9szeti \u00e1llamvizsg\u00e1t tett Innsbruckban (1852). Erd\u00e9szeti szolg\u00e1latba \u00e1llt (1850\u2013), Magyaro.-ra ker\u00fclt, Lipt\u00f3\u00fajv\u00e1ron m\u0171k\u00f6d\u00f6tt mint erd\u0151becsl\u0151 \u00e9s erd\u0151m\u00e9rn\u00f6k (1856), Baden \u00e9s W\u00fcrtenbergben tanulm\u00e1nyozta a tutajoz\u00e1st, majd Kv.-ra nevezt\u00e9k ki erd\u0151rendez\u0151v\u00e9 \u00e9s erd\u0151m\u00e9rn\u00f6kk\u00e9 [&hellip;]<\/p>\n","protected":false},"featured_media":0,"comment_status":"open","ping_status":"closed","template":"","meta":[],"product_brand":[],"product_cat":[137],"product_tag":[],"class_list":{"0":"post-17801","1":"product","2":"type-product","3":"status-publish","5":"product_cat-maros-megyei-eletrajzi-lexikon","7":"first","8":"instock","9":"shipping-taxable","10":"product-type-simple"},"_links":{"self":[{"href":"https:\/\/uj.adatbank.ro\/lexikon\/wp-json\/wp\/v2\/product\/17801","targetHints":{"allow":["GET"]}}],"collection":[{"href":"https:\/\/uj.adatbank.ro\/lexikon\/wp-json\/wp\/v2\/product"}],"about":[{"href":"https:\/\/uj.adatbank.ro\/lexikon\/wp-json\/wp\/v2\/types\/product"}],"replies":[{"embeddable":true,"href":"https:\/\/uj.adatbank.ro\/lexikon\/wp-json\/wp\/v2\/comments?post=17801"}],"wp:attachment":[{"href":"https:\/\/uj.adatbank.ro\/lexikon\/wp-json\/wp\/v2\/media?parent=17801"}],"wp:term":[{"taxonomy":"product_brand","embeddable":true,"href":"https:\/\/uj.adatbank.ro\/lexikon\/wp-json\/wp\/v2\/product_brand?post=17801"},{"taxonomy":"product_cat","embeddable":true,"href":"https:\/\/uj.adatbank.ro\/lexikon\/wp-json\/wp\/v2\/product_cat?post=17801"},{"taxonomy":"product_tag","embeddable":true,"href":"https:\/\/uj.adatbank.ro\/lexikon\/wp-json\/wp\/v2\/product_tag?post=17801"}],"curies":[{"name":"wp","href":"https:\/\/api.w.org\/{rel}","templated":true}]}}