{"id":17802,"date":"2025-07-16T10:28:33","date_gmt":"2025-07-16T08:28:33","guid":{"rendered":"https:\/\/uj.adatbank.ro\/lexikon\/termek\/pausinger-karoly\/"},"modified":"2025-07-16T10:28:33","modified_gmt":"2025-07-16T08:28:33","slug":"pausinger-karoly","status":"publish","type":"product","link":"https:\/\/uj.adatbank.ro\/lexikon\/termek\/pausinger-karoly\/","title":{"rendered":"PAUSINGER K\u00e1roly"},"content":{"rendered":"<p>? \u2020\u00a0?: vad\u00e1sz. \u2013 G\u00f6rg\u00e9nyszentimrei erd\u00e9szeti tisztvisel\u0151, Rudolf tr\u00f3n\u00f6r\u00f6k\u00f6s vad\u00e1szmestere. L\u00e1nya Ilona a Kult\u00farpalota k\u00f6nyvt\u00e1r\u00e1nak adom\u00e1nyozta a f\u0151herceg egyik level\u00e9t (1920).. <br \/><strong>Irod.:<\/strong> Bed\u0151 Albert: A magyar \u00e1llam erd\u0151s\u00e9geinek gazdas\u00e1gi \u00e9s kereskedelmi le\u00edr\u00e1sa (Bp., 1896); Czak\u00f3 Elem\u00e9r: Mo. a Wieni els\u0151 Nemzetk\u00f6zi Vad\u00e1szati Ki\u00e1ll\u00edt\u00e1son (Bp., 1910); Id\u0151t\u00e1r 3<\/br><\/p>\n","protected":false},"excerpt":{"rendered":"<p>? \u2020\u00a0?: vad\u00e1sz. \u2013 G\u00f6rg\u00e9nyszentimrei erd\u00e9szeti tisztvisel\u0151, Rudolf tr\u00f3n\u00f6r\u00f6k\u00f6s vad\u00e1szmestere. L\u00e1nya Ilona a Kult\u00farpalota k\u00f6nyvt\u00e1r\u00e1nak adom\u00e1nyozta a f\u0151herceg egyik level\u00e9t (1920).. Irod.: Bed\u0151 Albert: A magyar \u00e1llam erd\u0151s\u00e9geinek gazdas\u00e1gi \u00e9s kereskedelmi le\u00edr\u00e1sa (Bp., 1896); Czak\u00f3 Elem\u00e9r: Mo. a Wieni els\u0151 Nemzetk\u00f6zi Vad\u00e1szati Ki\u00e1ll\u00edt\u00e1son (Bp., 1910); Id\u0151t\u00e1r 3<\/p>\n","protected":false},"featured_media":0,"comment_status":"open","ping_status":"closed","template":"","meta":[],"product_brand":[],"product_cat":[137],"product_tag":[],"class_list":{"0":"post-17802","1":"product","2":"type-product","3":"status-publish","5":"product_cat-maros-megyei-eletrajzi-lexikon","7":"first","8":"instock","9":"shipping-taxable","10":"product-type-simple"},"_links":{"self":[{"href":"https:\/\/uj.adatbank.ro\/lexikon\/wp-json\/wp\/v2\/product\/17802","targetHints":{"allow":["GET"]}}],"collection":[{"href":"https:\/\/uj.adatbank.ro\/lexikon\/wp-json\/wp\/v2\/product"}],"about":[{"href":"https:\/\/uj.adatbank.ro\/lexikon\/wp-json\/wp\/v2\/types\/product"}],"replies":[{"embeddable":true,"href":"https:\/\/uj.adatbank.ro\/lexikon\/wp-json\/wp\/v2\/comments?post=17802"}],"wp:attachment":[{"href":"https:\/\/uj.adatbank.ro\/lexikon\/wp-json\/wp\/v2\/media?parent=17802"}],"wp:term":[{"taxonomy":"product_brand","embeddable":true,"href":"https:\/\/uj.adatbank.ro\/lexikon\/wp-json\/wp\/v2\/product_brand?post=17802"},{"taxonomy":"product_cat","embeddable":true,"href":"https:\/\/uj.adatbank.ro\/lexikon\/wp-json\/wp\/v2\/product_cat?post=17802"},{"taxonomy":"product_tag","embeddable":true,"href":"https:\/\/uj.adatbank.ro\/lexikon\/wp-json\/wp\/v2\/product_tag?post=17802"}],"curies":[{"name":"wp","href":"https:\/\/api.w.org\/{rel}","templated":true}]}}