{"id":17806,"date":"2025-07-16T10:28:39","date_gmt":"2025-07-16T08:28:39","guid":{"rendered":"https:\/\/uj.adatbank.ro\/lexikon\/termek\/pavai-matyas-samuel-samsondi\/"},"modified":"2025-07-16T10:28:39","modified_gmt":"2025-07-16T08:28:39","slug":"pavai-matyas-samuel-samsondi","status":"publish","type":"product","link":"https:\/\/uj.adatbank.ro\/lexikon\/termek\/pavai-matyas-samuel-samsondi\/","title":{"rendered":"PAVAI M\u00e1ty\u00e1s, S\u00e1muel, s\u00e1msondi"},"content":{"rendered":"<p>? \u2020\u00a01827 : \u00fcgyv\u00e9d. \u2013 Feles\u00e9ge: homor\u00f3dszentp\u00e1li Szentp\u00e1li \u00c9va, \u00f6zv. (1827). Le\u00e1nyuk: Zsuzsanna (1810-Kv., 1827. aug. 19.). A polg\u00e1ri hitet mint nemesember taxa n\u00e9lk\u00fcl tette le Mv.-en (1807. aug. 18.). \u2013 Irod\u00a0: Kr\u00f3n. F\u00fcz. (1939. 4\/7); Lev\u00e9lt\u00e1ri gy\u00e1szj.; P\u00e1l-Antal 2006<\/br><\/p>\n","protected":false},"excerpt":{"rendered":"<p>? \u2020\u00a01827 : \u00fcgyv\u00e9d. \u2013 Feles\u00e9ge: homor\u00f3dszentp\u00e1li Szentp\u00e1li \u00c9va, \u00f6zv. (1827). Le\u00e1nyuk: Zsuzsanna (1810-Kv., 1827. aug. 19.). A polg\u00e1ri hitet mint nemesember taxa n\u00e9lk\u00fcl tette le Mv.-en (1807. aug. 18.). \u2013 Irod\u00a0: Kr\u00f3n. F\u00fcz. (1939. 4\/7); Lev\u00e9lt\u00e1ri gy\u00e1szj.; P\u00e1l-Antal 2006<\/p>\n","protected":false},"featured_media":0,"comment_status":"open","ping_status":"closed","template":"","meta":[],"product_brand":[],"product_cat":[137],"product_tag":[],"class_list":{"0":"post-17806","1":"product","2":"type-product","3":"status-publish","5":"product_cat-maros-megyei-eletrajzi-lexikon","7":"first","8":"instock","9":"shipping-taxable","10":"product-type-simple"},"_links":{"self":[{"href":"https:\/\/uj.adatbank.ro\/lexikon\/wp-json\/wp\/v2\/product\/17806","targetHints":{"allow":["GET"]}}],"collection":[{"href":"https:\/\/uj.adatbank.ro\/lexikon\/wp-json\/wp\/v2\/product"}],"about":[{"href":"https:\/\/uj.adatbank.ro\/lexikon\/wp-json\/wp\/v2\/types\/product"}],"replies":[{"embeddable":true,"href":"https:\/\/uj.adatbank.ro\/lexikon\/wp-json\/wp\/v2\/comments?post=17806"}],"wp:attachment":[{"href":"https:\/\/uj.adatbank.ro\/lexikon\/wp-json\/wp\/v2\/media?parent=17806"}],"wp:term":[{"taxonomy":"product_brand","embeddable":true,"href":"https:\/\/uj.adatbank.ro\/lexikon\/wp-json\/wp\/v2\/product_brand?post=17806"},{"taxonomy":"product_cat","embeddable":true,"href":"https:\/\/uj.adatbank.ro\/lexikon\/wp-json\/wp\/v2\/product_cat?post=17806"},{"taxonomy":"product_tag","embeddable":true,"href":"https:\/\/uj.adatbank.ro\/lexikon\/wp-json\/wp\/v2\/product_tag?post=17806"}],"curies":[{"name":"wp","href":"https:\/\/api.w.org\/{rel}","templated":true}]}}