{"id":17809,"date":"2025-07-16T10:28:47","date_gmt":"2025-07-16T08:28:47","guid":{"rendered":"https:\/\/uj.adatbank.ro\/lexikon\/termek\/pavai-miklos\/"},"modified":"2025-07-16T10:28:47","modified_gmt":"2025-07-16T08:28:47","slug":"pavai-miklos","status":"publish","type":"product","link":"https:\/\/uj.adatbank.ro\/lexikon\/termek\/pavai-miklos\/","title":{"rendered":"P\u00c1VAI Mikl\u00f3s"},"content":{"rendered":"<p>? \u2020\u00a0?: ref. lelk\u00e9sz. \u2013 Sz\u00e1szv\u00e1roson subscrib\u00e1lt (1713), majd Nagyenyeden (1714). Lelk\u00e9sz volt D\u00e1ny\u00e1nban (1738\u201345), Magyardell\u0151n (1746\u201351) \u00e9s Marosugr\u00e1n (1752\u201356). <br \/><strong>Irod.:<\/strong> K\u00fck\u00fcll\u0151i Ref. Egyh\u00e1zm.1., 3., 4.<\/br><\/p>\n","protected":false},"excerpt":{"rendered":"<p>? \u2020\u00a0?: ref. lelk\u00e9sz. \u2013 Sz\u00e1szv\u00e1roson subscrib\u00e1lt (1713), majd Nagyenyeden (1714). Lelk\u00e9sz volt D\u00e1ny\u00e1nban (1738\u201345), Magyardell\u0151n (1746\u201351) \u00e9s Marosugr\u00e1n (1752\u201356). Irod.: K\u00fck\u00fcll\u0151i Ref. Egyh\u00e1zm.1., 3., 4.<\/p>\n","protected":false},"featured_media":0,"comment_status":"open","ping_status":"closed","template":"","meta":[],"product_brand":[],"product_cat":[137],"product_tag":[],"class_list":{"0":"post-17809","1":"product","2":"type-product","3":"status-publish","5":"product_cat-maros-megyei-eletrajzi-lexikon","7":"first","8":"instock","9":"shipping-taxable","10":"product-type-simple"},"_links":{"self":[{"href":"https:\/\/uj.adatbank.ro\/lexikon\/wp-json\/wp\/v2\/product\/17809","targetHints":{"allow":["GET"]}}],"collection":[{"href":"https:\/\/uj.adatbank.ro\/lexikon\/wp-json\/wp\/v2\/product"}],"about":[{"href":"https:\/\/uj.adatbank.ro\/lexikon\/wp-json\/wp\/v2\/types\/product"}],"replies":[{"embeddable":true,"href":"https:\/\/uj.adatbank.ro\/lexikon\/wp-json\/wp\/v2\/comments?post=17809"}],"wp:attachment":[{"href":"https:\/\/uj.adatbank.ro\/lexikon\/wp-json\/wp\/v2\/media?parent=17809"}],"wp:term":[{"taxonomy":"product_brand","embeddable":true,"href":"https:\/\/uj.adatbank.ro\/lexikon\/wp-json\/wp\/v2\/product_brand?post=17809"},{"taxonomy":"product_cat","embeddable":true,"href":"https:\/\/uj.adatbank.ro\/lexikon\/wp-json\/wp\/v2\/product_cat?post=17809"},{"taxonomy":"product_tag","embeddable":true,"href":"https:\/\/uj.adatbank.ro\/lexikon\/wp-json\/wp\/v2\/product_tag?post=17809"}],"curies":[{"name":"wp","href":"https:\/\/api.w.org\/{rel}","templated":true}]}}