{"id":1781,"date":"2025-06-28T11:52:58","date_gmt":"2025-06-28T09:52:58","guid":{"rendered":"https:\/\/uj.adatbank.ro\/lexikon\/termek\/almasi-janos\/"},"modified":"2025-06-28T11:52:58","modified_gmt":"2025-06-28T09:52:58","slug":"almasi-janos","status":"publish","type":"product","link":"https:\/\/uj.adatbank.ro\/lexikon\/termek\/almasi-janos\/","title":{"rendered":"ALM\u00c1SI J\u00e1nos"},"content":{"rendered":"<p>? \u2020 Bonyha, 1655.: ref. lelk\u00e9sz. \u2013 Bonyh\u00e1n volt lelk\u00e9sz, \u00e9s k\u00e9t \u00edzben volt vizit\u00e1ci\u00f3 n\u00e1la (1653. dec. 11.; 1655. nov. 3.). <br \/><strong>Irod.:<\/strong> Bonyha \u00e9s egyh\u00e1za; Koncz 1879; K\u00fck\u00fcll\u0151i Ref. Egyh\u00e1zm.1.<\/br><\/p>\n","protected":false},"excerpt":{"rendered":"<p>? \u2020 Bonyha, 1655.: ref. lelk\u00e9sz. \u2013 Bonyh\u00e1n volt lelk\u00e9sz, \u00e9s k\u00e9t \u00edzben volt vizit\u00e1ci\u00f3 n\u00e1la (1653. dec. 11.; 1655. nov. 3.). Irod.: Bonyha \u00e9s egyh\u00e1za; Koncz 1879; K\u00fck\u00fcll\u0151i Ref. Egyh\u00e1zm.1.<\/p>\n","protected":false},"featured_media":0,"comment_status":"open","ping_status":"closed","template":"","meta":[],"product_brand":[],"product_cat":[137],"product_tag":[],"class_list":{"0":"post-1781","1":"product","2":"type-product","3":"status-publish","5":"product_cat-maros-megyei-eletrajzi-lexikon","7":"first","8":"instock","9":"shipping-taxable","10":"product-type-simple"},"_links":{"self":[{"href":"https:\/\/uj.adatbank.ro\/lexikon\/wp-json\/wp\/v2\/product\/1781","targetHints":{"allow":["GET"]}}],"collection":[{"href":"https:\/\/uj.adatbank.ro\/lexikon\/wp-json\/wp\/v2\/product"}],"about":[{"href":"https:\/\/uj.adatbank.ro\/lexikon\/wp-json\/wp\/v2\/types\/product"}],"replies":[{"embeddable":true,"href":"https:\/\/uj.adatbank.ro\/lexikon\/wp-json\/wp\/v2\/comments?post=1781"}],"wp:attachment":[{"href":"https:\/\/uj.adatbank.ro\/lexikon\/wp-json\/wp\/v2\/media?parent=1781"}],"wp:term":[{"taxonomy":"product_brand","embeddable":true,"href":"https:\/\/uj.adatbank.ro\/lexikon\/wp-json\/wp\/v2\/product_brand?post=1781"},{"taxonomy":"product_cat","embeddable":true,"href":"https:\/\/uj.adatbank.ro\/lexikon\/wp-json\/wp\/v2\/product_cat?post=1781"},{"taxonomy":"product_tag","embeddable":true,"href":"https:\/\/uj.adatbank.ro\/lexikon\/wp-json\/wp\/v2\/product_tag?post=1781"}],"curies":[{"name":"wp","href":"https:\/\/api.w.org\/{rel}","templated":true}]}}