{"id":17813,"date":"2025-07-16T10:28:56","date_gmt":"2025-07-16T08:28:56","guid":{"rendered":"https:\/\/uj.adatbank.ro\/lexikon\/termek\/pavai-zoltan-dr\/"},"modified":"2025-07-16T10:28:56","modified_gmt":"2025-07-16T08:28:56","slug":"pavai-zoltan-dr","status":"publish","type":"product","link":"https:\/\/uj.adatbank.ro\/lexikon\/termek\/pavai-zoltan-dr\/","title":{"rendered":"P\u00c1VAI Zolt\u00e1n, dr."},"content":{"rendered":"<p>D\u00e9s, 1966.\u2020\u00a0Mv., 2020: orvos. \u2013 Aradon \u00e9retts\u00e9gizett. A MOGYI \u00e1ltal\u00e1nos orvosi kar\u00e1n v\u00e9gzett (1991). Egyetemi gyakornok az Anat\u00f3mia katedr\u00e1n (1992\u2013), patol\u00f3gus szakorvos (1995\u2013), tan\u00e1rseg\u00e9d (1995\u20131999) \u00e9s megv\u00e9dte a doktori disszert\u00e1ci\u00f3j\u00e1t.Adjunktus (- 2003), el\u0151ad\u00f3tan\u00e1r (2003\u20132007), egyetemi tan\u00e1r az Anat\u00f3mi\u00e1n (2007\u2013), doktor\u00e1tusvezet\u0151 (2008\u2013). Az EME tev\u00e9kenys\u00e9g\u00e9hez is kapcsol\u00f3dott a Nemzetk\u00f6zi Help Alap\u00edtv\u00e1ny d\u00edj\u00e1val jutalmazt\u00e1k.\u00d6szt\u00f6nd\u00edjas kutat\u00f3k\u00e9nt k\u00fclf\u00f6ld\u00f6n is dolgozott. <br \/><strong>Irod.:<\/strong> Kiss Cs. M 4.<\/br><\/p>\n","protected":false},"excerpt":{"rendered":"<p>D\u00e9s, 1966.\u2020\u00a0Mv., 2020: orvos. \u2013 Aradon \u00e9retts\u00e9gizett. A MOGYI \u00e1ltal\u00e1nos orvosi kar\u00e1n v\u00e9gzett (1991). Egyetemi gyakornok az Anat\u00f3mia katedr\u00e1n (1992\u2013), patol\u00f3gus szakorvos (1995\u2013), tan\u00e1rseg\u00e9d (1995\u20131999) \u00e9s megv\u00e9dte a doktori disszert\u00e1ci\u00f3j\u00e1t.Adjunktus (- 2003), el\u0151ad\u00f3tan\u00e1r (2003\u20132007), egyetemi tan\u00e1r az Anat\u00f3mi\u00e1n (2007\u2013), doktor\u00e1tusvezet\u0151 (2008\u2013). Az EME tev\u00e9kenys\u00e9g\u00e9hez is kapcsol\u00f3dott a Nemzetk\u00f6zi Help Alap\u00edtv\u00e1ny d\u00edj\u00e1val jutalmazt\u00e1k.\u00d6szt\u00f6nd\u00edjas kutat\u00f3k\u00e9nt k\u00fclf\u00f6ld\u00f6n is [&hellip;]<\/p>\n","protected":false},"featured_media":0,"comment_status":"open","ping_status":"closed","template":"","meta":[],"product_brand":[],"product_cat":[137],"product_tag":[],"class_list":{"0":"post-17813","1":"product","2":"type-product","3":"status-publish","5":"product_cat-maros-megyei-eletrajzi-lexikon","7":"first","8":"instock","9":"shipping-taxable","10":"product-type-simple"},"_links":{"self":[{"href":"https:\/\/uj.adatbank.ro\/lexikon\/wp-json\/wp\/v2\/product\/17813","targetHints":{"allow":["GET"]}}],"collection":[{"href":"https:\/\/uj.adatbank.ro\/lexikon\/wp-json\/wp\/v2\/product"}],"about":[{"href":"https:\/\/uj.adatbank.ro\/lexikon\/wp-json\/wp\/v2\/types\/product"}],"replies":[{"embeddable":true,"href":"https:\/\/uj.adatbank.ro\/lexikon\/wp-json\/wp\/v2\/comments?post=17813"}],"wp:attachment":[{"href":"https:\/\/uj.adatbank.ro\/lexikon\/wp-json\/wp\/v2\/media?parent=17813"}],"wp:term":[{"taxonomy":"product_brand","embeddable":true,"href":"https:\/\/uj.adatbank.ro\/lexikon\/wp-json\/wp\/v2\/product_brand?post=17813"},{"taxonomy":"product_cat","embeddable":true,"href":"https:\/\/uj.adatbank.ro\/lexikon\/wp-json\/wp\/v2\/product_cat?post=17813"},{"taxonomy":"product_tag","embeddable":true,"href":"https:\/\/uj.adatbank.ro\/lexikon\/wp-json\/wp\/v2\/product_tag?post=17813"}],"curies":[{"name":"wp","href":"https:\/\/api.w.org\/{rel}","templated":true}]}}