{"id":17816,"date":"2025-07-16T10:29:02","date_gmt":"2025-07-16T08:29:02","guid":{"rendered":"https:\/\/uj.adatbank.ro\/lexikon\/termek\/pavel-janos\/"},"modified":"2025-07-16T10:29:02","modified_gmt":"2025-07-16T08:29:02","slug":"pavel-janos","status":"publish","type":"product","link":"https:\/\/uj.adatbank.ro\/lexikon\/termek\/pavel-janos\/","title":{"rendered":"P\u00c1VEL J\u00e1nos"},"content":{"rendered":"<p>? \u2020\u00a0?:\u00a0?. \u2013 <strong>F. m.:<\/strong> A Mez\u0151s\u00e9g lepkefaun\u00e1ja (\u00a0?). <br \/><strong>Irod.:<\/strong> A magyar \u00e1llatani irodalom ismertet\u00e9se (Bp., 1891\u20131903)<\/br><\/p>\n","protected":false},"excerpt":{"rendered":"<p>? \u2020\u00a0?:\u00a0?. \u2013 F. m.: A Mez\u0151s\u00e9g lepkefaun\u00e1ja (\u00a0?). Irod.: A magyar \u00e1llatani irodalom ismertet\u00e9se (Bp., 1891\u20131903)<\/p>\n","protected":false},"featured_media":0,"comment_status":"open","ping_status":"closed","template":"","meta":[],"product_brand":[],"product_cat":[137],"product_tag":[],"class_list":{"0":"post-17816","1":"product","2":"type-product","3":"status-publish","5":"product_cat-maros-megyei-eletrajzi-lexikon","7":"first","8":"instock","9":"shipping-taxable","10":"product-type-simple"},"_links":{"self":[{"href":"https:\/\/uj.adatbank.ro\/lexikon\/wp-json\/wp\/v2\/product\/17816","targetHints":{"allow":["GET"]}}],"collection":[{"href":"https:\/\/uj.adatbank.ro\/lexikon\/wp-json\/wp\/v2\/product"}],"about":[{"href":"https:\/\/uj.adatbank.ro\/lexikon\/wp-json\/wp\/v2\/types\/product"}],"replies":[{"embeddable":true,"href":"https:\/\/uj.adatbank.ro\/lexikon\/wp-json\/wp\/v2\/comments?post=17816"}],"wp:attachment":[{"href":"https:\/\/uj.adatbank.ro\/lexikon\/wp-json\/wp\/v2\/media?parent=17816"}],"wp:term":[{"taxonomy":"product_brand","embeddable":true,"href":"https:\/\/uj.adatbank.ro\/lexikon\/wp-json\/wp\/v2\/product_brand?post=17816"},{"taxonomy":"product_cat","embeddable":true,"href":"https:\/\/uj.adatbank.ro\/lexikon\/wp-json\/wp\/v2\/product_cat?post=17816"},{"taxonomy":"product_tag","embeddable":true,"href":"https:\/\/uj.adatbank.ro\/lexikon\/wp-json\/wp\/v2\/product_tag?post=17816"}],"curies":[{"name":"wp","href":"https:\/\/api.w.org\/{rel}","templated":true}]}}