{"id":17818,"date":"2025-07-16T10:29:08","date_gmt":"2025-07-16T08:29:08","guid":{"rendered":"https:\/\/uj.adatbank.ro\/lexikon\/termek\/paxino-mihai\/"},"modified":"2025-07-16T10:29:08","modified_gmt":"2025-07-16T08:29:08","slug":"paxino-mihai","status":"publish","type":"product","link":"https:\/\/uj.adatbank.ro\/lexikon\/termek\/paxino-mihai\/","title":{"rendered":"PAXINO Mihai"},"content":{"rendered":"<p>? \u2020 ?: rendez\u0151 \u00e9s d\u00edszlettervez\u0151. \u2013 A Mv. \u00c1llami Sz\u00ednh\u00e1z rom\u00e1n tagozat\u00e1n m\u0171k\u00f6d\u00f6tt (1962\u20131963). Elt\u00e1vozott Franciaorsz\u00e1gba (1963).- <strong>F. r.:<\/strong>: M.Sebastian: Jocul de-a vacan\u0163a. <br \/><strong>Irod.:<\/strong> Fodor Zeno<\/br><\/p>\n","protected":false},"excerpt":{"rendered":"<p>? \u2020 ?: rendez\u0151 \u00e9s d\u00edszlettervez\u0151. \u2013 A Mv. \u00c1llami Sz\u00ednh\u00e1z rom\u00e1n tagozat\u00e1n m\u0171k\u00f6d\u00f6tt (1962\u20131963). Elt\u00e1vozott Franciaorsz\u00e1gba (1963).- F. r.:: M.Sebastian: Jocul de-a vacan\u0163a. Irod.: Fodor Zeno<\/p>\n","protected":false},"featured_media":0,"comment_status":"open","ping_status":"closed","template":"","meta":[],"product_brand":[],"product_cat":[137],"product_tag":[],"class_list":{"0":"post-17818","1":"product","2":"type-product","3":"status-publish","5":"product_cat-maros-megyei-eletrajzi-lexikon","7":"first","8":"instock","9":"shipping-taxable","10":"product-type-simple"},"_links":{"self":[{"href":"https:\/\/uj.adatbank.ro\/lexikon\/wp-json\/wp\/v2\/product\/17818","targetHints":{"allow":["GET"]}}],"collection":[{"href":"https:\/\/uj.adatbank.ro\/lexikon\/wp-json\/wp\/v2\/product"}],"about":[{"href":"https:\/\/uj.adatbank.ro\/lexikon\/wp-json\/wp\/v2\/types\/product"}],"replies":[{"embeddable":true,"href":"https:\/\/uj.adatbank.ro\/lexikon\/wp-json\/wp\/v2\/comments?post=17818"}],"wp:attachment":[{"href":"https:\/\/uj.adatbank.ro\/lexikon\/wp-json\/wp\/v2\/media?parent=17818"}],"wp:term":[{"taxonomy":"product_brand","embeddable":true,"href":"https:\/\/uj.adatbank.ro\/lexikon\/wp-json\/wp\/v2\/product_brand?post=17818"},{"taxonomy":"product_cat","embeddable":true,"href":"https:\/\/uj.adatbank.ro\/lexikon\/wp-json\/wp\/v2\/product_cat?post=17818"},{"taxonomy":"product_tag","embeddable":true,"href":"https:\/\/uj.adatbank.ro\/lexikon\/wp-json\/wp\/v2\/product_tag?post=17818"}],"curies":[{"name":"wp","href":"https:\/\/api.w.org\/{rel}","templated":true}]}}