{"id":17819,"date":"2025-07-16T10:29:09","date_gmt":"2025-07-16T08:29:09","guid":{"rendered":"https:\/\/uj.adatbank.ro\/lexikon\/termek\/pazsitny-bonaventura-dr\/"},"modified":"2025-07-16T10:29:09","modified_gmt":"2025-07-16T08:29:09","slug":"pazsitny-bonaventura-dr","status":"publish","type":"product","link":"https:\/\/uj.adatbank.ro\/lexikon\/termek\/pazsitny-bonaventura-dr\/","title":{"rendered":"PAZSITNY Bonaventura, dr."},"content":{"rendered":"<p>Pozsonyszentgy\u00f6rgy, 1872. okt. 26., \u2020 Arad, 1939. m\u00e1j. 3.: minorita szerzetes, h\u00e1zf\u0151n\u00f6k \u00e9s rendf\u0151n\u00f6k. \u2013 K\u00f6z\u00e9piskolai tanulm\u00e1nyai ut\u00e1n Egerben a minoritarendbe l\u00e9pett (1891. szept. 16.). R\u00f3m\u00e1ban tanult a Propaganda de Fide f\u0151iskol\u00e1n, szerzetesi fogadalmat tett (1896. jan. 1.) \u00e9s papp\u00e1 szentelt\u00e9k (1896. j\u00fan. 26.). Hazat\u00e9r\u00e9se ut\u00e1n \u00fajmis\u00e9s pap Cs\u00fct\u00f6rt\u00f6khelyen, majd ujoncn\u00f6vend\u00e9keket vezetett Egerben, majd Mv.-en a fogadalmi n\u00f6v\u00e9rek tan\u00e1ra, Aradra t\u00e1vozott (1900). Mv.-i h\u00e1zf\u0151n\u00f6k lett (1903\u20131913), a tartom\u00e1nyi nagygy\u0171l\u00e9sen a korm\u00e1nytan\u00e1csba is bev\u00e1lasztott\u00e1k (1907), itt 10 \u00e9vig volt \u00fajra \u00e9s \u00fajra megv\u00e1lasztott h\u00e1zf\u0151n\u00f6k \u00e9s a rendi n\u00f6vend\u00e9keknek b\u00f6lcseletet, majd dogmatik\u00e1t tan\u00edtott. K\u00f6zben a minorita rendh\u00e1zhoz \u00faj sz\u00e1rny\u00e9p\u00fcletet emeltettek, a h\u00e1z kertj\u00e9t \u00e9s udvar\u00e1t szab\u00e1lyozt\u00e1k, \u00edgy a rendh\u00e1z a papnevel\u00e9s sz\u00e1m\u00e1ra alkalmasabb\u00e1 v\u00e1lt. A r\u00f3mai Szent P\u00e9ter -bazilika. gy\u00f3ntat\u00f3ja (1913\u201315. m\u00e1j.). Visszat\u00e9rt Mv.-re, \u00e1tvette a rendh\u00e1z vezet\u00e9s\u00e9t, majd a papnevel\u0151 int\u00e9zetet, innen ment a szemin\u00e1riummal Cs\u00fct\u00f6rt\u00f6khelyre (1916). Nagyb\u00e1ny\u00e1r\u00f3l (1920. \u0151sz\u00e9n) t\u00e1vozott \u00fajra R\u00f3m\u00e1ba (1921. dec. 8.\u20131927. j\u00fan.), ahol m. gyontat\u00f3 volt. Visszat\u00e9rt, mint az erd\u00e9lyi rendek gener\u00e1lis megbizottja, Aradon vette \u00e1t az erd\u00e9lyi h\u00e1zak vezet\u00e9s\u00e9t, t\u00f6bbsz\u00f6r \u00fajrav\u00e1lasztott\u00e1k tartom\u00e1nyi f\u0151n\u00f6knek hal\u00e1l\u00e1ig (1927\u20131939). <br \/><strong>Irod.:<\/strong> Id\u0151t\u00e1r 2; Id\u0151t\u00e1r 3; Maros megyei t\u00f6rt.; Monay: Magyaro.-i \u00e9s erd\u00e9lyi minorit\u00e1k; Monay R. m. gy.<\/br><\/p>\n","protected":false},"excerpt":{"rendered":"<p>Pozsonyszentgy\u00f6rgy, 1872. okt. 26., \u2020 Arad, 1939. m\u00e1j. 3.: minorita szerzetes, h\u00e1zf\u0151n\u00f6k \u00e9s rendf\u0151n\u00f6k. \u2013 K\u00f6z\u00e9piskolai tanulm\u00e1nyai ut\u00e1n Egerben a minoritarendbe l\u00e9pett (1891. szept. 16.). R\u00f3m\u00e1ban tanult a Propaganda de Fide f\u0151iskol\u00e1n, szerzetesi fogadalmat tett (1896. jan. 1.) \u00e9s papp\u00e1 szentelt\u00e9k (1896. j\u00fan. 26.). Hazat\u00e9r\u00e9se ut\u00e1n \u00fajmis\u00e9s pap Cs\u00fct\u00f6rt\u00f6khelyen, majd ujoncn\u00f6vend\u00e9keket vezetett Egerben, majd Mv.-en [&hellip;]<\/p>\n","protected":false},"featured_media":0,"comment_status":"open","ping_status":"closed","template":"","meta":[],"product_brand":[],"product_cat":[137],"product_tag":[],"class_list":{"0":"post-17819","1":"product","2":"type-product","3":"status-publish","5":"product_cat-maros-megyei-eletrajzi-lexikon","7":"first","8":"instock","9":"shipping-taxable","10":"product-type-simple"},"_links":{"self":[{"href":"https:\/\/uj.adatbank.ro\/lexikon\/wp-json\/wp\/v2\/product\/17819","targetHints":{"allow":["GET"]}}],"collection":[{"href":"https:\/\/uj.adatbank.ro\/lexikon\/wp-json\/wp\/v2\/product"}],"about":[{"href":"https:\/\/uj.adatbank.ro\/lexikon\/wp-json\/wp\/v2\/types\/product"}],"replies":[{"embeddable":true,"href":"https:\/\/uj.adatbank.ro\/lexikon\/wp-json\/wp\/v2\/comments?post=17819"}],"wp:attachment":[{"href":"https:\/\/uj.adatbank.ro\/lexikon\/wp-json\/wp\/v2\/media?parent=17819"}],"wp:term":[{"taxonomy":"product_brand","embeddable":true,"href":"https:\/\/uj.adatbank.ro\/lexikon\/wp-json\/wp\/v2\/product_brand?post=17819"},{"taxonomy":"product_cat","embeddable":true,"href":"https:\/\/uj.adatbank.ro\/lexikon\/wp-json\/wp\/v2\/product_cat?post=17819"},{"taxonomy":"product_tag","embeddable":true,"href":"https:\/\/uj.adatbank.ro\/lexikon\/wp-json\/wp\/v2\/product_tag?post=17819"}],"curies":[{"name":"wp","href":"https:\/\/api.w.org\/{rel}","templated":true}]}}