{"id":17823,"date":"2025-07-16T10:29:17","date_gmt":"2025-07-16T08:29:17","guid":{"rendered":"https:\/\/uj.adatbank.ro\/lexikon\/termek\/pechy-anna-gr-lazar-jozsefne\/"},"modified":"2025-07-16T10:29:17","modified_gmt":"2025-07-16T08:29:17","slug":"pechy-anna-gr-lazar-jozsefne","status":"publish","type":"product","link":"https:\/\/uj.adatbank.ro\/lexikon\/termek\/pechy-anna-gr-lazar-jozsefne\/","title":{"rendered":"P\u00c9CHY Anna, gr. L\u00e1z\u00e1r J\u00f3zsefn\u00e9"},"content":{"rendered":"<p>? \u2020\u00a0?: f\u00f6ldbirtokos. \u2013 Eszter le\u00e1ny\u00e1val egy\u00fctt, p\u00e9nzbeli \u00e9s \u00e9lelmiszer adom\u00e1nyokat gy\u0171jt\u00f6tt a mv.-i \u00f6nk\u00e9ntes honv\u00e9d \u2013 z\u00e1szl\u00f3alj r\u00e9sz\u00e9re. (1848. j\u00fan.). <br \/><strong>Irod.:<\/strong> 1848\u20131849 Transilvania<\/br><\/p>\n","protected":false},"excerpt":{"rendered":"<p>? \u2020\u00a0?: f\u00f6ldbirtokos. \u2013 Eszter le\u00e1ny\u00e1val egy\u00fctt, p\u00e9nzbeli \u00e9s \u00e9lelmiszer adom\u00e1nyokat gy\u0171jt\u00f6tt a mv.-i \u00f6nk\u00e9ntes honv\u00e9d \u2013 z\u00e1szl\u00f3alj r\u00e9sz\u00e9re. (1848. j\u00fan.). Irod.: 1848\u20131849 Transilvania<\/p>\n","protected":false},"featured_media":0,"comment_status":"open","ping_status":"closed","template":"","meta":[],"product_brand":[],"product_cat":[137],"product_tag":[],"class_list":{"0":"post-17823","1":"product","2":"type-product","3":"status-publish","5":"product_cat-maros-megyei-eletrajzi-lexikon","7":"first","8":"instock","9":"shipping-taxable","10":"product-type-simple"},"_links":{"self":[{"href":"https:\/\/uj.adatbank.ro\/lexikon\/wp-json\/wp\/v2\/product\/17823","targetHints":{"allow":["GET"]}}],"collection":[{"href":"https:\/\/uj.adatbank.ro\/lexikon\/wp-json\/wp\/v2\/product"}],"about":[{"href":"https:\/\/uj.adatbank.ro\/lexikon\/wp-json\/wp\/v2\/types\/product"}],"replies":[{"embeddable":true,"href":"https:\/\/uj.adatbank.ro\/lexikon\/wp-json\/wp\/v2\/comments?post=17823"}],"wp:attachment":[{"href":"https:\/\/uj.adatbank.ro\/lexikon\/wp-json\/wp\/v2\/media?parent=17823"}],"wp:term":[{"taxonomy":"product_brand","embeddable":true,"href":"https:\/\/uj.adatbank.ro\/lexikon\/wp-json\/wp\/v2\/product_brand?post=17823"},{"taxonomy":"product_cat","embeddable":true,"href":"https:\/\/uj.adatbank.ro\/lexikon\/wp-json\/wp\/v2\/product_cat?post=17823"},{"taxonomy":"product_tag","embeddable":true,"href":"https:\/\/uj.adatbank.ro\/lexikon\/wp-json\/wp\/v2\/product_tag?post=17823"}],"curies":[{"name":"wp","href":"https:\/\/api.w.org\/{rel}","templated":true}]}}