{"id":17826,"date":"2025-07-16T10:29:22","date_gmt":"2025-07-16T08:29:22","guid":{"rendered":"https:\/\/uj.adatbank.ro\/lexikon\/termek\/pechy-kalman\/"},"modified":"2025-07-16T10:29:22","modified_gmt":"2025-07-16T08:29:22","slug":"pechy-kalman","status":"publish","type":"product","link":"https:\/\/uj.adatbank.ro\/lexikon\/termek\/pechy-kalman\/","title":{"rendered":"P\u00c9CHY K\u00e1lm\u00e1n"},"content":{"rendered":"<p>Mv., 1864, \u2020 Bp., 1910. szept. 3.: sz\u00edn\u00e9sz, rendez\u0151. \u2013 A bp.-i Sz\u00ednm\u0171v\u00e9szeti Akad.-t v\u00e9gezte el (1888) \u00e9s Debrecenbe szerz\u0151d\u00f6tt. Kv.-ra szerz\u0151d\u00f6tt Ditr\u00f3i M\u00f3rhoz (1895 \u0151sz\u00e9n), aki egy \u00e9v m\u00falva mag\u00e1val vitte az alakul\u00f3 bp.-i V\u00edgsz\u00ednh\u00e1zhoz. Eleinte francia boh\u00f3zatok rendez\u00e9s\u00e9vel j\u00e1rult hozz\u00e1 a sz\u00ednh\u00e1z korszer\u0171 st\u00edlus\u00e1nak kialak\u00edt\u00e1s\u00e1ban, majd jelent\u0151s irodalmi \u00e9rt\u00e9k\u0171 m\u0171veket is sz\u00ednre seg\u00edtett. Csakhamar a sz\u00ednh\u00e1z f\u0151rend.-je lett, betegs\u00e9ge miatt fokozatosan visszavonult (1906-t\u00f3l). \u2013 <strong>F. r.:<\/strong>: Feydeau: Osztrig\u00e1s Mici; Paulton: Niobe; Ger\u0151 K.: R\u00f3zsasz\u00edn\u0171 levelek; Echegaray: \u0150r\u00fclt vagy szent?; Ibsen: Kis Eyolf; Br\u00f3dy S.: A dada; Herczeg F.: K\u00e9z kezet mos; Csehov: Le\u00e1nyk\u00e9r\u00e9s. <br \/><strong>Irod.:<\/strong> MSZL; Sch\u00f6pflin<\/br><\/p>\n","protected":false},"excerpt":{"rendered":"<p>Mv., 1864, \u2020 Bp., 1910. szept. 3.: sz\u00edn\u00e9sz, rendez\u0151. \u2013 A bp.-i Sz\u00ednm\u0171v\u00e9szeti Akad.-t v\u00e9gezte el (1888) \u00e9s Debrecenbe szerz\u0151d\u00f6tt. Kv.-ra szerz\u0151d\u00f6tt Ditr\u00f3i M\u00f3rhoz (1895 \u0151sz\u00e9n), aki egy \u00e9v m\u00falva mag\u00e1val vitte az alakul\u00f3 bp.-i V\u00edgsz\u00ednh\u00e1zhoz. Eleinte francia boh\u00f3zatok rendez\u00e9s\u00e9vel j\u00e1rult hozz\u00e1 a sz\u00ednh\u00e1z korszer\u0171 st\u00edlus\u00e1nak kialak\u00edt\u00e1s\u00e1ban, majd jelent\u0151s irodalmi \u00e9rt\u00e9k\u0171 m\u0171veket is sz\u00ednre seg\u00edtett. [&hellip;]<\/p>\n","protected":false},"featured_media":0,"comment_status":"open","ping_status":"closed","template":"","meta":[],"product_brand":[],"product_cat":[137],"product_tag":[],"class_list":{"0":"post-17826","1":"product","2":"type-product","3":"status-publish","5":"product_cat-maros-megyei-eletrajzi-lexikon","7":"first","8":"instock","9":"shipping-taxable","10":"product-type-simple"},"_links":{"self":[{"href":"https:\/\/uj.adatbank.ro\/lexikon\/wp-json\/wp\/v2\/product\/17826","targetHints":{"allow":["GET"]}}],"collection":[{"href":"https:\/\/uj.adatbank.ro\/lexikon\/wp-json\/wp\/v2\/product"}],"about":[{"href":"https:\/\/uj.adatbank.ro\/lexikon\/wp-json\/wp\/v2\/types\/product"}],"replies":[{"embeddable":true,"href":"https:\/\/uj.adatbank.ro\/lexikon\/wp-json\/wp\/v2\/comments?post=17826"}],"wp:attachment":[{"href":"https:\/\/uj.adatbank.ro\/lexikon\/wp-json\/wp\/v2\/media?parent=17826"}],"wp:term":[{"taxonomy":"product_brand","embeddable":true,"href":"https:\/\/uj.adatbank.ro\/lexikon\/wp-json\/wp\/v2\/product_brand?post=17826"},{"taxonomy":"product_cat","embeddable":true,"href":"https:\/\/uj.adatbank.ro\/lexikon\/wp-json\/wp\/v2\/product_cat?post=17826"},{"taxonomy":"product_tag","embeddable":true,"href":"https:\/\/uj.adatbank.ro\/lexikon\/wp-json\/wp\/v2\/product_tag?post=17826"}],"curies":[{"name":"wp","href":"https:\/\/api.w.org\/{rel}","templated":true}]}}