{"id":1783,"date":"2025-06-28T11:53:01","date_gmt":"2025-06-28T09:53:01","guid":{"rendered":"https:\/\/uj.adatbank.ro\/lexikon\/termek\/almasi-jozsef\/"},"modified":"2025-06-28T11:53:01","modified_gmt":"2025-06-28T09:53:01","slug":"almasi-jozsef","status":"publish","type":"product","link":"https:\/\/uj.adatbank.ro\/lexikon\/termek\/almasi-jozsef\/","title":{"rendered":"ALM\u00c1SI J\u00f3zsef"},"content":{"rendered":"<p>? \u2020 ? : jegyz\u0151. \u2013 Mv.-i v\u00e1rosi jegyz\u0151 (1703\u20131713). <br \/><strong>Irod.:<\/strong> Erd\u00e9ly orsz\u00e1g\u00e1nak h\u00e1rom k\u00f6nyvekre osztatott t\u00f6rv\u00e9nyes k\u00f6nyve&#8230; (Kv., 1815\u201316); Id\u0151t\u00e1r 1, P\u00e1l-Antal 2006; Tonk 1994.<\/br><\/p>\n","protected":false},"excerpt":{"rendered":"<p>? \u2020 ? : jegyz\u0151. \u2013 Mv.-i v\u00e1rosi jegyz\u0151 (1703\u20131713). Irod.: Erd\u00e9ly orsz\u00e1g\u00e1nak h\u00e1rom k\u00f6nyvekre osztatott t\u00f6rv\u00e9nyes k\u00f6nyve&#8230; (Kv., 1815\u201316); Id\u0151t\u00e1r 1, P\u00e1l-Antal 2006; Tonk 1994.<\/p>\n","protected":false},"featured_media":0,"comment_status":"open","ping_status":"closed","template":"","meta":[],"product_brand":[],"product_cat":[137],"product_tag":[],"class_list":{"0":"post-1783","1":"product","2":"type-product","3":"status-publish","5":"product_cat-maros-megyei-eletrajzi-lexikon","7":"first","8":"instock","9":"shipping-taxable","10":"product-type-simple"},"_links":{"self":[{"href":"https:\/\/uj.adatbank.ro\/lexikon\/wp-json\/wp\/v2\/product\/1783","targetHints":{"allow":["GET"]}}],"collection":[{"href":"https:\/\/uj.adatbank.ro\/lexikon\/wp-json\/wp\/v2\/product"}],"about":[{"href":"https:\/\/uj.adatbank.ro\/lexikon\/wp-json\/wp\/v2\/types\/product"}],"replies":[{"embeddable":true,"href":"https:\/\/uj.adatbank.ro\/lexikon\/wp-json\/wp\/v2\/comments?post=1783"}],"wp:attachment":[{"href":"https:\/\/uj.adatbank.ro\/lexikon\/wp-json\/wp\/v2\/media?parent=1783"}],"wp:term":[{"taxonomy":"product_brand","embeddable":true,"href":"https:\/\/uj.adatbank.ro\/lexikon\/wp-json\/wp\/v2\/product_brand?post=1783"},{"taxonomy":"product_cat","embeddable":true,"href":"https:\/\/uj.adatbank.ro\/lexikon\/wp-json\/wp\/v2\/product_cat?post=1783"},{"taxonomy":"product_tag","embeddable":true,"href":"https:\/\/uj.adatbank.ro\/lexikon\/wp-json\/wp\/v2\/product_tag?post=1783"}],"curies":[{"name":"wp","href":"https:\/\/api.w.org\/{rel}","templated":true}]}}