{"id":17830,"date":"2025-07-16T10:29:35","date_gmt":"2025-07-16T08:29:35","guid":{"rendered":"https:\/\/uj.adatbank.ro\/lexikon\/termek\/pecsi-ferenc\/"},"modified":"2025-07-16T10:29:35","modified_gmt":"2025-07-16T08:29:35","slug":"pecsi-ferenc","status":"publish","type":"product","link":"https:\/\/uj.adatbank.ro\/lexikon\/termek\/pecsi-ferenc\/","title":{"rendered":"P\u00c9CSI Ferenc"},"content":{"rendered":"<p>? \u2020\u00a0?: ref. lelk\u00e9sz. \u2013 Feles\u00e9ge: Z\u00e1goni S\u00e1ska M\u00e1ria. \u2013 Nagyenyeden subscrib\u00e1lt (1748). K\u00f3dr\u00f3dszentm\u00e1rtonban szolg\u00e1lt (1761), onnan ker\u00fclt Balav\u00e1s\u00e1rra (1761\u201386). K\u00f6zmegbecs\u00fcl\u00e9snek \u00f6rvend\u0151 lelk\u00e9sz volt. Oda\u00e9rkez\u00e9sekor az egyh\u00e1zi \u00e9p\u00fcletek romokban \u00e1lltak. \u00daj papilakot \u00e9p\u00edtett (1775\u201376), a fa harangl\u00e1bat k\u00f6zmunk\u00e1val k\u0151toronnyal cser\u00e9lte ki. Szolg\u00e1lat\u00e1val mindenki meg volt el\u00e9gedve, de k\u00e9s\u0151bb (1784) n\u00e9zetelt\u00e9r\u00e9sei keletkeztek a kepe befizet\u00e9se miatt, \u00e9s Radn\u00f3tra t\u00e1vozott (1787\u201395). Maroscsap\u00f3n szolg\u00e1lt (1796\u20131801). <br \/><strong>Irod.:<\/strong> Balav\u00e1s\u00e1r \u00e9s egyh\u00e1za; K\u00fck\u00fcll\u0151i Ref. Egyh\u00e1zm.1., 4.<\/br><\/p>\n","protected":false},"excerpt":{"rendered":"<p>? \u2020\u00a0?: ref. lelk\u00e9sz. \u2013 Feles\u00e9ge: Z\u00e1goni S\u00e1ska M\u00e1ria. \u2013 Nagyenyeden subscrib\u00e1lt (1748). K\u00f3dr\u00f3dszentm\u00e1rtonban szolg\u00e1lt (1761), onnan ker\u00fclt Balav\u00e1s\u00e1rra (1761\u201386). K\u00f6zmegbecs\u00fcl\u00e9snek \u00f6rvend\u0151 lelk\u00e9sz volt. Oda\u00e9rkez\u00e9sekor az egyh\u00e1zi \u00e9p\u00fcletek romokban \u00e1lltak. \u00daj papilakot \u00e9p\u00edtett (1775\u201376), a fa harangl\u00e1bat k\u00f6zmunk\u00e1val k\u0151toronnyal cser\u00e9lte ki. Szolg\u00e1lat\u00e1val mindenki meg volt el\u00e9gedve, de k\u00e9s\u0151bb (1784) n\u00e9zetelt\u00e9r\u00e9sei keletkeztek a kepe befizet\u00e9se miatt, [&hellip;]<\/p>\n","protected":false},"featured_media":0,"comment_status":"open","ping_status":"closed","template":"","meta":[],"product_brand":[],"product_cat":[137],"product_tag":[],"class_list":{"0":"post-17830","1":"product","2":"type-product","3":"status-publish","5":"product_cat-maros-megyei-eletrajzi-lexikon","7":"first","8":"instock","9":"shipping-taxable","10":"product-type-simple"},"_links":{"self":[{"href":"https:\/\/uj.adatbank.ro\/lexikon\/wp-json\/wp\/v2\/product\/17830","targetHints":{"allow":["GET"]}}],"collection":[{"href":"https:\/\/uj.adatbank.ro\/lexikon\/wp-json\/wp\/v2\/product"}],"about":[{"href":"https:\/\/uj.adatbank.ro\/lexikon\/wp-json\/wp\/v2\/types\/product"}],"replies":[{"embeddable":true,"href":"https:\/\/uj.adatbank.ro\/lexikon\/wp-json\/wp\/v2\/comments?post=17830"}],"wp:attachment":[{"href":"https:\/\/uj.adatbank.ro\/lexikon\/wp-json\/wp\/v2\/media?parent=17830"}],"wp:term":[{"taxonomy":"product_brand","embeddable":true,"href":"https:\/\/uj.adatbank.ro\/lexikon\/wp-json\/wp\/v2\/product_brand?post=17830"},{"taxonomy":"product_cat","embeddable":true,"href":"https:\/\/uj.adatbank.ro\/lexikon\/wp-json\/wp\/v2\/product_cat?post=17830"},{"taxonomy":"product_tag","embeddable":true,"href":"https:\/\/uj.adatbank.ro\/lexikon\/wp-json\/wp\/v2\/product_tag?post=17830"}],"curies":[{"name":"wp","href":"https:\/\/api.w.org\/{rel}","templated":true}]}}