{"id":17831,"date":"2025-07-16T10:29:37","date_gmt":"2025-07-16T08:29:37","guid":{"rendered":"https:\/\/uj.adatbank.ro\/lexikon\/termek\/pecsi-gyula-%c2%a7-pechy-gyula\/"},"modified":"2025-07-16T10:29:37","modified_gmt":"2025-07-16T08:29:37","slug":"pecsi-gyula-%c2%a7-pechy-gyula","status":"publish","type":"product","link":"https:\/\/uj.adatbank.ro\/lexikon\/termek\/pecsi-gyula-%c2%a7-pechy-gyula\/","title":{"rendered":"P\u00c9CSI Gyula, \u00a7 P\u00e9chy Gyula"},"content":{"rendered":"<p>Mv., 1872., \u2020\u00a0? : egyh\u00e1zi karnagy. \u2013 Zenei tanulm\u00e1nyait mag\u00e1n\u00faton v\u00e9gezte Langer, Hauser \u00e9s Pischinger tan\u00e1rokn\u00e1l. 40 \u00e9ves m\u0171k\u00f6d\u00e9se alatt a tab\u00e1ni, a viziv\u00e1rosi \u00e9s az \u00f3budai r. k. templom majd az \u00fajpesti pl\u00e9b\u00e1nia karnagya (1936\u2013) volt. Szerzett mis\u00e9ket, k\u00f3rusm\u0171veket \u00e9s bet\u00e9teket. <br \/><strong>Irod.:<\/strong> MKL; Moln\u00e1r Imre<\/br><\/p>\n","protected":false},"excerpt":{"rendered":"<p>Mv., 1872., \u2020\u00a0? : egyh\u00e1zi karnagy. \u2013 Zenei tanulm\u00e1nyait mag\u00e1n\u00faton v\u00e9gezte Langer, Hauser \u00e9s Pischinger tan\u00e1rokn\u00e1l. 40 \u00e9ves m\u0171k\u00f6d\u00e9se alatt a tab\u00e1ni, a viziv\u00e1rosi \u00e9s az \u00f3budai r. k. templom majd az \u00fajpesti pl\u00e9b\u00e1nia karnagya (1936\u2013) volt. Szerzett mis\u00e9ket, k\u00f3rusm\u0171veket \u00e9s bet\u00e9teket. Irod.: MKL; Moln\u00e1r Imre<\/p>\n","protected":false},"featured_media":0,"comment_status":"open","ping_status":"closed","template":"","meta":[],"product_brand":[],"product_cat":[137],"product_tag":[],"class_list":{"0":"post-17831","1":"product","2":"type-product","3":"status-publish","5":"product_cat-maros-megyei-eletrajzi-lexikon","7":"first","8":"instock","9":"shipping-taxable","10":"product-type-simple"},"_links":{"self":[{"href":"https:\/\/uj.adatbank.ro\/lexikon\/wp-json\/wp\/v2\/product\/17831","targetHints":{"allow":["GET"]}}],"collection":[{"href":"https:\/\/uj.adatbank.ro\/lexikon\/wp-json\/wp\/v2\/product"}],"about":[{"href":"https:\/\/uj.adatbank.ro\/lexikon\/wp-json\/wp\/v2\/types\/product"}],"replies":[{"embeddable":true,"href":"https:\/\/uj.adatbank.ro\/lexikon\/wp-json\/wp\/v2\/comments?post=17831"}],"wp:attachment":[{"href":"https:\/\/uj.adatbank.ro\/lexikon\/wp-json\/wp\/v2\/media?parent=17831"}],"wp:term":[{"taxonomy":"product_brand","embeddable":true,"href":"https:\/\/uj.adatbank.ro\/lexikon\/wp-json\/wp\/v2\/product_brand?post=17831"},{"taxonomy":"product_cat","embeddable":true,"href":"https:\/\/uj.adatbank.ro\/lexikon\/wp-json\/wp\/v2\/product_cat?post=17831"},{"taxonomy":"product_tag","embeddable":true,"href":"https:\/\/uj.adatbank.ro\/lexikon\/wp-json\/wp\/v2\/product_tag?post=17831"}],"curies":[{"name":"wp","href":"https:\/\/api.w.org\/{rel}","templated":true}]}}