{"id":17832,"date":"2025-07-16T10:29:39","date_gmt":"2025-07-16T08:29:39","guid":{"rendered":"https:\/\/uj.adatbank.ro\/lexikon\/termek\/pecsi-imre\/"},"modified":"2025-07-16T10:29:39","modified_gmt":"2025-07-16T08:29:39","slug":"pecsi-imre","status":"publish","type":"product","link":"https:\/\/uj.adatbank.ro\/lexikon\/termek\/pecsi-imre\/","title":{"rendered":"P\u00c9CSI Imre"},"content":{"rendered":"<p>Koronka, 1919. m\u00e1rc. 13. \u2020 Mv., 1995. szept. 25.: tartal\u00e9kos husz\u00e1rz\u00e1szl\u00f3s, M\u00c1VAUT m\u0171szaki tiszt. \u2013 T\u00e9nyleges katonai szolg\u00e1latra Szil\u00e1gysomly\u00f3ra vonult be, a 2. \u00f6n\u00e1ll\u00f3 hegyi husz\u00e1rsz\u00e1zadhoz (1942. szept. 9.). A tartal\u00e9kos tiszti iskola I.\u00e9v\u00e9t Nagyv\u00e1radon, a II.\u00e9vf.-ot Ny\u00edregyh\u00e1z\u00e1n abszolv\u00e1lta. K\u00f6zben alakulata p\u00f3tsz\u00e1zad\u00e1val Marosh\u00e9v\u00edzen kihelyez\u00e9sen \u00e9s gyakorlaton vett r\u00e9szt (1943. m\u00e1j.- aug.). Az \u00f6rk\u00e9nyt\u00e1bori lovas iskol\u00e1ba vez\u00e9nyelt\u00e9k (1944. \u00e1pr. \u2013). Kiv\u00e1l\u00f3 d\u00edjugrat\u00f3 lovas volt. Frontszolg\u00e1latot teljes\u00edtett Galici\u00e1ban \u00e9s a K\u00e1rp\u00e1tok hadsz\u00ednterein (1944. j\u00fan. 15\u2013). Tartal\u00e9kos z\u00e1szl\u00f3ss\u00e1 l\u00e9ptett\u00e9k el\u0151 (1944. okt. 1.\u2013). Porosko k\u00f6zel\u00e9ben szovjet fogs\u00e1gba esett (1944. okt. 19.\u2013), de ruszin sz\u00e1ll\u00e1sad\u00f3i seg\u00edts\u00e9g\u00e9vel szabadon engedt\u00e9k. Hazat\u00e9rt Mv.-re (nov.20.). <br \/><strong>Irod.:<\/strong> Bene \u2013 Szab\u00f3<\/br><\/p>\n","protected":false},"excerpt":{"rendered":"<p>Koronka, 1919. m\u00e1rc. 13. \u2020 Mv., 1995. szept. 25.: tartal\u00e9kos husz\u00e1rz\u00e1szl\u00f3s, M\u00c1VAUT m\u0171szaki tiszt. \u2013 T\u00e9nyleges katonai szolg\u00e1latra Szil\u00e1gysomly\u00f3ra vonult be, a 2. \u00f6n\u00e1ll\u00f3 hegyi husz\u00e1rsz\u00e1zadhoz (1942. szept. 9.). A tartal\u00e9kos tiszti iskola I.\u00e9v\u00e9t Nagyv\u00e1radon, a II.\u00e9vf.-ot Ny\u00edregyh\u00e1z\u00e1n abszolv\u00e1lta. K\u00f6zben alakulata p\u00f3tsz\u00e1zad\u00e1val Marosh\u00e9v\u00edzen kihelyez\u00e9sen \u00e9s gyakorlaton vett r\u00e9szt (1943. m\u00e1j.- aug.). Az \u00f6rk\u00e9nyt\u00e1bori lovas iskol\u00e1ba [&hellip;]<\/p>\n","protected":false},"featured_media":0,"comment_status":"open","ping_status":"closed","template":"","meta":[],"product_brand":[],"product_cat":[137],"product_tag":[],"class_list":{"0":"post-17832","1":"product","2":"type-product","3":"status-publish","5":"product_cat-maros-megyei-eletrajzi-lexikon","7":"first","8":"instock","9":"shipping-taxable","10":"product-type-simple"},"_links":{"self":[{"href":"https:\/\/uj.adatbank.ro\/lexikon\/wp-json\/wp\/v2\/product\/17832","targetHints":{"allow":["GET"]}}],"collection":[{"href":"https:\/\/uj.adatbank.ro\/lexikon\/wp-json\/wp\/v2\/product"}],"about":[{"href":"https:\/\/uj.adatbank.ro\/lexikon\/wp-json\/wp\/v2\/types\/product"}],"replies":[{"embeddable":true,"href":"https:\/\/uj.adatbank.ro\/lexikon\/wp-json\/wp\/v2\/comments?post=17832"}],"wp:attachment":[{"href":"https:\/\/uj.adatbank.ro\/lexikon\/wp-json\/wp\/v2\/media?parent=17832"}],"wp:term":[{"taxonomy":"product_brand","embeddable":true,"href":"https:\/\/uj.adatbank.ro\/lexikon\/wp-json\/wp\/v2\/product_brand?post=17832"},{"taxonomy":"product_cat","embeddable":true,"href":"https:\/\/uj.adatbank.ro\/lexikon\/wp-json\/wp\/v2\/product_cat?post=17832"},{"taxonomy":"product_tag","embeddable":true,"href":"https:\/\/uj.adatbank.ro\/lexikon\/wp-json\/wp\/v2\/product_tag?post=17832"}],"curies":[{"name":"wp","href":"https:\/\/api.w.org\/{rel}","templated":true}]}}