{"id":17835,"date":"2025-07-16T10:29:46","date_gmt":"2025-07-16T08:29:46","guid":{"rendered":"https:\/\/uj.adatbank.ro\/lexikon\/termek\/pecsi-simeon\/"},"modified":"2025-07-16T10:29:46","modified_gmt":"2025-07-16T08:29:46","slug":"pecsi-simeon","status":"publish","type":"product","link":"https:\/\/uj.adatbank.ro\/lexikon\/termek\/pecsi-simeon\/","title":{"rendered":"P\u00c9CSI Simeon"},"content":{"rendered":"<p>K\u00f3r\u00f3dszentm\u00e1rton, ? \u2020\u00a0?: ref. lelk\u00e9sz. \u2013 Mv.-en suscrib\u00e1lt (1782). Marburgban peregrin\u00e1lt (1792\u201394). A sz\u00e9ki zsinaton ordin\u00e1lt\u00e1k (1795). Radn\u00f3ton szolg\u00e1lt (1795\u20131806), majd Nagyteremiben volt lelk\u00e9sz. <br \/><strong>Irod.:<\/strong> K\u00fck\u00fcll\u0151i Ref. Egyh\u00e1zm. 4.<\/br><\/p>\n","protected":false},"excerpt":{"rendered":"<p>K\u00f3r\u00f3dszentm\u00e1rton, ? \u2020\u00a0?: ref. lelk\u00e9sz. \u2013 Mv.-en suscrib\u00e1lt (1782). Marburgban peregrin\u00e1lt (1792\u201394). A sz\u00e9ki zsinaton ordin\u00e1lt\u00e1k (1795). Radn\u00f3ton szolg\u00e1lt (1795\u20131806), majd Nagyteremiben volt lelk\u00e9sz. Irod.: K\u00fck\u00fcll\u0151i Ref. Egyh\u00e1zm. 4.<\/p>\n","protected":false},"featured_media":0,"comment_status":"open","ping_status":"closed","template":"","meta":[],"product_brand":[],"product_cat":[137],"product_tag":[],"class_list":{"0":"post-17835","1":"product","2":"type-product","3":"status-publish","5":"product_cat-maros-megyei-eletrajzi-lexikon","7":"first","8":"instock","9":"shipping-taxable","10":"product-type-simple"},"_links":{"self":[{"href":"https:\/\/uj.adatbank.ro\/lexikon\/wp-json\/wp\/v2\/product\/17835","targetHints":{"allow":["GET"]}}],"collection":[{"href":"https:\/\/uj.adatbank.ro\/lexikon\/wp-json\/wp\/v2\/product"}],"about":[{"href":"https:\/\/uj.adatbank.ro\/lexikon\/wp-json\/wp\/v2\/types\/product"}],"replies":[{"embeddable":true,"href":"https:\/\/uj.adatbank.ro\/lexikon\/wp-json\/wp\/v2\/comments?post=17835"}],"wp:attachment":[{"href":"https:\/\/uj.adatbank.ro\/lexikon\/wp-json\/wp\/v2\/media?parent=17835"}],"wp:term":[{"taxonomy":"product_brand","embeddable":true,"href":"https:\/\/uj.adatbank.ro\/lexikon\/wp-json\/wp\/v2\/product_brand?post=17835"},{"taxonomy":"product_cat","embeddable":true,"href":"https:\/\/uj.adatbank.ro\/lexikon\/wp-json\/wp\/v2\/product_cat?post=17835"},{"taxonomy":"product_tag","embeddable":true,"href":"https:\/\/uj.adatbank.ro\/lexikon\/wp-json\/wp\/v2\/product_tag?post=17835"}],"curies":[{"name":"wp","href":"https:\/\/api.w.org\/{rel}","templated":true}]}}