{"id":17837,"date":"2025-07-16T10:29:50","date_gmt":"2025-07-16T08:29:50","guid":{"rendered":"https:\/\/uj.adatbank.ro\/lexikon\/termek\/peielle-jozsef\/"},"modified":"2025-07-16T10:29:50","modified_gmt":"2025-07-16T08:29:50","slug":"peielle-jozsef","status":"publish","type":"product","link":"https:\/\/uj.adatbank.ro\/lexikon\/termek\/peielle-jozsef\/","title":{"rendered":"PEIELLE J\u00f3zsef"},"content":{"rendered":"<p>? \u2020 Mv., 1819. jan. 30. A mv.-i Keresztel\u0151 Szent J\u00e1nos-pl\u00e9b\u00e1nia kript\u00e1j\u00e1ba temett\u00e9k: esk\u00fcdt. \u2013 Feles\u00e9ge: Filep Anna. Gyermekeik: J\u00e1nos, Andrr\u00e1s, Istv\u00e1n \u00e9s M\u00e1ria. \u2013 A mv.-i esk\u00fcdt k\u00f6z\u00f6ns\u00e9g tagja. <br \/><strong>Irod.:<\/strong> Mv.-i \u00f6rm\u00e9nyek; Mv.-i Pl\u00e9b\u00e1niatemplom kript\u00e1ja<\/br><\/p>\n","protected":false},"excerpt":{"rendered":"<p>? \u2020 Mv., 1819. jan. 30. A mv.-i Keresztel\u0151 Szent J\u00e1nos-pl\u00e9b\u00e1nia kript\u00e1j\u00e1ba temett\u00e9k: esk\u00fcdt. \u2013 Feles\u00e9ge: Filep Anna. Gyermekeik: J\u00e1nos, Andrr\u00e1s, Istv\u00e1n \u00e9s M\u00e1ria. \u2013 A mv.-i esk\u00fcdt k\u00f6z\u00f6ns\u00e9g tagja. Irod.: Mv.-i \u00f6rm\u00e9nyek; Mv.-i Pl\u00e9b\u00e1niatemplom kript\u00e1ja<\/p>\n","protected":false},"featured_media":0,"comment_status":"open","ping_status":"closed","template":"","meta":[],"product_brand":[],"product_cat":[137],"product_tag":[],"class_list":{"0":"post-17837","1":"product","2":"type-product","3":"status-publish","5":"product_cat-maros-megyei-eletrajzi-lexikon","7":"first","8":"instock","9":"shipping-taxable","10":"product-type-simple"},"_links":{"self":[{"href":"https:\/\/uj.adatbank.ro\/lexikon\/wp-json\/wp\/v2\/product\/17837","targetHints":{"allow":["GET"]}}],"collection":[{"href":"https:\/\/uj.adatbank.ro\/lexikon\/wp-json\/wp\/v2\/product"}],"about":[{"href":"https:\/\/uj.adatbank.ro\/lexikon\/wp-json\/wp\/v2\/types\/product"}],"replies":[{"embeddable":true,"href":"https:\/\/uj.adatbank.ro\/lexikon\/wp-json\/wp\/v2\/comments?post=17837"}],"wp:attachment":[{"href":"https:\/\/uj.adatbank.ro\/lexikon\/wp-json\/wp\/v2\/media?parent=17837"}],"wp:term":[{"taxonomy":"product_brand","embeddable":true,"href":"https:\/\/uj.adatbank.ro\/lexikon\/wp-json\/wp\/v2\/product_brand?post=17837"},{"taxonomy":"product_cat","embeddable":true,"href":"https:\/\/uj.adatbank.ro\/lexikon\/wp-json\/wp\/v2\/product_cat?post=17837"},{"taxonomy":"product_tag","embeddable":true,"href":"https:\/\/uj.adatbank.ro\/lexikon\/wp-json\/wp\/v2\/product_tag?post=17837"}],"curies":[{"name":"wp","href":"https:\/\/api.w.org\/{rel}","templated":true}]}}