{"id":17839,"date":"2025-07-16T10:29:55","date_gmt":"2025-07-16T08:29:55","guid":{"rendered":"https:\/\/uj.adatbank.ro\/lexikon\/termek\/peielle-ventzel-peille-vencel-peielle-vencel\/"},"modified":"2025-07-16T10:29:55","modified_gmt":"2025-07-16T08:29:55","slug":"peielle-ventzel-peille-vencel-peielle-vencel","status":"publish","type":"product","link":"https:\/\/uj.adatbank.ro\/lexikon\/termek\/peielle-ventzel-peille-vencel-peielle-vencel\/","title":{"rendered":"PEIELL\u00c9 Ventzel; Peille Vencel; Peielle Vencel"},"content":{"rendered":"<p>1787, \u2020 Mv., 1828.: v\u00e1rosi f\u0151b\u00edr\u00f3. \u2013 Apja Cseho.-b\u00f3l v\u00e1ndorolt be; v\u00e1rosi polg\u00e1ri esk\u00fct tett (1804); v\u00e1rosi szen\u00e1tor \u00e9s n\u00f3t\u00e1rius (1805\u2013), f\u0151b\u00edr\u00f3 katolikus r\u00e9szr\u0151l (1819, 1820, 1822, 1823, 1825 ). Tev\u00e9keny v\u00e1rosvezet\u0151 volt. Az \u0151 \u00f6tlete volt hogy a piaci k\u00fathoz Bodor P\u00e9terrel zeneszerkezetet \u00e1ll\u00edttassanak (1820) \u00e9s minden t\u0151le telhet\u0151t megtett ennek \u00e9rdek\u00e9ben. T\u00e1mogatta, mint v\u00e1rosi tan\u00e1csos, Szotyori J\u00f3zsef k\u00f3rh\u00e1zalap\u00edt\u00e1si terv\u00e9t. S\u00edrja a r. k. temet\u0151ben van. <br \/><strong>Irod.:<\/strong> Id\u0151t\u00e1r 1; Kr\u00f3n. F\u00fcz. (1939. 4\/5); Nagy L\u00e1z\u00e1r, k\u00e1li: Az erd\u00e9lyi magyar sz\u00edn\u00e9szet h\u0151skora 1792\u20131821 (Kv., 1821, 1839), P\u00e1l-Antal 2006; P\u00e1l-Antal 2009; Szentgy\u00f6rgyi; Szotyori<\/br><\/p>\n","protected":false},"excerpt":{"rendered":"<p>1787, \u2020 Mv., 1828.: v\u00e1rosi f\u0151b\u00edr\u00f3. \u2013 Apja Cseho.-b\u00f3l v\u00e1ndorolt be; v\u00e1rosi polg\u00e1ri esk\u00fct tett (1804); v\u00e1rosi szen\u00e1tor \u00e9s n\u00f3t\u00e1rius (1805\u2013), f\u0151b\u00edr\u00f3 katolikus r\u00e9szr\u0151l (1819, 1820, 1822, 1823, 1825 ). Tev\u00e9keny v\u00e1rosvezet\u0151 volt. Az \u0151 \u00f6tlete volt hogy a piaci k\u00fathoz Bodor P\u00e9terrel zeneszerkezetet \u00e1ll\u00edttassanak (1820) \u00e9s minden t\u0151le telhet\u0151t megtett ennek \u00e9rdek\u00e9ben. T\u00e1mogatta, mint [&hellip;]<\/p>\n","protected":false},"featured_media":0,"comment_status":"open","ping_status":"closed","template":"","meta":[],"product_brand":[],"product_cat":[137],"product_tag":[],"class_list":{"0":"post-17839","1":"product","2":"type-product","3":"status-publish","5":"product_cat-maros-megyei-eletrajzi-lexikon","7":"first","8":"instock","9":"shipping-taxable","10":"product-type-simple"},"_links":{"self":[{"href":"https:\/\/uj.adatbank.ro\/lexikon\/wp-json\/wp\/v2\/product\/17839","targetHints":{"allow":["GET"]}}],"collection":[{"href":"https:\/\/uj.adatbank.ro\/lexikon\/wp-json\/wp\/v2\/product"}],"about":[{"href":"https:\/\/uj.adatbank.ro\/lexikon\/wp-json\/wp\/v2\/types\/product"}],"replies":[{"embeddable":true,"href":"https:\/\/uj.adatbank.ro\/lexikon\/wp-json\/wp\/v2\/comments?post=17839"}],"wp:attachment":[{"href":"https:\/\/uj.adatbank.ro\/lexikon\/wp-json\/wp\/v2\/media?parent=17839"}],"wp:term":[{"taxonomy":"product_brand","embeddable":true,"href":"https:\/\/uj.adatbank.ro\/lexikon\/wp-json\/wp\/v2\/product_brand?post=17839"},{"taxonomy":"product_cat","embeddable":true,"href":"https:\/\/uj.adatbank.ro\/lexikon\/wp-json\/wp\/v2\/product_cat?post=17839"},{"taxonomy":"product_tag","embeddable":true,"href":"https:\/\/uj.adatbank.ro\/lexikon\/wp-json\/wp\/v2\/product_tag?post=17839"}],"curies":[{"name":"wp","href":"https:\/\/api.w.org\/{rel}","templated":true}]}}