{"id":1784,"date":"2025-06-28T11:53:04","date_gmt":"2025-06-28T09:53:04","guid":{"rendered":"https:\/\/uj.adatbank.ro\/lexikon\/termek\/almasi-jozsef-2\/"},"modified":"2025-06-28T11:53:04","modified_gmt":"2025-06-28T09:53:04","slug":"almasi-jozsef-2","status":"publish","type":"product","link":"https:\/\/uj.adatbank.ro\/lexikon\/termek\/almasi-jozsef-2\/","title":{"rendered":"ALM\u00c1SI J\u00f3zsef"},"content":{"rendered":"<p>1780., \u2020 Mv., 1849.: alkapit\u00e1ny. \u2013 Feles\u00e9ge: S\u00e1lom\u00e9 (1800\u20131869. j\u00fan. 24.), volt Enyedi S\u00e1ndorn\u00e9. \u2013 1848\u201349-es honv\u00e9d. Mv.-en volt polg\u00e1r\u0151r alkapit\u00e1ny a Szentgy\u00f6rgy utcai negyedben (1848. \u00e1pr. 19.\u2013). <br \/><strong>Irod.:<\/strong> Gy\u00e1szjelent\u0151; Id\u0151t\u00e1r 2.; P\u00e1lmay J\u00f3zsef<\/br><\/p>\n","protected":false},"excerpt":{"rendered":"<p>1780., \u2020 Mv., 1849.: alkapit\u00e1ny. \u2013 Feles\u00e9ge: S\u00e1lom\u00e9 (1800\u20131869. j\u00fan. 24.), volt Enyedi S\u00e1ndorn\u00e9. \u2013 1848\u201349-es honv\u00e9d. Mv.-en volt polg\u00e1r\u0151r alkapit\u00e1ny a Szentgy\u00f6rgy utcai negyedben (1848. \u00e1pr. 19.\u2013). Irod.: Gy\u00e1szjelent\u0151; Id\u0151t\u00e1r 2.; P\u00e1lmay J\u00f3zsef<\/p>\n","protected":false},"featured_media":0,"comment_status":"open","ping_status":"closed","template":"","meta":[],"product_brand":[],"product_cat":[137],"product_tag":[],"class_list":{"0":"post-1784","1":"product","2":"type-product","3":"status-publish","5":"product_cat-maros-megyei-eletrajzi-lexikon","7":"first","8":"instock","9":"shipping-taxable","10":"product-type-simple"},"_links":{"self":[{"href":"https:\/\/uj.adatbank.ro\/lexikon\/wp-json\/wp\/v2\/product\/1784","targetHints":{"allow":["GET"]}}],"collection":[{"href":"https:\/\/uj.adatbank.ro\/lexikon\/wp-json\/wp\/v2\/product"}],"about":[{"href":"https:\/\/uj.adatbank.ro\/lexikon\/wp-json\/wp\/v2\/types\/product"}],"replies":[{"embeddable":true,"href":"https:\/\/uj.adatbank.ro\/lexikon\/wp-json\/wp\/v2\/comments?post=1784"}],"wp:attachment":[{"href":"https:\/\/uj.adatbank.ro\/lexikon\/wp-json\/wp\/v2\/media?parent=1784"}],"wp:term":[{"taxonomy":"product_brand","embeddable":true,"href":"https:\/\/uj.adatbank.ro\/lexikon\/wp-json\/wp\/v2\/product_brand?post=1784"},{"taxonomy":"product_cat","embeddable":true,"href":"https:\/\/uj.adatbank.ro\/lexikon\/wp-json\/wp\/v2\/product_cat?post=1784"},{"taxonomy":"product_tag","embeddable":true,"href":"https:\/\/uj.adatbank.ro\/lexikon\/wp-json\/wp\/v2\/product_tag?post=1784"}],"curies":[{"name":"wp","href":"https:\/\/api.w.org\/{rel}","templated":true}]}}