{"id":17841,"date":"2025-07-16T10:29:59","date_gmt":"2025-07-16T08:29:59","guid":{"rendered":"https:\/\/uj.adatbank.ro\/lexikon\/termek\/pekri-ferenc-pekrovinai-pekry-ferenc\/"},"modified":"2025-07-16T10:29:59","modified_gmt":"2025-07-16T08:29:59","slug":"pekri-ferenc-pekrovinai-pekry-ferenc","status":"publish","type":"product","link":"https:\/\/uj.adatbank.ro\/lexikon\/termek\/pekri-ferenc-pekrovinai-pekry-ferenc\/","title":{"rendered":"PEKRI Ferenc, pekrovinai; Pekry Ferenc"},"content":{"rendered":"<p>? \u2020\u00a01658\u20139?: f\u0151isp\u00e1n. \u2013 P. G\u00e1bor \u00e9s ozdi Bal\u00e1dffy Borb\u00e1la fia. Feless\u00e9ge: 1. Ve\u00e9r Anna. Fiaik:Ferenc \u00e9s L\u00e1szl\u00f3; 2. bel\u00e9nyesi G\u00e1lffy Krisztina v. Kata. Le\u00e1nyuk: Zs\u00f3fia, Teleki Mih\u00e1lyn\u00e9 (1659\u2013); 3. Fricsi Fekete Kl\u00e1ra.Fi\u00fak: L\u0151rinc. \u2013 Kisk\u00fck\u00fcll\u0151 vm. f\u0151isp\u00e1nja (1658\u201359), R\u00e1k\u00f3czi Gy\u00f6rgy nevezte ki Haller Istv\u00e1n hely\u00e9be, egy\u00fctt buni Bethlen J\u00e1nossal. R\u00e1k\u00f3czi Gy\u00f6rgy hatalmas embere volt.Mint f\u0151isp\u00e1n hozz\u00e1j\u00e1rult az egykori Ferenc-rendi katolikus egyszer\u0171 fak\u00e1poln\u00e1j\u00e1t, majd torony n\u00e9lk\u00fcli g\u00f3tikus templomi \u00e1talak\u00edt\u00e1sok ut\u00e1n unit\u00e1riusokk\u00e1 v\u00e1ltak a Pekriek (1568\u20131715), majd reform\u00e1tuss\u00e1 v\u00e1ltak. <br \/><strong>Irod.:<\/strong> L\u00e1z\u00e1r; Maros \u2013 m\u0171eml\u00e9kek; Mo. f\u0151isp\u00e1njai<\/br><\/p>\n","protected":false},"excerpt":{"rendered":"<p>? \u2020\u00a01658\u20139?: f\u0151isp\u00e1n. \u2013 P. G\u00e1bor \u00e9s ozdi Bal\u00e1dffy Borb\u00e1la fia. Feless\u00e9ge: 1. Ve\u00e9r Anna. Fiaik:Ferenc \u00e9s L\u00e1szl\u00f3; 2. bel\u00e9nyesi G\u00e1lffy Krisztina v. Kata. Le\u00e1nyuk: Zs\u00f3fia, Teleki Mih\u00e1lyn\u00e9 (1659\u2013); 3. Fricsi Fekete Kl\u00e1ra.Fi\u00fak: L\u0151rinc. \u2013 Kisk\u00fck\u00fcll\u0151 vm. f\u0151isp\u00e1nja (1658\u201359), R\u00e1k\u00f3czi Gy\u00f6rgy nevezte ki Haller Istv\u00e1n hely\u00e9be, egy\u00fctt buni Bethlen J\u00e1nossal. R\u00e1k\u00f3czi Gy\u00f6rgy hatalmas embere volt.Mint [&hellip;]<\/p>\n","protected":false},"featured_media":0,"comment_status":"open","ping_status":"closed","template":"","meta":[],"product_brand":[],"product_cat":[137],"product_tag":[],"class_list":{"0":"post-17841","1":"product","2":"type-product","3":"status-publish","5":"product_cat-maros-megyei-eletrajzi-lexikon","7":"first","8":"instock","9":"shipping-taxable","10":"product-type-simple"},"_links":{"self":[{"href":"https:\/\/uj.adatbank.ro\/lexikon\/wp-json\/wp\/v2\/product\/17841","targetHints":{"allow":["GET"]}}],"collection":[{"href":"https:\/\/uj.adatbank.ro\/lexikon\/wp-json\/wp\/v2\/product"}],"about":[{"href":"https:\/\/uj.adatbank.ro\/lexikon\/wp-json\/wp\/v2\/types\/product"}],"replies":[{"embeddable":true,"href":"https:\/\/uj.adatbank.ro\/lexikon\/wp-json\/wp\/v2\/comments?post=17841"}],"wp:attachment":[{"href":"https:\/\/uj.adatbank.ro\/lexikon\/wp-json\/wp\/v2\/media?parent=17841"}],"wp:term":[{"taxonomy":"product_brand","embeddable":true,"href":"https:\/\/uj.adatbank.ro\/lexikon\/wp-json\/wp\/v2\/product_brand?post=17841"},{"taxonomy":"product_cat","embeddable":true,"href":"https:\/\/uj.adatbank.ro\/lexikon\/wp-json\/wp\/v2\/product_cat?post=17841"},{"taxonomy":"product_tag","embeddable":true,"href":"https:\/\/uj.adatbank.ro\/lexikon\/wp-json\/wp\/v2\/product_tag?post=17841"}],"curies":[{"name":"wp","href":"https:\/\/api.w.org\/{rel}","templated":true}]}}