{"id":17844,"date":"2025-07-16T10:30:06","date_gmt":"2025-07-16T08:30:06","guid":{"rendered":"https:\/\/uj.adatbank.ro\/lexikon\/termek\/pekri-gabor-kutyfalvi-pekry-gabor\/"},"modified":"2025-07-16T10:30:06","modified_gmt":"2025-07-16T08:30:06","slug":"pekri-gabor-kutyfalvi-pekry-gabor","status":"publish","type":"product","link":"https:\/\/uj.adatbank.ro\/lexikon\/termek\/pekri-gabor-kutyfalvi-pekry-gabor\/","title":{"rendered":"PEKRI G\u00e1bor, kutyfalvi; Pekry G\u00e1bor"},"content":{"rendered":"<p>? \u2020\u00a0?: nemes, sz\u00e9kely f\u0151kapit\u00e1ny, a fejedelmi hadak parancsnoka. \u2013 Feles\u00e9ge: K\u00e1poln\u00e1si Anna. Fia: G\u00e1bor, feles\u00e9ge Rh\u00e9dey Zs\u00f3fia \u2013 a magyar\u00f3zdi \u00e1g, f\u0151nemesi vonal, Istv\u00e1n feles\u00e9ge Gerendi Margit, Thoroczkay Ilona \u2013 a dics\u0151szentm\u00e1rtoni \u00e1g alapt\u00f3i-amely megmaradt a nemesi c\u00edm mellett. A fejedelem az udvarhelysz\u00e9ki Sz\u00e9kelyt\u00e1madt \u00e9s a h\u00e1romsz\u00e9ki V\u00e1rhegyen \u00e9p\u00edtett Sz\u00e9kelyb\u00e1nja v\u00e1rnagy\u00e1v\u00e1 \u00e9s a hat fell\u00e1zadt sz\u00e9k (Maros, Udvarhely, Csik, -Gyergy\u00f3-K\u00e1szon, Sepsi, K\u00e9zdi, Orbai) f\u0151kap\u00edt\u00e1ny\u00e1v\u00e1 nevezte ki (1562\u201364). Vask\u00e9zzel b\u00e1nt a sz\u00e9kelyekkel. A v\u00e1rhegyi kapit\u00e1nyok a h\u00e1romsz\u00e9ki f\u0151kir\u00e1lyb\u00edr\u00f3s\u00e1got is viselt\u00e9k. Vaja \u00e9s \u00c1kosfalva hat\u00e1r\u00e1ban \u00fct\u00f6ttek t\u00e1bort a jogaik\u00e9rt fell\u00e1zadt sz\u00e9kelyek J\u00e1nos Zsigmond uralma ellen, akiket a Kisg\u00f6rg\u00e9ny fel\u00e9 vezet\u0151 r\u00e9ten vert\u00e9k sz\u00e9t a fejedelem seregei Pekri G\u00e1bor \u00e9s Rad\u00e1k L\u00e1szl\u00f3 vezet\u00e9s\u00e9vel (1562). A felkel\u00e9s vezet\u0151it kiv\u00e9gezt\u00e9k. A n\u00e9p az\u00f3ta is V\u00e9rpadnak nevezi ezt a helyet\u00a0. <br \/><strong>Irod.:<\/strong> Id\u0151t\u00e1r 1; Maros megye; P\u00e1l-Antal 2002; Szaniszl\u00f3 Zsigmond napl\u00f3i 1682\u20131711 (Bp., 1911)<\/br><\/p>\n","protected":false},"excerpt":{"rendered":"<p>? \u2020\u00a0?: nemes, sz\u00e9kely f\u0151kapit\u00e1ny, a fejedelmi hadak parancsnoka. \u2013 Feles\u00e9ge: K\u00e1poln\u00e1si Anna. Fia: G\u00e1bor, feles\u00e9ge Rh\u00e9dey Zs\u00f3fia \u2013 a magyar\u00f3zdi \u00e1g, f\u0151nemesi vonal, Istv\u00e1n feles\u00e9ge Gerendi Margit, Thoroczkay Ilona \u2013 a dics\u0151szentm\u00e1rtoni \u00e1g alapt\u00f3i-amely megmaradt a nemesi c\u00edm mellett. A fejedelem az udvarhelysz\u00e9ki Sz\u00e9kelyt\u00e1madt \u00e9s a h\u00e1romsz\u00e9ki V\u00e1rhegyen \u00e9p\u00edtett Sz\u00e9kelyb\u00e1nja v\u00e1rnagy\u00e1v\u00e1 \u00e9s a hat [&hellip;]<\/p>\n","protected":false},"featured_media":0,"comment_status":"open","ping_status":"closed","template":"","meta":[],"product_brand":[],"product_cat":[137],"product_tag":[],"class_list":{"0":"post-17844","1":"product","2":"type-product","3":"status-publish","5":"product_cat-maros-megyei-eletrajzi-lexikon","7":"first","8":"instock","9":"shipping-taxable","10":"product-type-simple"},"_links":{"self":[{"href":"https:\/\/uj.adatbank.ro\/lexikon\/wp-json\/wp\/v2\/product\/17844","targetHints":{"allow":["GET"]}}],"collection":[{"href":"https:\/\/uj.adatbank.ro\/lexikon\/wp-json\/wp\/v2\/product"}],"about":[{"href":"https:\/\/uj.adatbank.ro\/lexikon\/wp-json\/wp\/v2\/types\/product"}],"replies":[{"embeddable":true,"href":"https:\/\/uj.adatbank.ro\/lexikon\/wp-json\/wp\/v2\/comments?post=17844"}],"wp:attachment":[{"href":"https:\/\/uj.adatbank.ro\/lexikon\/wp-json\/wp\/v2\/media?parent=17844"}],"wp:term":[{"taxonomy":"product_brand","embeddable":true,"href":"https:\/\/uj.adatbank.ro\/lexikon\/wp-json\/wp\/v2\/product_brand?post=17844"},{"taxonomy":"product_cat","embeddable":true,"href":"https:\/\/uj.adatbank.ro\/lexikon\/wp-json\/wp\/v2\/product_cat?post=17844"},{"taxonomy":"product_tag","embeddable":true,"href":"https:\/\/uj.adatbank.ro\/lexikon\/wp-json\/wp\/v2\/product_tag?post=17844"}],"curies":[{"name":"wp","href":"https:\/\/api.w.org\/{rel}","templated":true}]}}