{"id":17846,"date":"2025-07-16T10:30:12","date_gmt":"2025-07-16T08:30:12","guid":{"rendered":"https:\/\/uj.adatbank.ro\/lexikon\/termek\/pekri-gezane-fay-blanka\/"},"modified":"2025-07-16T10:30:12","modified_gmt":"2025-07-16T08:30:12","slug":"pekri-gezane-fay-blanka","status":"publish","type":"product","link":"https:\/\/uj.adatbank.ro\/lexikon\/termek\/pekri-gezane-fay-blanka\/","title":{"rendered":"PEKRI G\u00e9z\u00e1n\u00e9; F\u00e1y Blanka"},"content":{"rendered":"<p>? \u2020\u00a0?: dics\u0151szentm\u00e1rtoni k\u00f6z\u00e9leti szem\u00e9lyis\u00e9g. \u2013 A k\u00fck\u00fcll\u0151i Ref. Egyh\u00e1zmegye \u00e9s helyi N\u0151sz\u00f6vets\u00e9g eln\u0151ke, az Erd\u00e9lyi Ref. Egyh\u00e1zker\u00fclet N\u0151sz\u00f6vets\u00e9g\u00e9nek aleln\u00f6ke, a M. N\u0151egylet eln\u00f6ke. <br \/><strong>Irod.:<\/strong> EM; Marosi-KZST<\/br><\/p>\n","protected":false},"excerpt":{"rendered":"<p>? \u2020\u00a0?: dics\u0151szentm\u00e1rtoni k\u00f6z\u00e9leti szem\u00e9lyis\u00e9g. \u2013 A k\u00fck\u00fcll\u0151i Ref. Egyh\u00e1zmegye \u00e9s helyi N\u0151sz\u00f6vets\u00e9g eln\u0151ke, az Erd\u00e9lyi Ref. Egyh\u00e1zker\u00fclet N\u0151sz\u00f6vets\u00e9g\u00e9nek aleln\u00f6ke, a M. N\u0151egylet eln\u00f6ke. Irod.: EM; Marosi-KZST<\/p>\n","protected":false},"featured_media":0,"comment_status":"open","ping_status":"closed","template":"","meta":[],"product_brand":[],"product_cat":[137],"product_tag":[],"class_list":{"0":"post-17846","1":"product","2":"type-product","3":"status-publish","5":"product_cat-maros-megyei-eletrajzi-lexikon","7":"first","8":"instock","9":"shipping-taxable","10":"product-type-simple"},"_links":{"self":[{"href":"https:\/\/uj.adatbank.ro\/lexikon\/wp-json\/wp\/v2\/product\/17846","targetHints":{"allow":["GET"]}}],"collection":[{"href":"https:\/\/uj.adatbank.ro\/lexikon\/wp-json\/wp\/v2\/product"}],"about":[{"href":"https:\/\/uj.adatbank.ro\/lexikon\/wp-json\/wp\/v2\/types\/product"}],"replies":[{"embeddable":true,"href":"https:\/\/uj.adatbank.ro\/lexikon\/wp-json\/wp\/v2\/comments?post=17846"}],"wp:attachment":[{"href":"https:\/\/uj.adatbank.ro\/lexikon\/wp-json\/wp\/v2\/media?parent=17846"}],"wp:term":[{"taxonomy":"product_brand","embeddable":true,"href":"https:\/\/uj.adatbank.ro\/lexikon\/wp-json\/wp\/v2\/product_brand?post=17846"},{"taxonomy":"product_cat","embeddable":true,"href":"https:\/\/uj.adatbank.ro\/lexikon\/wp-json\/wp\/v2\/product_cat?post=17846"},{"taxonomy":"product_tag","embeddable":true,"href":"https:\/\/uj.adatbank.ro\/lexikon\/wp-json\/wp\/v2\/product_tag?post=17846"}],"curies":[{"name":"wp","href":"https:\/\/api.w.org\/{rel}","templated":true}]}}