{"id":17847,"date":"2025-07-16T10:30:14","date_gmt":"2025-07-16T08:30:14","guid":{"rendered":"https:\/\/uj.adatbank.ro\/lexikon\/termek\/pekri-laszlo\/"},"modified":"2025-07-16T10:30:14","modified_gmt":"2025-07-16T08:30:14","slug":"pekri-laszlo","status":"publish","type":"product","link":"https:\/\/uj.adatbank.ro\/lexikon\/termek\/pekri-laszlo\/","title":{"rendered":"PEKRI L\u00e1szl\u00f3"},"content":{"rendered":"<p>? \u2020\u00a0Kutyfalva, 1697. j\u00fal. 21. (temet\u00e9se)\u00a0: f\u00f6ldbirtokos. \u2013 A kutyfalvi unit. egyh\u00e1z a Pekriek oltalma alatt \u00e1llt. <br \/><strong>Irod.:<\/strong> Alm\u00e1si Gergely Mih\u00e1ly: Halotti besz\u00e9d P. L. felett; Kissolymosi Koncz Boldizs\u00e1r: Halotti besz\u00e9d P. L. felett; Pesty 2014 V\u00e1rfalvi P\u00e1lfi Zsigmond: Halotti besz\u00e9d P. L. felett = K\u00e9nosi-Uzoni 2.<\/br><\/p>\n","protected":false},"excerpt":{"rendered":"<p>? \u2020\u00a0Kutyfalva, 1697. j\u00fal. 21. (temet\u00e9se)\u00a0: f\u00f6ldbirtokos. \u2013 A kutyfalvi unit. egyh\u00e1z a Pekriek oltalma alatt \u00e1llt. Irod.: Alm\u00e1si Gergely Mih\u00e1ly: Halotti besz\u00e9d P. L. felett; Kissolymosi Koncz Boldizs\u00e1r: Halotti besz\u00e9d P. L. felett; Pesty 2014 V\u00e1rfalvi P\u00e1lfi Zsigmond: Halotti besz\u00e9d P. L. felett = K\u00e9nosi-Uzoni 2.<\/p>\n","protected":false},"featured_media":0,"comment_status":"open","ping_status":"closed","template":"","meta":[],"product_brand":[],"product_cat":[137],"product_tag":[],"class_list":{"0":"post-17847","1":"product","2":"type-product","3":"status-publish","5":"product_cat-maros-megyei-eletrajzi-lexikon","7":"first","8":"instock","9":"shipping-taxable","10":"product-type-simple"},"_links":{"self":[{"href":"https:\/\/uj.adatbank.ro\/lexikon\/wp-json\/wp\/v2\/product\/17847","targetHints":{"allow":["GET"]}}],"collection":[{"href":"https:\/\/uj.adatbank.ro\/lexikon\/wp-json\/wp\/v2\/product"}],"about":[{"href":"https:\/\/uj.adatbank.ro\/lexikon\/wp-json\/wp\/v2\/types\/product"}],"replies":[{"embeddable":true,"href":"https:\/\/uj.adatbank.ro\/lexikon\/wp-json\/wp\/v2\/comments?post=17847"}],"wp:attachment":[{"href":"https:\/\/uj.adatbank.ro\/lexikon\/wp-json\/wp\/v2\/media?parent=17847"}],"wp:term":[{"taxonomy":"product_brand","embeddable":true,"href":"https:\/\/uj.adatbank.ro\/lexikon\/wp-json\/wp\/v2\/product_brand?post=17847"},{"taxonomy":"product_cat","embeddable":true,"href":"https:\/\/uj.adatbank.ro\/lexikon\/wp-json\/wp\/v2\/product_cat?post=17847"},{"taxonomy":"product_tag","embeddable":true,"href":"https:\/\/uj.adatbank.ro\/lexikon\/wp-json\/wp\/v2\/product_tag?post=17847"}],"curies":[{"name":"wp","href":"https:\/\/api.w.org\/{rel}","templated":true}]}}