{"id":17849,"date":"2025-07-16T10:30:17","date_gmt":"2025-07-16T08:30:17","guid":{"rendered":"https:\/\/uj.adatbank.ro\/lexikon\/termek\/pekry-petrovinai-nemes-es-grof-csalad\/"},"modified":"2025-07-16T10:30:17","modified_gmt":"2025-07-16T08:30:17","slug":"pekry-petrovinai-nemes-es-grof-csalad","status":"publish","type":"product","link":"https:\/\/uj.adatbank.ro\/lexikon\/termek\/pekry-petrovinai-nemes-es-grof-csalad\/","title":{"rendered":"PEKRY, petrovinai nemes \u00e9s gr\u00f3f csal\u00e1d"},"content":{"rendered":"<p>Val\u00f3sz\u00edn\u0171leg d\u00e9lszl\u00e1v eredet\u0171, el\u0151nev\u00e9t a horv\u00e1to.-i Petrovina helys\u00e9gr\u0151l \u00edrta.Tagjait a 16. sz.-t\u00f3l Mo.-on \u00e9s Erd\u00e9lyben is megtal\u00e1ljuk. Els\u0151 ismert erd\u00e9lyi tagja I. G\u00e1bor Udvarhely \u00e9s H\u00e1romsz\u00e9k f\u0151kapit\u00e1nya (1552). Fiai k\u00f6z\u00fcl G\u00e1bor a magyar\u00f3zdi \u00e1g, Istv\u00e1n a dics\u0151szentm\u00e1rtoni \u00e1g megalap\u00edt\u00f3ja. Gr\u00f3fi c\u00edmet a magyar\u00f3zdi \u00e1g szerzett. Legjelent\u0151sebb tagja L\u0151rinc C\u00edmere: a pajzs k\u00e9k mezej\u00e9nek k\u00f6zponti r\u00e9sz\u00e9n h\u00e1rom\u00e1g\u00fa lev\u00e9lkorona l\u00e1that\u00f3, melyet k\u00e9t egym\u00e1ssal szembe n\u00e9z\u0151 koron\u00e1t visel\u0151 kigy\u00f3 fon k\u00f6r\u00fcl. A dics\u0151szentm\u00e1rtoni \u00e1g megmaradt a nemesi c\u00edm mellett. Birtokaik voltak: Dics\u0151szentm\u00e1rton, Kir\u00e1lyfalva, P\u00e9terlaka, Cintos, Kutyfalva, Oroszi, Szentjakab, Magyar\u00f3zd. Kast\u00e9ly: Magyar\u00f3zd, \u2013 a birtokot Rad\u00e1k Istv\u00e1n z\u00e1logos\u00edtotta el P- L\u0151rincnek 60 \u00e9vre (1695). A kast\u00e9ly \u00e9p\u00edttet\u0151je bizonytalan v. Rad\u00e1k Istv\u00e1n v. Pekry L\u0151rinc. St\u00edlusa k\u00e9s\u0151renesz\u00e1nsz, t\u00f6bbsz\u00f6r \u00e1talak\u00edtott\u00e1k. Kutyfalva- az els\u0151 kast\u00e9lyt val\u00f3sz\u00edn\u0171leg gr. P. L\u0151rinc kuruc f\u0151gener\u00e1lis \u00e9s feles\u00e9ge Petr\u0151czy Kata Szid\u00f3nia \u00e9p\u00edtette. A 19 sz. elej\u00e9n lebontott\u00e1k \u00e9s be\u00e9p\u00edtettlk a D\u00e9genfeld kast\u00e9lyba.. <br \/><strong>Irod.:<\/strong> Bicsok-Orb\u00e1n; Erd\u00e9lyi arcok; Nagy-Bod\u00f3 Tibor: A multifunkcion\u00e1lis kast\u00e9ly (N\u00fa., 2021. j\u00fal. 23.); Orb\u00e1n Bal\u00e1zs; Pesty 2014<\/br><\/p>\n","protected":false},"excerpt":{"rendered":"<p>Val\u00f3sz\u00edn\u0171leg d\u00e9lszl\u00e1v eredet\u0171, el\u0151nev\u00e9t a horv\u00e1to.-i Petrovina helys\u00e9gr\u0151l \u00edrta.Tagjait a 16. sz.-t\u00f3l Mo.-on \u00e9s Erd\u00e9lyben is megtal\u00e1ljuk. Els\u0151 ismert erd\u00e9lyi tagja I. G\u00e1bor Udvarhely \u00e9s H\u00e1romsz\u00e9k f\u0151kapit\u00e1nya (1552). Fiai k\u00f6z\u00fcl G\u00e1bor a magyar\u00f3zdi \u00e1g, Istv\u00e1n a dics\u0151szentm\u00e1rtoni \u00e1g megalap\u00edt\u00f3ja. Gr\u00f3fi c\u00edmet a magyar\u00f3zdi \u00e1g szerzett. Legjelent\u0151sebb tagja L\u0151rinc C\u00edmere: a pajzs k\u00e9k mezej\u00e9nek k\u00f6zponti r\u00e9sz\u00e9n [&hellip;]<\/p>\n","protected":false},"featured_media":0,"comment_status":"open","ping_status":"closed","template":"","meta":[],"product_brand":[],"product_cat":[137],"product_tag":[],"class_list":{"0":"post-17849","1":"product","2":"type-product","3":"status-publish","5":"product_cat-maros-megyei-eletrajzi-lexikon","7":"first","8":"instock","9":"shipping-taxable","10":"product-type-simple"},"_links":{"self":[{"href":"https:\/\/uj.adatbank.ro\/lexikon\/wp-json\/wp\/v2\/product\/17849","targetHints":{"allow":["GET"]}}],"collection":[{"href":"https:\/\/uj.adatbank.ro\/lexikon\/wp-json\/wp\/v2\/product"}],"about":[{"href":"https:\/\/uj.adatbank.ro\/lexikon\/wp-json\/wp\/v2\/types\/product"}],"replies":[{"embeddable":true,"href":"https:\/\/uj.adatbank.ro\/lexikon\/wp-json\/wp\/v2\/comments?post=17849"}],"wp:attachment":[{"href":"https:\/\/uj.adatbank.ro\/lexikon\/wp-json\/wp\/v2\/media?parent=17849"}],"wp:term":[{"taxonomy":"product_brand","embeddable":true,"href":"https:\/\/uj.adatbank.ro\/lexikon\/wp-json\/wp\/v2\/product_brand?post=17849"},{"taxonomy":"product_cat","embeddable":true,"href":"https:\/\/uj.adatbank.ro\/lexikon\/wp-json\/wp\/v2\/product_cat?post=17849"},{"taxonomy":"product_tag","embeddable":true,"href":"https:\/\/uj.adatbank.ro\/lexikon\/wp-json\/wp\/v2\/product_tag?post=17849"}],"curies":[{"name":"wp","href":"https:\/\/api.w.org\/{rel}","templated":true}]}}