{"id":17852,"date":"2025-07-16T10:30:24","date_gmt":"2025-07-16T08:30:24","guid":{"rendered":"https:\/\/uj.adatbank.ro\/lexikon\/termek\/pekry-lajos-petrovinai-nemes\/"},"modified":"2025-07-16T10:30:24","modified_gmt":"2025-07-16T08:30:24","slug":"pekry-lajos-petrovinai-nemes","status":"publish","type":"product","link":"https:\/\/uj.adatbank.ro\/lexikon\/termek\/pekry-lajos-petrovinai-nemes\/","title":{"rendered":"PEKRY Lajos, petrovinai nemes"},"content":{"rendered":"<p>? \u2020\u00a0?: f\u00f6ldbirtokos. \u2013 B\u00e1thori Zsigmond a t\u00f6r\u00f6k ellen folytatott harc\u00e1nak jutalm\u00e1ul neki adom\u00e1nyozta a dics\u0151szentm\u00e1rtoni, kir\u00e1lyfalvi \u00e9s p\u00e9terlaki uradalmakat (1590). <br \/><strong>Irod.:<\/strong> Adatok, d\u00e1tumok a v\u00e1ros [Dics\u0151szentm\u00e1rton] m\u00faltj\u00e1b\u00f3l (N\u00fa., 1991. m\u00e1rc. 23.); Bicsok-Orb\u00e1n<\/br><\/p>\n","protected":false},"excerpt":{"rendered":"<p>? \u2020\u00a0?: f\u00f6ldbirtokos. \u2013 B\u00e1thori Zsigmond a t\u00f6r\u00f6k ellen folytatott harc\u00e1nak jutalm\u00e1ul neki adom\u00e1nyozta a dics\u0151szentm\u00e1rtoni, kir\u00e1lyfalvi \u00e9s p\u00e9terlaki uradalmakat (1590). Irod.: Adatok, d\u00e1tumok a v\u00e1ros [Dics\u0151szentm\u00e1rton] m\u00faltj\u00e1b\u00f3l (N\u00fa., 1991. m\u00e1rc. 23.); Bicsok-Orb\u00e1n<\/p>\n","protected":false},"featured_media":0,"comment_status":"open","ping_status":"closed","template":"","meta":[],"product_brand":[],"product_cat":[137],"product_tag":[],"class_list":{"0":"post-17852","1":"product","2":"type-product","3":"status-publish","5":"product_cat-maros-megyei-eletrajzi-lexikon","7":"first","8":"instock","9":"shipping-taxable","10":"product-type-simple"},"_links":{"self":[{"href":"https:\/\/uj.adatbank.ro\/lexikon\/wp-json\/wp\/v2\/product\/17852","targetHints":{"allow":["GET"]}}],"collection":[{"href":"https:\/\/uj.adatbank.ro\/lexikon\/wp-json\/wp\/v2\/product"}],"about":[{"href":"https:\/\/uj.adatbank.ro\/lexikon\/wp-json\/wp\/v2\/types\/product"}],"replies":[{"embeddable":true,"href":"https:\/\/uj.adatbank.ro\/lexikon\/wp-json\/wp\/v2\/comments?post=17852"}],"wp:attachment":[{"href":"https:\/\/uj.adatbank.ro\/lexikon\/wp-json\/wp\/v2\/media?parent=17852"}],"wp:term":[{"taxonomy":"product_brand","embeddable":true,"href":"https:\/\/uj.adatbank.ro\/lexikon\/wp-json\/wp\/v2\/product_brand?post=17852"},{"taxonomy":"product_cat","embeddable":true,"href":"https:\/\/uj.adatbank.ro\/lexikon\/wp-json\/wp\/v2\/product_cat?post=17852"},{"taxonomy":"product_tag","embeddable":true,"href":"https:\/\/uj.adatbank.ro\/lexikon\/wp-json\/wp\/v2\/product_tag?post=17852"}],"curies":[{"name":"wp","href":"https:\/\/api.w.org\/{rel}","templated":true}]}}