{"id":17853,"date":"2025-07-16T10:30:26","date_gmt":"2025-07-16T08:30:26","guid":{"rendered":"https:\/\/uj.adatbank.ro\/lexikon\/termek\/pekry-laszlo-petrovinai-nemes\/"},"modified":"2025-07-16T10:30:26","modified_gmt":"2025-07-16T08:30:26","slug":"pekry-laszlo-petrovinai-nemes","status":"publish","type":"product","link":"https:\/\/uj.adatbank.ro\/lexikon\/termek\/pekry-laszlo-petrovinai-nemes\/","title":{"rendered":"PEKRY L\u00e1szl\u00f3, petrovinai nemes"},"content":{"rendered":"<p>Dics\u0151szentm\u00e1rton, 1753. aug. 4., \u2020 ?: test\u0151r, katonatiszt.- A test\u0151rs\u00e9gben (1773\u20131776), majd a hadseregben szolg\u00e1lt (1777- ). Szamos\u00fajv\u00e1ri v\u00e1rparancsnok volt (1789\u20131797). <br \/><strong>Irod.:<\/strong> MTN<\/br><\/p>\n","protected":false},"excerpt":{"rendered":"<p>Dics\u0151szentm\u00e1rton, 1753. aug. 4., \u2020 ?: test\u0151r, katonatiszt.- A test\u0151rs\u00e9gben (1773\u20131776), majd a hadseregben szolg\u00e1lt (1777- ). Szamos\u00fajv\u00e1ri v\u00e1rparancsnok volt (1789\u20131797). Irod.: MTN<\/p>\n","protected":false},"featured_media":0,"comment_status":"open","ping_status":"closed","template":"","meta":[],"product_brand":[],"product_cat":[137],"product_tag":[],"class_list":{"0":"post-17853","1":"product","2":"type-product","3":"status-publish","5":"product_cat-maros-megyei-eletrajzi-lexikon","7":"first","8":"instock","9":"shipping-taxable","10":"product-type-simple"},"_links":{"self":[{"href":"https:\/\/uj.adatbank.ro\/lexikon\/wp-json\/wp\/v2\/product\/17853","targetHints":{"allow":["GET"]}}],"collection":[{"href":"https:\/\/uj.adatbank.ro\/lexikon\/wp-json\/wp\/v2\/product"}],"about":[{"href":"https:\/\/uj.adatbank.ro\/lexikon\/wp-json\/wp\/v2\/types\/product"}],"replies":[{"embeddable":true,"href":"https:\/\/uj.adatbank.ro\/lexikon\/wp-json\/wp\/v2\/comments?post=17853"}],"wp:attachment":[{"href":"https:\/\/uj.adatbank.ro\/lexikon\/wp-json\/wp\/v2\/media?parent=17853"}],"wp:term":[{"taxonomy":"product_brand","embeddable":true,"href":"https:\/\/uj.adatbank.ro\/lexikon\/wp-json\/wp\/v2\/product_brand?post=17853"},{"taxonomy":"product_cat","embeddable":true,"href":"https:\/\/uj.adatbank.ro\/lexikon\/wp-json\/wp\/v2\/product_cat?post=17853"},{"taxonomy":"product_tag","embeddable":true,"href":"https:\/\/uj.adatbank.ro\/lexikon\/wp-json\/wp\/v2\/product_tag?post=17853"}],"curies":[{"name":"wp","href":"https:\/\/api.w.org\/{rel}","templated":true}]}}