{"id":17854,"date":"2025-07-16T10:30:27","date_gmt":"2025-07-16T08:30:27","guid":{"rendered":"https:\/\/uj.adatbank.ro\/lexikon\/termek\/pekry-lorinc-petrovinai-magyarozdi-gr-pekri-lorinc-pekri-lorintz\/"},"modified":"2025-07-16T10:30:27","modified_gmt":"2025-07-16T08:30:27","slug":"pekry-lorinc-petrovinai-magyarozdi-gr-pekri-lorinc-pekri-lorintz","status":"publish","type":"product","link":"https:\/\/uj.adatbank.ro\/lexikon\/termek\/pekry-lorinc-petrovinai-magyarozdi-gr-pekri-lorinc-pekri-lorintz\/","title":{"rendered":"PEKRY L\u0151rinc, petrovinai, magyar\u00f3zdi gr., Pekri L\u0151rinc, Pekri L\u00f6rintz"},"content":{"rendered":"<p>1650 k. \u2020 Homonna, 1709. m\u00e1rc. 6.: kuruc t\u00e1bornok, a sz\u00e9kelyek f\u0151kapit\u00e1nya. \u2013 P. Ferenc \u00e9s k\u00f6r\u00f6starcsai Ve\u00e9r Anna fia. fricsi Fekete Kl\u00e1ra fia (L\u00e1z\u00e1r Mikl\u00f3s inf.). Feles\u00e9ge: 1. Csob\u00e1si Judit, 2. Petr\u0151czi Kata Szid\u00f3nia (1658\u20131708) k\u00f6lt\u0151n\u0151. Gyermekeik: Kl\u00e1ra Mossburg Zsigmondn\u00e9; Kata 1.br. P\u00f6lnitz J\u00e1nosn\u00e9, 2.Kem\u00e9ny L\u00e1szl\u00f3n\u00e9; Polix\u00e9nia Daniel Istv\u00e1nn\u00e9; Erzs\u00e9bet Ter\u00e9zia Rad\u00e1k \u00c1d\u00e1mn\u00e9; Zs\u00f3fia; Imre, vele a magyar\u00f3zdi f\u0151nemesi \u00e1g kihalt. Erd\u00e9lyi ref. f\u0151nemesi csal\u00e1db\u00f3l sz\u00e1rmazott. I. Apafi Mih\u00e1ly erd\u00e9lyi fejedelem sereg\u00e9ben szolg\u00e1lt (1667\u2013). A Th\u00f6k\u00f6ly Imr\u00e9vel val\u00f3 rokons\u00e1ga \u00e9s kapcsolata miatt az erd\u00e9lyi ogy. h\u0171tlens\u00e9gi pert ind\u00edtott ellene \u00e9s j\u00f3sz\u00e1gveszt\u00e9sre \u00edt\u00e9lte (1686. aug. 21.), valamint 3 h\u00f3napig fogs\u00e1gban tartott\u00e1k Mo.-on (1689. j\u00fan.). Erre a cs\u00e1sz\u00e1ri szolg\u00e1latba \u00e1llt \u00e9s \u00e1tt\u00e9rt a kat. vall\u00e1sra. B\u00e1r\u00f3i (1690\u2013), \u00e9s gr\u00f3fi (1692\u2013) c\u00edmet nyert.Tev\u00e9kenyen r\u00e9szt vett a t\u00f6r\u00f6k\u00f6k elleni felszabad\u00edt\u00f3 h\u00e1bor\u00faban. Kapornaki f\u0151kapit\u00e1ny (1690. aug.\u2013), kir. tan\u00e1csos (1690), gener\u00e1lis (1693), visszat\u00e9rt Erd\u00e9lybe, kutyfalvi birtok\u00e1ra (1693). Sz\u00f6r\u00e9ny vm. (1694\u2013), Feh\u00e9r vm. (1695 vagy 1698\u20131709) f\u0151isp\u00e1nja, I. Lip\u00f3tt\u00f3l visszakapta elkobzott erd\u00e9lyi birtokait (1696). Udvarhelysz\u00e9k f\u0151kapit\u00e1nya (1699. szept.\u2013); e tiszts\u00e9g\u00e9ben k\u00edm\u00e9letlen eszk\u00f6z\u00f6kkel \u00e9rv\u00e9nyes\u00edtette a b\u00e9csi udvar akarat\u00e1t.Bal\u00e1zsfalv\u00e1n a kurucok elfogt\u00e1k (1703. dec. 23.), ekkor csatlakozott II. R\u00e1k\u00f3czi Ferenchez, akinek erd\u00e9lyi fejedelemm\u00e9 v\u00e1laszt\u00e1s\u00e1ban jelent\u0151s szerepet j\u00e1tszott. Kuruc gener\u00e1lis (1704. \u00e1pr.), gener\u00e1lis str\u00e1zsamester (1704), M\u00e1ramaros vm. f\u0151isp\u00e1nja (1704\u201307). Erd\u00e9lyben a fejedelem teljhatalm\u00fa megb\u00edzottja (1704. j\u00fan.-j\u00fal.), alt\u00e1bornagy (1705. j\u00fan.), az erd\u00e9lyi kuruc hadak f\u0151parancsnoka (1705. szept.\u2013). Moldv\u00e1ba emigr\u00e1lt (1705 v\u00e9g\u00e9n). Ism\u00e9t erd\u00e9lyi f\u0151parancsnok (1706. j\u00fal.\u2013), lovass\u00e1gi gener\u00e1lis (1707. jan.), az Erd\u00e9lyi Consilium, II. R\u00e1k\u00f3czi \u00e1ltal kinevezett korm\u00e1nytan\u00e1cs\u00e1nak egyik tagja (1707. \u00e1pr.), t\u00e1bornagy (1707. m\u00e1j.). Rabutin cs\u00e1sz\u00e1ri gener\u00e1lis t\u00e1mad\u00e1s\u00e1t nem tudta visszaverni, s\u0151t \u00e1tgondolatlan hadm\u0171veleteivel hozz\u00e1j\u00e1rult a cs\u00e1sz\u00e1ri csapatok sikereihez. Erd\u00e9ly elveszt\u00e9se ut\u00e1n, R\u00e1k\u00f3czi lev\u00e1ltotta, \u00e9s vizsg\u00e1latot ind\u00edtott ellene (1707. nov.). Ezut\u00e1n vezet\u0151 beoszt\u00e1sba t\u00f6bb\u00e9 nem ker\u00fclt. Pestisben halt meg. Parancs\u00e1ra a mv.-i c\u00e9hek hozz\u00e1fogtak a v\u00e1r rozzant falainak \u00fajj\u00e1\u00e9p\u00edt\u00e9s\u00e9hez \u00e9s meger\u0151s\u00edt\u00e9s\u00e9hez a szab\u00f3k b\u00e1sty\u00e1ja k\u00f6r\u00fcl. \u0150 fogadta a fejedelmi beiktat\u00e1sra \u00e9rkez\u0151 II. R\u00e1k\u00f3czi Ferencet (1707. \u00e1pr. 5). Birtokai voltak Kutyfalv\u00e1n, Magyar\u00f3zdon, Ludason. A magyar\u00f3zdi kast\u00e9lya francia k\u00e9s\u0151 g\u00f3tikus st\u00edlusban \u00e9p\u00fclt (1682), a cs\u00e1sz\u00e1ri csapatok megostromolt\u00e1k, elfoglalt\u00e1k, lerombolt\u00e1k (1709). csak r\u00e9szben lakott (az 1900-as \u00e9vekben), r\u00e9szben volt k\u00f6zc\u00e9lra hasznos\u00edtva (1962-ig). Magyar\u00f3zd templom\u00e1nak ajtaja felett, mint jav\u00edttat\u00f3 szerepel a neve (1687). A gezsei kast\u00e9ly \u00e9p\u00edttet\u0151je. Kutyfalv\u00e1n is f\u00e9nyes kast\u00e9lyt \u00e9p\u00edttetett, lebont\u00e1sa ut\u00e1n ennek anyag\u00e1t a ma is \u00e1ll\u00f3 Degenfeld csal\u00e1d kast\u00e9ly\u00e1ba \u00e9p\u00edtett\u00e9k bele. Itt kedvenc tart\u00f3zkod\u00e1si helye volt. Feles\u00e9g\u00e9vel egy\u00fctt birtokolta Ludast (ma Marosludas, 1702\u2013). \u2013 <strong>F. m.:<\/strong> <strong>antol\u00f3g.:<\/strong> Daniel G\u00e1bor: T\u00f6rt\u00e9nelmi kal\u00e1szok (levelek, Pest, 1862). <br \/><strong>Irod.:<\/strong> \u00c1ll\u00f3- \u00e9s mozg\u00f3k\u00e9pek; \u00c1rva Bethlen K.; Bi\u00e1s Istv\u00e1n: Unit\u00e1rius egyh\u00e1zt\u00f6rt\u00e9neti adatok (Mv., 1910); Bicsok-Orb\u00e1n; Erd\u00e9lyi arcok; Fabritius K\u00e1roly: P. L. levele egy jezsuit\u00e1hoz (1706) (T\u00f6rt. T\u00e1r., 1878); F\u00fcl\u00f6p\u2013Ferencz; Heckenast Guszt\u00e1v: A R\u00e1k\u00f3czi-sza\u00adbads\u00e1gharc t\u00e1bornokai = A tudom\u00e1ny szolg\u00e1lat\u00e1ban. Benda K\u00e1lm\u00e1n Eml\u00e9kk. (Bp., 1993); Id\u0151t\u00e1r 1; K\u00e9nosi-Uzoni 2.; Keresztes; Keresztes Gyula: Kast\u00e9lyaink 12.: A kutyfalvi kast\u00e9ly (N\u00fa., 1992. j\u00fan. 20.); Keresztes Gyula: \u00d6r\u00f6ks\u00e9g\u00fcnk 43.: A magyar\u00f3zdi kast\u00e9ly (N\u00fa., 1993. szept. 10.); Lamp\u00e9rth G\u00e9za: Gr\u00f3f P. L. leveleib\u0151l II. R\u00e1k\u00f3czi Ferenc 1704\/5-iki erd\u00e9lyi hadj\u00e1ra\u00adta t\u00f6rt\u00e9net\u00e9hez (T\u00f6rt. T\u00e1r, 1899); L\u00e9sty\u00e1n \u2013 templomok; L\u00e1z\u00e1r; M. t\u00f6rt. t\u00e1r 18.; M\u00e1rki S\u00e1ndor: Az utols\u00f3 fejedelmi beiktat\u00e1s Erd\u00e9lyben (N\u00fa., 1991. m\u00e1rc. 1.; 1991. m\u00e1rc. 8.; 1991. m\u00e1rc. 15.); Maros megye; Mo. f\u0151isp\u00e1njai; Nagy Bod\u00f3 Tibor: A tat\u00e1rj\u00e1r\u00e1s el\u0151tti falu renesz\u00e1nsz kast\u00e9lya \u00e9s k\u00f6z\u00e9pkori temploma (K\u00f6zpont, 2016. m\u00e1j. 5\u201311.); Nagy Bod\u00f3 Tibor: A multifunkcion\u00e1lis kast\u00e9ly (N\u00fa., 2021. j\u0151l. 23.); P\u00e1l-Antal 2002; Pesty 2014; R\u00e1cz Imre: Pekrovinai Gr. P. L., II. R\u00e1k\u00f3czi Ferenc fejedelem hadvez\u00e9re (Debrecen, 1929); Sz\u00e1deczky Lajos: Gr\u00f3f P. L. lev\u00e9lt\u00e1ra (Sz\u00e1z., 1908); P. L.-t\u0151l maradott res-mobili\u00e1knak oszt\u00e1lya 1710-b\u0151l. Kiad. Sug\u00e1r Istv\u00e1n (M\u0171v.t\u00f6rt. \u00c9rt., 1991); Sz\u00e1deczky Kardos Lajos: A sz\u00e9kely nemzet t\u00f6rt\u00e9nete \u00e9s alkotm\u00e1nya (Bp., 1927); Szaniszl\u00f3; Szekeres Ad\u00e9l: Ludas a XV \u2013 XVIII. sz\u00e1zad k\u00f6z\u00f6tt (N\u00fa., 1996. m\u00e1rc. 13.); Sz\u00e9pr\u00e9ti: R\u00e9gi \u00e9s \u00faj vil\u00e1g; Teleki Mih\u00e1ly udvartart\u00e1si napl\u00f3ja (1673\u20131681) (Kv., 2007); Tolok\u00e1n Jen\u0151: Marosludas a magyar irodalomban (N\u00fa., 1999. jan. 14.); T\u00f3th Istv\u00e1n: A gyulafeh\u00e9rv\u00e1ri humanista k\u00f6lt\u00e9szet antol\u00f3gi\u00e1ja (Bp., 2001); T\u00f6rt\u00e9neti eml\u00e9kek a magyar n\u00e9p k\u00f6zs\u00e9gi \u00e9s mag\u00e1n \u00e9let\u00e9b\u0151l (Pest, 1860); \u00daM\u00c9L<\/br><\/p>\n","protected":false},"excerpt":{"rendered":"<p>1650 k. \u2020 Homonna, 1709. m\u00e1rc. 6.: kuruc t\u00e1bornok, a sz\u00e9kelyek f\u0151kapit\u00e1nya. \u2013 P. Ferenc \u00e9s k\u00f6r\u00f6starcsai Ve\u00e9r Anna fia. fricsi Fekete Kl\u00e1ra fia (L\u00e1z\u00e1r Mikl\u00f3s inf.). Feles\u00e9ge: 1. Csob\u00e1si Judit, 2. Petr\u0151czi Kata Szid\u00f3nia (1658\u20131708) k\u00f6lt\u0151n\u0151. Gyermekeik: Kl\u00e1ra Mossburg Zsigmondn\u00e9; Kata 1.br. P\u00f6lnitz J\u00e1nosn\u00e9, 2.Kem\u00e9ny L\u00e1szl\u00f3n\u00e9; Polix\u00e9nia Daniel Istv\u00e1nn\u00e9; Erzs\u00e9bet Ter\u00e9zia Rad\u00e1k \u00c1d\u00e1mn\u00e9; Zs\u00f3fia; [&hellip;]<\/p>\n","protected":false},"featured_media":0,"comment_status":"open","ping_status":"closed","template":"","meta":[],"product_brand":[],"product_cat":[137],"product_tag":[],"class_list":{"0":"post-17854","1":"product","2":"type-product","3":"status-publish","5":"product_cat-maros-megyei-eletrajzi-lexikon","7":"first","8":"instock","9":"shipping-taxable","10":"product-type-simple"},"_links":{"self":[{"href":"https:\/\/uj.adatbank.ro\/lexikon\/wp-json\/wp\/v2\/product\/17854","targetHints":{"allow":["GET"]}}],"collection":[{"href":"https:\/\/uj.adatbank.ro\/lexikon\/wp-json\/wp\/v2\/product"}],"about":[{"href":"https:\/\/uj.adatbank.ro\/lexikon\/wp-json\/wp\/v2\/types\/product"}],"replies":[{"embeddable":true,"href":"https:\/\/uj.adatbank.ro\/lexikon\/wp-json\/wp\/v2\/comments?post=17854"}],"wp:attachment":[{"href":"https:\/\/uj.adatbank.ro\/lexikon\/wp-json\/wp\/v2\/media?parent=17854"}],"wp:term":[{"taxonomy":"product_brand","embeddable":true,"href":"https:\/\/uj.adatbank.ro\/lexikon\/wp-json\/wp\/v2\/product_brand?post=17854"},{"taxonomy":"product_cat","embeddable":true,"href":"https:\/\/uj.adatbank.ro\/lexikon\/wp-json\/wp\/v2\/product_cat?post=17854"},{"taxonomy":"product_tag","embeddable":true,"href":"https:\/\/uj.adatbank.ro\/lexikon\/wp-json\/wp\/v2\/product_tag?post=17854"}],"curies":[{"name":"wp","href":"https:\/\/api.w.org\/{rel}","templated":true}]}}