{"id":17856,"date":"2025-07-16T10:30:34","date_gmt":"2025-07-16T08:30:34","guid":{"rendered":"https:\/\/uj.adatbank.ro\/lexikon\/termek\/pekry-polixenia-petrovinai-gr-daniel-istvanne\/"},"modified":"2025-07-16T10:30:34","modified_gmt":"2025-07-16T08:30:34","slug":"pekry-polixenia-petrovinai-gr-daniel-istvanne","status":"publish","type":"product","link":"https:\/\/uj.adatbank.ro\/lexikon\/termek\/pekry-polixenia-petrovinai-gr-daniel-istvanne\/","title":{"rendered":"PEKRY Polixenia, petrovinai gr., Daniel Istv\u00e1nn\u00e9"},"content":{"rendered":"<p>? \u20201782\u20133\u00a0? : adom\u00e1nyoz\u00f3, f\u0151nemes asszony.Le\u00e1nyuk: Daniel Polix\u00e9nia, f\u00e9rje Wessel\u00e9nyi Istv\u00e1n. \u2013 A kutyfalvi birtokot \u00f6r\u00f6k\u00f6lte. F\u00e9rj\u00e9vel egy\u00fctt b\u00faza \u00e9s bord\u00e9zsm\u00e1t hagyom\u00e1nyoztak a mv.-i Ref. Koll.-ra. (1783-ban m\u00e1r n\u00e9hai). <br \/><strong>Irod.:<\/strong> Erd\u00e9lyi arcok; Id\u0151t\u00e1r 1<\/br><\/p>\n","protected":false},"excerpt":{"rendered":"<p>? \u20201782\u20133\u00a0? : adom\u00e1nyoz\u00f3, f\u0151nemes asszony.Le\u00e1nyuk: Daniel Polix\u00e9nia, f\u00e9rje Wessel\u00e9nyi Istv\u00e1n. \u2013 A kutyfalvi birtokot \u00f6r\u00f6k\u00f6lte. F\u00e9rj\u00e9vel egy\u00fctt b\u00faza \u00e9s bord\u00e9zsm\u00e1t hagyom\u00e1nyoztak a mv.-i Ref. Koll.-ra. (1783-ban m\u00e1r n\u00e9hai). Irod.: Erd\u00e9lyi arcok; Id\u0151t\u00e1r 1<\/p>\n","protected":false},"featured_media":0,"comment_status":"open","ping_status":"closed","template":"","meta":[],"product_brand":[],"product_cat":[137],"product_tag":[],"class_list":{"0":"post-17856","1":"product","2":"type-product","3":"status-publish","5":"product_cat-maros-megyei-eletrajzi-lexikon","7":"first","8":"instock","9":"shipping-taxable","10":"product-type-simple"},"_links":{"self":[{"href":"https:\/\/uj.adatbank.ro\/lexikon\/wp-json\/wp\/v2\/product\/17856","targetHints":{"allow":["GET"]}}],"collection":[{"href":"https:\/\/uj.adatbank.ro\/lexikon\/wp-json\/wp\/v2\/product"}],"about":[{"href":"https:\/\/uj.adatbank.ro\/lexikon\/wp-json\/wp\/v2\/types\/product"}],"replies":[{"embeddable":true,"href":"https:\/\/uj.adatbank.ro\/lexikon\/wp-json\/wp\/v2\/comments?post=17856"}],"wp:attachment":[{"href":"https:\/\/uj.adatbank.ro\/lexikon\/wp-json\/wp\/v2\/media?parent=17856"}],"wp:term":[{"taxonomy":"product_brand","embeddable":true,"href":"https:\/\/uj.adatbank.ro\/lexikon\/wp-json\/wp\/v2\/product_brand?post=17856"},{"taxonomy":"product_cat","embeddable":true,"href":"https:\/\/uj.adatbank.ro\/lexikon\/wp-json\/wp\/v2\/product_cat?post=17856"},{"taxonomy":"product_tag","embeddable":true,"href":"https:\/\/uj.adatbank.ro\/lexikon\/wp-json\/wp\/v2\/product_tag?post=17856"}],"curies":[{"name":"wp","href":"https:\/\/api.w.org\/{rel}","templated":true}]}}