{"id":17857,"date":"2025-07-16T10:30:38","date_gmt":"2025-07-16T08:30:38","guid":{"rendered":"https:\/\/uj.adatbank.ro\/lexikon\/termek\/pekry-sandor-gr\/"},"modified":"2025-07-16T10:30:38","modified_gmt":"2025-07-16T08:30:38","slug":"pekry-sandor-gr","status":"publish","type":"product","link":"https:\/\/uj.adatbank.ro\/lexikon\/termek\/pekry-sandor-gr\/","title":{"rendered":"PEKRY S\u00e1ndor, gr."},"content":{"rendered":"<p>1855., \u2020 Dics\u0151szentm\u00e1rton, 1928. m\u00e1rc. 9.: f\u00f6ldbirtokos, k\u00f6z\u00e9leti szem\u00e9lyis\u00e9g. Fia. P. G\u00e9za (1885\u20131965). \u2013 A dics\u0151szentm\u00e1rtoni r. k. egyh\u00e1z alap\u00edt\u00f3ja volt. A templom hely\u00e9nek \u00e9s pl\u00e9b\u00e1nia lak\u00e1s\u00e9p\u00edt\u00e9s\u00e9nek a v\u00e1ros legszebb hely\u00e9n aj\u00e1nd\u00e9kozott k\u00e9t hatalmas telket \u00e9s meg\u00e9p\u00fclt a templom (1899). 20 hold ter\u00fcletet adom\u00e1nyozott, a papi j\u00f6vedelem n\u00f6vel\u00e9s\u00e9re. A rom\u00e1n f\u00f6ldkisaj\u00e1t\u00edt\u00e1si t\u00f6rv\u00e9ny alapj\u00e1n a Pekri birtokb\u00f3l 700 holdat saj\u00e1t\u00edtottak ki. A kisaj\u00e1t\u00edtott birtokainak egy r\u00e9sz\u00e9t (kb.300 holdat) csak rom\u00e1n csal\u00e1doknak osztott\u00e1k sz\u00e9t (1921). Az \u00faj Megyeh\u00e1z \u00e9p\u00edt\u00e9s\u00e9hez sz\u00fcks\u00e9ges \u00f3ri\u00e1si mennyis\u00e9g\u0171 \u00e9p\u00edt\u0151anyagot biztos\u00edtotta. Dics\u0151szentm\u00e1rtonban a v\u00e1rmegyei k\u00f6zigazgat\u00e1si bizotts\u00e1g tagja (1900. k.). A r. k. egyh\u00e1z f\u0151gondnoka volt, a Takar\u00e9kp\u00e9nzt\u00e1r igazgat\u00f3s\u00e1gi eln\u00f6ke, az Olvas\u00f3 \u00e9s T\u00e1rsask\u00f6r eln\u00f6ke, a T\u0171zolt\u00f3 egylet megalap\u00edt\u00f3ja \u00e9s eln\u00f6ke, a M. iparos test\u00fclet aleln\u00f6ke, hal\u00e1l\u00e1ig a Kis-K\u00fck\u00fcll\u0151 v\u00e1rmegyei Orsz\u00e1gos M. P\u00e1rt eln\u00f6ke volt. Az EMKE alap\u00edt\u00f3 \u00e9s v\u00e1lasztott v\u00e1lasztm\u00e1nyi tagja. <br \/><strong>Irod.:<\/strong> Bicsok-Orb\u00e1n; Dics\u0151szentm\u00e1rton; Dics\u0151szentm\u00e1rton r\u00e9gi arca; L\u00e9sty\u00e1n \u2013 templomok 1.; Maros-k\u00fck\u00fcll\u0151i f\u0151esp.; S\u00e1ndor<\/br><\/p>\n","protected":false},"excerpt":{"rendered":"<p>1855., \u2020 Dics\u0151szentm\u00e1rton, 1928. m\u00e1rc. 9.: f\u00f6ldbirtokos, k\u00f6z\u00e9leti szem\u00e9lyis\u00e9g. Fia. P. G\u00e9za (1885\u20131965). \u2013 A dics\u0151szentm\u00e1rtoni r. k. egyh\u00e1z alap\u00edt\u00f3ja volt. A templom hely\u00e9nek \u00e9s pl\u00e9b\u00e1nia lak\u00e1s\u00e9p\u00edt\u00e9s\u00e9nek a v\u00e1ros legszebb hely\u00e9n aj\u00e1nd\u00e9kozott k\u00e9t hatalmas telket \u00e9s meg\u00e9p\u00fclt a templom (1899). 20 hold ter\u00fcletet adom\u00e1nyozott, a papi j\u00f6vedelem n\u00f6vel\u00e9s\u00e9re. A rom\u00e1n f\u00f6ldkisaj\u00e1t\u00edt\u00e1si t\u00f6rv\u00e9ny alapj\u00e1n a Pekri [&hellip;]<\/p>\n","protected":false},"featured_media":0,"comment_status":"open","ping_status":"closed","template":"","meta":[],"product_brand":[],"product_cat":[137],"product_tag":[],"class_list":{"0":"post-17857","1":"product","2":"type-product","3":"status-publish","5":"product_cat-maros-megyei-eletrajzi-lexikon","7":"first","8":"instock","9":"shipping-taxable","10":"product-type-simple"},"_links":{"self":[{"href":"https:\/\/uj.adatbank.ro\/lexikon\/wp-json\/wp\/v2\/product\/17857","targetHints":{"allow":["GET"]}}],"collection":[{"href":"https:\/\/uj.adatbank.ro\/lexikon\/wp-json\/wp\/v2\/product"}],"about":[{"href":"https:\/\/uj.adatbank.ro\/lexikon\/wp-json\/wp\/v2\/types\/product"}],"replies":[{"embeddable":true,"href":"https:\/\/uj.adatbank.ro\/lexikon\/wp-json\/wp\/v2\/comments?post=17857"}],"wp:attachment":[{"href":"https:\/\/uj.adatbank.ro\/lexikon\/wp-json\/wp\/v2\/media?parent=17857"}],"wp:term":[{"taxonomy":"product_brand","embeddable":true,"href":"https:\/\/uj.adatbank.ro\/lexikon\/wp-json\/wp\/v2\/product_brand?post=17857"},{"taxonomy":"product_cat","embeddable":true,"href":"https:\/\/uj.adatbank.ro\/lexikon\/wp-json\/wp\/v2\/product_cat?post=17857"},{"taxonomy":"product_tag","embeddable":true,"href":"https:\/\/uj.adatbank.ro\/lexikon\/wp-json\/wp\/v2\/product_tag?post=17857"}],"curies":[{"name":"wp","href":"https:\/\/api.w.org\/{rel}","templated":true}]}}