{"id":17858,"date":"2025-07-16T10:30:41","date_gmt":"2025-07-16T08:30:41","guid":{"rendered":"https:\/\/uj.adatbank.ro\/lexikon\/termek\/pekry-sandor-petrovinai\/"},"modified":"2025-07-16T10:30:41","modified_gmt":"2025-07-16T08:30:41","slug":"pekry-sandor-petrovinai","status":"publish","type":"product","link":"https:\/\/uj.adatbank.ro\/lexikon\/termek\/pekry-sandor-petrovinai\/","title":{"rendered":"PEKRY S\u00e1ndor, petrovinai"},"content":{"rendered":"<p>1855., \u2020\u00a0Dics\u0151szentm\u00e1rton, 1928. m\u00e1rc. 9.:\u00a0birtokos nemes, k\u00f6z\u00e9leti szem\u00e9lyis\u00e9g. \u2013 Feles\u00e9ge: tancsi F\u00f6ldv\u00e1ry Anna a dics\u0151szentm\u00e1rtoni Olt\u00e1regylet alap\u00edt\u00f3 eln\u00f6ke (1863- Mv., 1949. j\u00fal. 1, temetve Dics\u0151szentm\u00e1rton). Gyermekeik: G\u00e9za (1885\u20131965), Olga Sz\u00e9ll J\u00f3zsefn\u00e9. \u2013 Kast\u00e9lya volt Dics\u0151szentm\u00e1rtonban \u00e9s 27 hold sz\u0151l\u0151birtokkal is rendelkezett. <br \/><strong>Irod.:<\/strong> Cs\u00e1vossy; Keresztes Gyula: \u00d6r\u00f6ks\u00e9g\u00fcnk 54.: A Pekry kast\u00e9ly Dics\u0151szentm\u00e1rtonban (N\u00fa., 1994. \u00e1pr. 8.); Lev\u00e9lt\u00e1ri gy\u00e1szj.<\/br><\/p>\n","protected":false},"excerpt":{"rendered":"<p>1855., \u2020\u00a0Dics\u0151szentm\u00e1rton, 1928. m\u00e1rc. 9.:\u00a0birtokos nemes, k\u00f6z\u00e9leti szem\u00e9lyis\u00e9g. \u2013 Feles\u00e9ge: tancsi F\u00f6ldv\u00e1ry Anna a dics\u0151szentm\u00e1rtoni Olt\u00e1regylet alap\u00edt\u00f3 eln\u00f6ke (1863- Mv., 1949. j\u00fal. 1, temetve Dics\u0151szentm\u00e1rton). Gyermekeik: G\u00e9za (1885\u20131965), Olga Sz\u00e9ll J\u00f3zsefn\u00e9. \u2013 Kast\u00e9lya volt Dics\u0151szentm\u00e1rtonban \u00e9s 27 hold sz\u0151l\u0151birtokkal is rendelkezett. Irod.: Cs\u00e1vossy; Keresztes Gyula: \u00d6r\u00f6ks\u00e9g\u00fcnk 54.: A Pekry kast\u00e9ly Dics\u0151szentm\u00e1rtonban (N\u00fa., 1994. \u00e1pr. 8.); [&hellip;]<\/p>\n","protected":false},"featured_media":0,"comment_status":"open","ping_status":"closed","template":"","meta":[],"product_brand":[],"product_cat":[137],"product_tag":[],"class_list":{"0":"post-17858","1":"product","2":"type-product","3":"status-publish","5":"product_cat-maros-megyei-eletrajzi-lexikon","7":"first","8":"instock","9":"shipping-taxable","10":"product-type-simple"},"_links":{"self":[{"href":"https:\/\/uj.adatbank.ro\/lexikon\/wp-json\/wp\/v2\/product\/17858","targetHints":{"allow":["GET"]}}],"collection":[{"href":"https:\/\/uj.adatbank.ro\/lexikon\/wp-json\/wp\/v2\/product"}],"about":[{"href":"https:\/\/uj.adatbank.ro\/lexikon\/wp-json\/wp\/v2\/types\/product"}],"replies":[{"embeddable":true,"href":"https:\/\/uj.adatbank.ro\/lexikon\/wp-json\/wp\/v2\/comments?post=17858"}],"wp:attachment":[{"href":"https:\/\/uj.adatbank.ro\/lexikon\/wp-json\/wp\/v2\/media?parent=17858"}],"wp:term":[{"taxonomy":"product_brand","embeddable":true,"href":"https:\/\/uj.adatbank.ro\/lexikon\/wp-json\/wp\/v2\/product_brand?post=17858"},{"taxonomy":"product_cat","embeddable":true,"href":"https:\/\/uj.adatbank.ro\/lexikon\/wp-json\/wp\/v2\/product_cat?post=17858"},{"taxonomy":"product_tag","embeddable":true,"href":"https:\/\/uj.adatbank.ro\/lexikon\/wp-json\/wp\/v2\/product_tag?post=17858"}],"curies":[{"name":"wp","href":"https:\/\/api.w.org\/{rel}","templated":true}]}}