{"id":17859,"date":"2025-07-16T10:30:43","date_gmt":"2025-07-16T08:30:43","guid":{"rendered":"https:\/\/uj.adatbank.ro\/lexikon\/termek\/pekry-terez-petrovinai-gr-radak-adamne\/"},"modified":"2025-07-16T10:30:43","modified_gmt":"2025-07-16T08:30:43","slug":"pekry-terez-petrovinai-gr-radak-adamne","status":"publish","type":"product","link":"https:\/\/uj.adatbank.ro\/lexikon\/termek\/pekry-terez-petrovinai-gr-radak-adamne\/","title":{"rendered":"PEKRY Ter\u00e9z, petrovinai gr., Rad\u00e1k \u00c1d\u00e1mn\u00e9"},"content":{"rendered":"<p>? \u2020\u00a0?:\u00a0birtokos. \u2013 L\u0151rinc (1650\u20131709) \u00e9s Petr\u0151czy Kata Szid\u00f3nia (1658\u20131708) l\u00e1nya F\u00e9rje Rad\u00e1k \u00c1d\u00e1m (1732\u2013), ezzel a h\u00e1zass\u00e1ggal visszaker\u00fclt a magyar\u00f3zdi kast\u00e9ly a Rad\u00e1kok tulajdonba. Fia Istv\u00e1n. \u00c1jj\u00e1\u00e9p\u00edtett\u00e9k a magyar\u00f3zdi kast\u00e9lyt. T\u00e1mogatta a mv.-i Ref. Koll.-ot 20 v\u00e9ka b\u00faz\u00e1val (1750\u201370). A magyar\u00f3zdi templomnak harangot aj\u00e1nd\u00e9kozott. <br \/><strong>Irod.:<\/strong> Bicsok-Orb\u00e1n; P\u00e1lmay 1<\/br><\/p>\n","protected":false},"excerpt":{"rendered":"<p>? \u2020\u00a0?:\u00a0birtokos. \u2013 L\u0151rinc (1650\u20131709) \u00e9s Petr\u0151czy Kata Szid\u00f3nia (1658\u20131708) l\u00e1nya F\u00e9rje Rad\u00e1k \u00c1d\u00e1m (1732\u2013), ezzel a h\u00e1zass\u00e1ggal visszaker\u00fclt a magyar\u00f3zdi kast\u00e9ly a Rad\u00e1kok tulajdonba. Fia Istv\u00e1n. \u00c1jj\u00e1\u00e9p\u00edtett\u00e9k a magyar\u00f3zdi kast\u00e9lyt. T\u00e1mogatta a mv.-i Ref. Koll.-ot 20 v\u00e9ka b\u00faz\u00e1val (1750\u201370). A magyar\u00f3zdi templomnak harangot aj\u00e1nd\u00e9kozott. Irod.: Bicsok-Orb\u00e1n; P\u00e1lmay 1<\/p>\n","protected":false},"featured_media":0,"comment_status":"open","ping_status":"closed","template":"","meta":[],"product_brand":[],"product_cat":[137],"product_tag":[],"class_list":{"0":"post-17859","1":"product","2":"type-product","3":"status-publish","5":"product_cat-maros-megyei-eletrajzi-lexikon","7":"first","8":"instock","9":"shipping-taxable","10":"product-type-simple"},"_links":{"self":[{"href":"https:\/\/uj.adatbank.ro\/lexikon\/wp-json\/wp\/v2\/product\/17859","targetHints":{"allow":["GET"]}}],"collection":[{"href":"https:\/\/uj.adatbank.ro\/lexikon\/wp-json\/wp\/v2\/product"}],"about":[{"href":"https:\/\/uj.adatbank.ro\/lexikon\/wp-json\/wp\/v2\/types\/product"}],"replies":[{"embeddable":true,"href":"https:\/\/uj.adatbank.ro\/lexikon\/wp-json\/wp\/v2\/comments?post=17859"}],"wp:attachment":[{"href":"https:\/\/uj.adatbank.ro\/lexikon\/wp-json\/wp\/v2\/media?parent=17859"}],"wp:term":[{"taxonomy":"product_brand","embeddable":true,"href":"https:\/\/uj.adatbank.ro\/lexikon\/wp-json\/wp\/v2\/product_brand?post=17859"},{"taxonomy":"product_cat","embeddable":true,"href":"https:\/\/uj.adatbank.ro\/lexikon\/wp-json\/wp\/v2\/product_cat?post=17859"},{"taxonomy":"product_tag","embeddable":true,"href":"https:\/\/uj.adatbank.ro\/lexikon\/wp-json\/wp\/v2\/product_tag?post=17859"}],"curies":[{"name":"wp","href":"https:\/\/api.w.org\/{rel}","templated":true}]}}