{"id":17860,"date":"2025-07-16T10:30:45","date_gmt":"2025-07-16T08:30:45","guid":{"rendered":"https:\/\/uj.adatbank.ro\/lexikon\/termek\/pelea-iacob\/"},"modified":"2025-07-16T10:30:45","modified_gmt":"2025-07-16T08:30:45","slug":"pelea-iacob","status":"publish","type":"product","link":"https:\/\/uj.adatbank.ro\/lexikon\/termek\/pelea-iacob\/","title":{"rendered":"PELEA Iacob"},"content":{"rendered":"<p>B\u00e1rdos, ? \u2020 Majsz\u00edn, 1944. okt. 14.: egyik \u00e1ldozata a horthyst\u00e1k \u00e1ltal k\u00e9nyszermunk\u00e1ra Fels\u0151vis\u00f3ba hurcolt (1944. m\u00e1j.), majd Majsz\u00ednban agyonl\u0151tt marosiaknak. <br \/><strong>Irod.:<\/strong> F\u0103r\u0103g\u0103u<\/br><\/p>\n","protected":false},"excerpt":{"rendered":"<p>B\u00e1rdos, ? \u2020 Majsz\u00edn, 1944. okt. 14.: egyik \u00e1ldozata a horthyst\u00e1k \u00e1ltal k\u00e9nyszermunk\u00e1ra Fels\u0151vis\u00f3ba hurcolt (1944. m\u00e1j.), majd Majsz\u00ednban agyonl\u0151tt marosiaknak. Irod.: F\u0103r\u0103g\u0103u<\/p>\n","protected":false},"featured_media":0,"comment_status":"open","ping_status":"closed","template":"","meta":[],"product_brand":[],"product_cat":[137],"product_tag":[],"class_list":{"0":"post-17860","1":"product","2":"type-product","3":"status-publish","5":"product_cat-maros-megyei-eletrajzi-lexikon","7":"first","8":"instock","9":"shipping-taxable","10":"product-type-simple"},"_links":{"self":[{"href":"https:\/\/uj.adatbank.ro\/lexikon\/wp-json\/wp\/v2\/product\/17860","targetHints":{"allow":["GET"]}}],"collection":[{"href":"https:\/\/uj.adatbank.ro\/lexikon\/wp-json\/wp\/v2\/product"}],"about":[{"href":"https:\/\/uj.adatbank.ro\/lexikon\/wp-json\/wp\/v2\/types\/product"}],"replies":[{"embeddable":true,"href":"https:\/\/uj.adatbank.ro\/lexikon\/wp-json\/wp\/v2\/comments?post=17860"}],"wp:attachment":[{"href":"https:\/\/uj.adatbank.ro\/lexikon\/wp-json\/wp\/v2\/media?parent=17860"}],"wp:term":[{"taxonomy":"product_brand","embeddable":true,"href":"https:\/\/uj.adatbank.ro\/lexikon\/wp-json\/wp\/v2\/product_brand?post=17860"},{"taxonomy":"product_cat","embeddable":true,"href":"https:\/\/uj.adatbank.ro\/lexikon\/wp-json\/wp\/v2\/product_cat?post=17860"},{"taxonomy":"product_tag","embeddable":true,"href":"https:\/\/uj.adatbank.ro\/lexikon\/wp-json\/wp\/v2\/product_tag?post=17860"}],"curies":[{"name":"wp","href":"https:\/\/api.w.org\/{rel}","templated":true}]}}