{"id":17862,"date":"2025-07-16T10:30:49","date_gmt":"2025-07-16T08:30:49","guid":{"rendered":"https:\/\/uj.adatbank.ro\/lexikon\/termek\/pelei-tamas-de-pele-peley\/"},"modified":"2025-07-16T10:30:49","modified_gmt":"2025-07-16T08:30:49","slug":"pelei-tamas-de-pele-peley","status":"publish","type":"product","link":"https:\/\/uj.adatbank.ro\/lexikon\/termek\/pelei-tamas-de-pele-peley\/","title":{"rendered":"PELEI Tam\u00e1s, De Pele, Peley"},"content":{"rendered":"<p>? \u2020? : esperes. \u2013 \u00d3zdi f\u0151esperes (1519). \u00d6nk\u00e9pz\u00e9ssel p\u00f3tolta a latin tud\u00e1s\u00e1t, m\u0171velts\u00e9g\u00e9t sz\u00e1mtalan szerz\u0151 m\u0171v\u00e9nek olvas\u00e1s\u00e1val eg\u00e9sz\u00edtette ki. <br \/><strong>Irod.:<\/strong> Ferenczi S\u00e1ndor 2012<\/br><\/p>\n","protected":false},"excerpt":{"rendered":"<p>? \u2020? : esperes. \u2013 \u00d3zdi f\u0151esperes (1519). \u00d6nk\u00e9pz\u00e9ssel p\u00f3tolta a latin tud\u00e1s\u00e1t, m\u0171velts\u00e9g\u00e9t sz\u00e1mtalan szerz\u0151 m\u0171v\u00e9nek olvas\u00e1s\u00e1val eg\u00e9sz\u00edtette ki. Irod.: Ferenczi S\u00e1ndor 2012<\/p>\n","protected":false},"featured_media":0,"comment_status":"open","ping_status":"closed","template":"","meta":[],"product_brand":[],"product_cat":[137],"product_tag":[],"class_list":{"0":"post-17862","1":"product","2":"type-product","3":"status-publish","5":"product_cat-maros-megyei-eletrajzi-lexikon","7":"first","8":"instock","9":"shipping-taxable","10":"product-type-simple"},"_links":{"self":[{"href":"https:\/\/uj.adatbank.ro\/lexikon\/wp-json\/wp\/v2\/product\/17862","targetHints":{"allow":["GET"]}}],"collection":[{"href":"https:\/\/uj.adatbank.ro\/lexikon\/wp-json\/wp\/v2\/product"}],"about":[{"href":"https:\/\/uj.adatbank.ro\/lexikon\/wp-json\/wp\/v2\/types\/product"}],"replies":[{"embeddable":true,"href":"https:\/\/uj.adatbank.ro\/lexikon\/wp-json\/wp\/v2\/comments?post=17862"}],"wp:attachment":[{"href":"https:\/\/uj.adatbank.ro\/lexikon\/wp-json\/wp\/v2\/media?parent=17862"}],"wp:term":[{"taxonomy":"product_brand","embeddable":true,"href":"https:\/\/uj.adatbank.ro\/lexikon\/wp-json\/wp\/v2\/product_brand?post=17862"},{"taxonomy":"product_cat","embeddable":true,"href":"https:\/\/uj.adatbank.ro\/lexikon\/wp-json\/wp\/v2\/product_cat?post=17862"},{"taxonomy":"product_tag","embeddable":true,"href":"https:\/\/uj.adatbank.ro\/lexikon\/wp-json\/wp\/v2\/product_tag?post=17862"}],"curies":[{"name":"wp","href":"https:\/\/api.w.org\/{rel}","templated":true}]}}