{"id":17863,"date":"2025-07-16T10:30:52","date_gmt":"2025-07-16T08:30:52","guid":{"rendered":"https:\/\/uj.adatbank.ro\/lexikon\/termek\/pellion-ervin-rudolf\/"},"modified":"2025-07-16T10:30:52","modified_gmt":"2025-07-16T08:30:52","slug":"pellion-ervin-rudolf","status":"publish","type":"product","link":"https:\/\/uj.adatbank.ro\/lexikon\/termek\/pellion-ervin-rudolf\/","title":{"rendered":"PELLION Ervin Rudolf"},"content":{"rendered":"<p>Beszterce (Mak\u00f3?), 1909. febr. 21., \u2020\u00a0?\u00a0: tan\u00e1r. \u2013 Bal\u00e1zsfalv\u00e1n \u00e9s Gyulafeh\u00e9rv\u00e1ron v\u00e9gezte tanulm\u00e1nyait, papp\u00e1 szentelt\u00e9k (1932. j\u00fan. 12.), majd a kv.-i egyetemen m. \u00e9s filoz\u00f3fia tan\u00e1ri oklevelet szerzett. (1940). K\u00e1pl\u00e1n Gyergy\u00f3\u00fajfaluban (1932), Sepsiszentgy\u00f6rgy\u00f6n (1933\u201334). Lelkip\u00e1sztor K\u00e9zdik\u0151v\u00e1ron, Kv.-Szamosfalv\u00e1n. A mv.-i R.K. Gimn. tan\u00e1ra \u00e9s a Fi\u00fanevel\u0151 subr\u00e9gense (1940\u201343). Felf\u00fcggesztett\u00e9k (1944). \u2013 <strong>F. m.:<\/strong> Petres K\u00e1lm\u00e1n \u00e9lete \u00e9s k\u00f6lt\u00e9szete (Mv., 1942); <strong>szerk.:<\/strong> Petres K\u00e1lm\u00e1n: \u0150rszem a Hargit\u00e1n (Mv., 1942). <br \/><strong>Irod.:<\/strong> Ferenczi S\u00e1ndor 2009; F\u00fcl\u00f6p\u2013Ferencz; H\u00e1bor\u00fas nevel\u00e9s (Mv., 1943); R. K. Okt.\u20131; Sz\u00e9kelyf\u00f6ld \u00ed.k.<\/br><\/p>\n","protected":false},"excerpt":{"rendered":"<p>Beszterce (Mak\u00f3?), 1909. febr. 21., \u2020\u00a0?\u00a0: tan\u00e1r. \u2013 Bal\u00e1zsfalv\u00e1n \u00e9s Gyulafeh\u00e9rv\u00e1ron v\u00e9gezte tanulm\u00e1nyait, papp\u00e1 szentelt\u00e9k (1932. j\u00fan. 12.), majd a kv.-i egyetemen m. \u00e9s filoz\u00f3fia tan\u00e1ri oklevelet szerzett. (1940). K\u00e1pl\u00e1n Gyergy\u00f3\u00fajfaluban (1932), Sepsiszentgy\u00f6rgy\u00f6n (1933\u201334). Lelkip\u00e1sztor K\u00e9zdik\u0151v\u00e1ron, Kv.-Szamosfalv\u00e1n. A mv.-i R.K. Gimn. tan\u00e1ra \u00e9s a Fi\u00fanevel\u0151 subr\u00e9gense (1940\u201343). Felf\u00fcggesztett\u00e9k (1944). \u2013 F. m.: Petres K\u00e1lm\u00e1n \u00e9lete [&hellip;]<\/p>\n","protected":false},"featured_media":0,"comment_status":"open","ping_status":"closed","template":"","meta":[],"product_brand":[],"product_cat":[137],"product_tag":[],"class_list":{"0":"post-17863","1":"product","2":"type-product","3":"status-publish","5":"product_cat-maros-megyei-eletrajzi-lexikon","7":"first","8":"instock","9":"shipping-taxable","10":"product-type-simple"},"_links":{"self":[{"href":"https:\/\/uj.adatbank.ro\/lexikon\/wp-json\/wp\/v2\/product\/17863","targetHints":{"allow":["GET"]}}],"collection":[{"href":"https:\/\/uj.adatbank.ro\/lexikon\/wp-json\/wp\/v2\/product"}],"about":[{"href":"https:\/\/uj.adatbank.ro\/lexikon\/wp-json\/wp\/v2\/types\/product"}],"replies":[{"embeddable":true,"href":"https:\/\/uj.adatbank.ro\/lexikon\/wp-json\/wp\/v2\/comments?post=17863"}],"wp:attachment":[{"href":"https:\/\/uj.adatbank.ro\/lexikon\/wp-json\/wp\/v2\/media?parent=17863"}],"wp:term":[{"taxonomy":"product_brand","embeddable":true,"href":"https:\/\/uj.adatbank.ro\/lexikon\/wp-json\/wp\/v2\/product_brand?post=17863"},{"taxonomy":"product_cat","embeddable":true,"href":"https:\/\/uj.adatbank.ro\/lexikon\/wp-json\/wp\/v2\/product_cat?post=17863"},{"taxonomy":"product_tag","embeddable":true,"href":"https:\/\/uj.adatbank.ro\/lexikon\/wp-json\/wp\/v2\/product_tag?post=17863"}],"curies":[{"name":"wp","href":"https:\/\/api.w.org\/{rel}","templated":true}]}}