{"id":17865,"date":"2025-07-16T10:30:57","date_gmt":"2025-07-16T08:30:57","guid":{"rendered":"https:\/\/uj.adatbank.ro\/lexikon\/termek\/penciulescu-radu\/"},"modified":"2025-07-16T10:30:57","modified_gmt":"2025-07-16T08:30:57","slug":"penciulescu-radu","status":"publish","type":"product","link":"https:\/\/uj.adatbank.ro\/lexikon\/termek\/penciulescu-radu\/","title":{"rendered":"PENCIULESCU, Radu"},"content":{"rendered":"<p>Mv., ? \u2020 ?: rendez\u0151. \u2013 Gyermekkor\u00e1t Mv-en t\u00f6lt\u00f6tte. Bukarestben v\u00e9gezte a Sz\u00edni Akad\u00e9mi\u00e1t. Tev\u00e9kenys\u00e9g\u00e9t Constanc\u00e1n kezdte, majd Bukarestben a Teatrul Mic-ban rendezte a Doi pe un balansoar, Richard II., Tango c. darabokat. Rendez\u0151k\u00e9nt \u00e1tker\u00fclt Mv.-re a Mv. \u00c1llami Sz\u00ednh\u00e1z rom\u00e1n tagozat\u00e1ra (1969), ahol a John Arden: Dansul sergentului Musgrave c. darabot rendezte nagy sikerrel, amely darabbal a Teatrul c. foly\u00f3irat d\u00edj\u00e1t nyerte el a Sz\u00ednh\u00e1z Nemzeti Fesztiv\u00e1lj\u00e1n. Ezut\u00e1n t\u00e1vozott az orsz\u00e1gb\u00f3l. <br \/><strong>Irod.:<\/strong> Fodor Zeno<\/br><\/p>\n","protected":false},"excerpt":{"rendered":"<p>Mv., ? \u2020 ?: rendez\u0151. \u2013 Gyermekkor\u00e1t Mv-en t\u00f6lt\u00f6tte. Bukarestben v\u00e9gezte a Sz\u00edni Akad\u00e9mi\u00e1t. Tev\u00e9kenys\u00e9g\u00e9t Constanc\u00e1n kezdte, majd Bukarestben a Teatrul Mic-ban rendezte a Doi pe un balansoar, Richard II., Tango c. darabokat. Rendez\u0151k\u00e9nt \u00e1tker\u00fclt Mv.-re a Mv. \u00c1llami Sz\u00ednh\u00e1z rom\u00e1n tagozat\u00e1ra (1969), ahol a John Arden: Dansul sergentului Musgrave c. darabot rendezte nagy sikerrel, [&hellip;]<\/p>\n","protected":false},"featured_media":0,"comment_status":"open","ping_status":"closed","template":"","meta":[],"product_brand":[],"product_cat":[137],"product_tag":[],"class_list":{"0":"post-17865","1":"product","2":"type-product","3":"status-publish","5":"product_cat-maros-megyei-eletrajzi-lexikon","7":"first","8":"instock","9":"shipping-taxable","10":"product-type-simple"},"_links":{"self":[{"href":"https:\/\/uj.adatbank.ro\/lexikon\/wp-json\/wp\/v2\/product\/17865","targetHints":{"allow":["GET"]}}],"collection":[{"href":"https:\/\/uj.adatbank.ro\/lexikon\/wp-json\/wp\/v2\/product"}],"about":[{"href":"https:\/\/uj.adatbank.ro\/lexikon\/wp-json\/wp\/v2\/types\/product"}],"replies":[{"embeddable":true,"href":"https:\/\/uj.adatbank.ro\/lexikon\/wp-json\/wp\/v2\/comments?post=17865"}],"wp:attachment":[{"href":"https:\/\/uj.adatbank.ro\/lexikon\/wp-json\/wp\/v2\/media?parent=17865"}],"wp:term":[{"taxonomy":"product_brand","embeddable":true,"href":"https:\/\/uj.adatbank.ro\/lexikon\/wp-json\/wp\/v2\/product_brand?post=17865"},{"taxonomy":"product_cat","embeddable":true,"href":"https:\/\/uj.adatbank.ro\/lexikon\/wp-json\/wp\/v2\/product_cat?post=17865"},{"taxonomy":"product_tag","embeddable":true,"href":"https:\/\/uj.adatbank.ro\/lexikon\/wp-json\/wp\/v2\/product_tag?post=17865"}],"curies":[{"name":"wp","href":"https:\/\/api.w.org\/{rel}","templated":true}]}}