{"id":17870,"date":"2025-07-16T10:31:06","date_gmt":"2025-07-16T08:31:06","guid":{"rendered":"https:\/\/uj.adatbank.ro\/lexikon\/termek\/perdy-gyorgy\/"},"modified":"2025-07-16T10:31:06","modified_gmt":"2025-07-16T08:31:06","slug":"perdy-gyorgy","status":"publish","type":"product","link":"https:\/\/uj.adatbank.ro\/lexikon\/termek\/perdy-gyorgy\/","title":{"rendered":"PERDY Gy\u00f6rgy"},"content":{"rendered":"<p>M\u00e1ln\u00e1sf\u00fcrd\u0151, 1904. nov. 5., \u2020 Segesv\u00e1r, 1992. j\u00fan. 20.: tisztvisel\u0151, helyt\u00f6rt\u00e9n\u00e9sz. \u2013 Erzs\u00e9betv\u00e1rosban a M. \u00c1llami Elemi Iskol\u00e1ban (1910\u201314), Segesv\u00e1ron a sz\u00e1sz gimn\u00e1zimban (1915\u201316), Sz\u00e1szv\u00e1roson folytatta (1915\u201316), Nagyszebenben a M. \u00c1llami Gimn\u00e1zimban, Segesv\u00e1ron a R.K. le\u00e1nypolg\u00e1riban tanult (1918\u201320), Brass\u00f3ban a Ref. Fels\u0151kereskedelmi Int.-ben \u00e9retts\u00e9gizett (1920\u201323). Segesv\u00e1ron az I. L. Hessheimer nagyker. v\u00e1ll. k\u00f6nyvel\u0151je, oszt\u00e1lyvezet\u0151 f\u0151p\u00e9nzt\u00e1rosa. (1925\u201348); a Rom\u00e1n Nemzeti Bank k\u00f6nyvel\u0151je, f\u0151p\u00e9nzt\u00e1rosa (1948\u201356); a botfalui cukorgy\u00e1r segesv\u00e1ri kirendelts\u00e9g\u00e9nek tisztvisel\u0151je (1956\u201360); a k\u00f6z\u00fczemek (1960-\u00e1s\u00e1t. Gy\u0171jtem\u00e9ny\u00e9t a helyi m\u0171vel\u0151d\u00e9si otthon el\u0151ad\u00e1sain, Medgyesen, Nagyszebenben, Feketehalomban, Brass\u00f3ban \u00e9s Fogarason mutatta be. <br \/><strong>Irod.:<\/strong> KKACs; Kusz\u00e1lik<\/br><\/p>\n","protected":false},"excerpt":{"rendered":"<p>M\u00e1ln\u00e1sf\u00fcrd\u0151, 1904. nov. 5., \u2020 Segesv\u00e1r, 1992. j\u00fan. 20.: tisztvisel\u0151, helyt\u00f6rt\u00e9n\u00e9sz. \u2013 Erzs\u00e9betv\u00e1rosban a M. \u00c1llami Elemi Iskol\u00e1ban (1910\u201314), Segesv\u00e1ron a sz\u00e1sz gimn\u00e1zimban (1915\u201316), Sz\u00e1szv\u00e1roson folytatta (1915\u201316), Nagyszebenben a M. \u00c1llami Gimn\u00e1zimban, Segesv\u00e1ron a R.K. le\u00e1nypolg\u00e1riban tanult (1918\u201320), Brass\u00f3ban a Ref. Fels\u0151kereskedelmi Int.-ben \u00e9retts\u00e9gizett (1920\u201323). Segesv\u00e1ron az I. L. Hessheimer nagyker. v\u00e1ll. k\u00f6nyvel\u0151je, oszt\u00e1lyvezet\u0151 f\u0151p\u00e9nzt\u00e1rosa. [&hellip;]<\/p>\n","protected":false},"featured_media":0,"comment_status":"open","ping_status":"closed","template":"","meta":[],"product_brand":[],"product_cat":[137],"product_tag":[],"class_list":{"0":"post-17870","1":"product","2":"type-product","3":"status-publish","5":"product_cat-maros-megyei-eletrajzi-lexikon","7":"first","8":"instock","9":"shipping-taxable","10":"product-type-simple"},"_links":{"self":[{"href":"https:\/\/uj.adatbank.ro\/lexikon\/wp-json\/wp\/v2\/product\/17870","targetHints":{"allow":["GET"]}}],"collection":[{"href":"https:\/\/uj.adatbank.ro\/lexikon\/wp-json\/wp\/v2\/product"}],"about":[{"href":"https:\/\/uj.adatbank.ro\/lexikon\/wp-json\/wp\/v2\/types\/product"}],"replies":[{"embeddable":true,"href":"https:\/\/uj.adatbank.ro\/lexikon\/wp-json\/wp\/v2\/comments?post=17870"}],"wp:attachment":[{"href":"https:\/\/uj.adatbank.ro\/lexikon\/wp-json\/wp\/v2\/media?parent=17870"}],"wp:term":[{"taxonomy":"product_brand","embeddable":true,"href":"https:\/\/uj.adatbank.ro\/lexikon\/wp-json\/wp\/v2\/product_brand?post=17870"},{"taxonomy":"product_cat","embeddable":true,"href":"https:\/\/uj.adatbank.ro\/lexikon\/wp-json\/wp\/v2\/product_cat?post=17870"},{"taxonomy":"product_tag","embeddable":true,"href":"https:\/\/uj.adatbank.ro\/lexikon\/wp-json\/wp\/v2\/product_tag?post=17870"}],"curies":[{"name":"wp","href":"https:\/\/api.w.org\/{rel}","templated":true}]}}