{"id":17871,"date":"2025-07-16T10:31:08","date_gmt":"2025-07-16T08:31:08","guid":{"rendered":"https:\/\/uj.adatbank.ro\/lexikon\/termek\/perenyi-janos-predics\/"},"modified":"2025-07-16T10:31:08","modified_gmt":"2025-07-16T08:31:08","slug":"perenyi-janos-predics","status":"publish","type":"product","link":"https:\/\/uj.adatbank.ro\/lexikon\/termek\/perenyi-janos-predics\/","title":{"rendered":"PER\u00c9NYI J\u00e1nos; Predics"},"content":{"rendered":"<p>Sz\u00e1szr\u00e9gen, 1912. m\u00e1rc. 25., \u2020 Kv., 1995. dec. 19 : sz\u00edn\u00e9sz. \u2013 A kv.-i Th\u00e1lia sz\u00edn\u00e9szk\u00e9pz\u0151 tanfolyam\u00e1ra j\u00e1rt (1935\u201337), ennek elv\u00e9gz\u00e9se ut\u00e1n Kv.-ra szerz\u0151dtett\u00e9k (1937\u201362); ezut\u00e1n a temesv\u00e1ri \u00c1llami Magyar Sz\u00ednh\u00e1z tagja nyugd\u00edjaz\u00e1s\u00e1ig (1962\u20131967). L\u00edrai \u00e9s karakterszerepeket egyar\u00e1nt j\u00e1tszott, gyakran fell\u00e9pett irodalmi esteken, \u00e9s s\u0171r\u0171n szerepelt a r\u00e1di\u00f3 ad\u00e1saiban is. \u2013 <strong>F. sz.:<\/strong> Lennie (Steinbeck: Egerek \u00e9s emberek); Biberach (Katona J.: B\u00e1nk b\u00e1n); Nikolaus (Knittel: Via Mala); Banu professzor (Voitin: Emberek, akik hallgatnak); Raszkolnikov (Dosztojevszkij\u00a0: B\u0171n \u00e9s b\u0171nh\u0151d\u00e9s); Paon (\u00c1prily Lajos\u00a0: Idahegyi p\u00e1sztorok); Barry-Conners\u00a0: Fruska; Birabeau\u00a0: Az elt\u00e9vedt b\u00e1r\u00e1nyk\u00e1k. <br \/><strong>Irod.:<\/strong> A H\u00e9t \u00c9vk\u00f6nyve; K\u00f6t\u0151; MSZL<\/br><\/p>\n","protected":false},"excerpt":{"rendered":"<p>Sz\u00e1szr\u00e9gen, 1912. m\u00e1rc. 25., \u2020 Kv., 1995. dec. 19 : sz\u00edn\u00e9sz. \u2013 A kv.-i Th\u00e1lia sz\u00edn\u00e9szk\u00e9pz\u0151 tanfolyam\u00e1ra j\u00e1rt (1935\u201337), ennek elv\u00e9gz\u00e9se ut\u00e1n Kv.-ra szerz\u0151dtett\u00e9k (1937\u201362); ezut\u00e1n a temesv\u00e1ri \u00c1llami Magyar Sz\u00ednh\u00e1z tagja nyugd\u00edjaz\u00e1s\u00e1ig (1962\u20131967). L\u00edrai \u00e9s karakterszerepeket egyar\u00e1nt j\u00e1tszott, gyakran fell\u00e9pett irodalmi esteken, \u00e9s s\u0171r\u0171n szerepelt a r\u00e1di\u00f3 ad\u00e1saiban is. \u2013 F. sz.: Lennie (Steinbeck: [&hellip;]<\/p>\n","protected":false},"featured_media":0,"comment_status":"open","ping_status":"closed","template":"","meta":[],"product_brand":[],"product_cat":[137],"product_tag":[],"class_list":{"0":"post-17871","1":"product","2":"type-product","3":"status-publish","5":"product_cat-maros-megyei-eletrajzi-lexikon","7":"first","8":"instock","9":"shipping-taxable","10":"product-type-simple"},"_links":{"self":[{"href":"https:\/\/uj.adatbank.ro\/lexikon\/wp-json\/wp\/v2\/product\/17871","targetHints":{"allow":["GET"]}}],"collection":[{"href":"https:\/\/uj.adatbank.ro\/lexikon\/wp-json\/wp\/v2\/product"}],"about":[{"href":"https:\/\/uj.adatbank.ro\/lexikon\/wp-json\/wp\/v2\/types\/product"}],"replies":[{"embeddable":true,"href":"https:\/\/uj.adatbank.ro\/lexikon\/wp-json\/wp\/v2\/comments?post=17871"}],"wp:attachment":[{"href":"https:\/\/uj.adatbank.ro\/lexikon\/wp-json\/wp\/v2\/media?parent=17871"}],"wp:term":[{"taxonomy":"product_brand","embeddable":true,"href":"https:\/\/uj.adatbank.ro\/lexikon\/wp-json\/wp\/v2\/product_brand?post=17871"},{"taxonomy":"product_cat","embeddable":true,"href":"https:\/\/uj.adatbank.ro\/lexikon\/wp-json\/wp\/v2\/product_cat?post=17871"},{"taxonomy":"product_tag","embeddable":true,"href":"https:\/\/uj.adatbank.ro\/lexikon\/wp-json\/wp\/v2\/product_tag?post=17871"}],"curies":[{"name":"wp","href":"https:\/\/api.w.org\/{rel}","templated":true}]}}