{"id":17872,"date":"2025-07-16T10:31:11","date_gmt":"2025-07-16T08:31:11","guid":{"rendered":"https:\/\/uj.adatbank.ro\/lexikon\/termek\/perenyi-laszlo-predics\/"},"modified":"2025-07-16T10:31:11","modified_gmt":"2025-07-16T08:31:11","slug":"perenyi-laszlo-predics","status":"publish","type":"product","link":"https:\/\/uj.adatbank.ro\/lexikon\/termek\/perenyi-laszlo-predics\/","title":{"rendered":"PER\u00c9NYI L\u00e1szl\u00f3; Predics"},"content":{"rendered":"<p>Sz\u00e1szr\u00e9gen, 1910. \u00e1pr. 23., \u2020 Baja, 1993. nov. 8.: sz\u00edn\u00e9sz. \u2013 A bp.-i Sz\u00ednm\u0171v\u00e9szeti Akad.-\u00e1n v\u00e9gzett (1930). A Nemzeti Sz\u00ednh\u00e1z szerz\u0151dtette, a V\u00edgsz\u00ednh\u00e1zban (1935\u201341), az \u00daj Magyar Sz\u00ednh\u00e1zban szerepelt (1941\u201344), de fell\u00e9pett a M\u00e1rkus Parksz\u00ednpadon \u00e9s a Szegedi Szabadt\u00e9ri J\u00e1t\u00e9kokon is. Magyaro.-on vid\u00e9ken (1945\u2013), Szolnokon (1951\u201353), majd az Orsz\u00e1gos Filharm\u00f3nia rendezv\u00e9nyein, a Mad\u00e1ch Sz\u00ednh\u00e1zban j\u00e1tszott (1956\u201358), a b\u00e9k\u00e9scsabai (1960\u201363), a kecskem\u00e9ti (1963\u201373) sz\u00ednh\u00e1z tagja volt. A Nemzeti Sz\u00ednh\u00e1zban jobb\u00e1ra jellemszerepeket, a V\u00edgsz\u00ednh\u00e1zban fiatal szerelmeseket alak\u00edtott, de bemutatkozott dr\u00e1mai h\u0151sk\u00e9nt is.Tiszta besz\u00e9d\u00e9t, kiv\u00e9teles megjelen\u00e9s\u00e9t meg\u0151rizve p\u00e1ly\u00e1ja v\u00e9g\u00e9n operettek \u00e9s dr\u00e1mai m\u0171vek vezet\u0151 szerepeiben bizony\u00edtotta jellemform\u00e1l\u00f3 erej\u00e9t, mesters\u00e9gbeli tud\u00e1s\u00e1t. Az 1930\u20131940-es \u00e9vek m. filmjeinek egyik szt\u00e1rja volt. <strong>F. sz.:<\/strong> \u00c9tienne (Deval: Az ifj\u00fa p\u00e1sztor); Malcolm (Sh.: Macbeth); Cl\u00e9ante (Moli\u00e8re: A f\u00f6sv\u00e9ny); Csongor (V\u00f6r\u00f6smarty: Csongor \u00e9s T\u00fcnde); Jack (Maugham: Fens\u00e9g, fizetek!); J\u00e1zon (Grillparzer: M\u00e9dea); Ponza (Pirandello: Mi az igazs\u00e1g?); Prospero (Shakespeare: A vihar); Seb\u0151k (Sarkadi I.: Elveszett paradicsom). <br \/><strong>Irod.:<\/strong> MSZL<\/br><\/p>\n","protected":false},"excerpt":{"rendered":"<p>Sz\u00e1szr\u00e9gen, 1910. \u00e1pr. 23., \u2020 Baja, 1993. nov. 8.: sz\u00edn\u00e9sz. \u2013 A bp.-i Sz\u00ednm\u0171v\u00e9szeti Akad.-\u00e1n v\u00e9gzett (1930). A Nemzeti Sz\u00ednh\u00e1z szerz\u0151dtette, a V\u00edgsz\u00ednh\u00e1zban (1935\u201341), az \u00daj Magyar Sz\u00ednh\u00e1zban szerepelt (1941\u201344), de fell\u00e9pett a M\u00e1rkus Parksz\u00ednpadon \u00e9s a Szegedi Szabadt\u00e9ri J\u00e1t\u00e9kokon is. Magyaro.-on vid\u00e9ken (1945\u2013), Szolnokon (1951\u201353), majd az Orsz\u00e1gos Filharm\u00f3nia rendezv\u00e9nyein, a Mad\u00e1ch Sz\u00ednh\u00e1zban j\u00e1tszott [&hellip;]<\/p>\n","protected":false},"featured_media":0,"comment_status":"open","ping_status":"closed","template":"","meta":[],"product_brand":[],"product_cat":[137],"product_tag":[],"class_list":{"0":"post-17872","1":"product","2":"type-product","3":"status-publish","5":"product_cat-maros-megyei-eletrajzi-lexikon","7":"first","8":"instock","9":"shipping-taxable","10":"product-type-simple"},"_links":{"self":[{"href":"https:\/\/uj.adatbank.ro\/lexikon\/wp-json\/wp\/v2\/product\/17872","targetHints":{"allow":["GET"]}}],"collection":[{"href":"https:\/\/uj.adatbank.ro\/lexikon\/wp-json\/wp\/v2\/product"}],"about":[{"href":"https:\/\/uj.adatbank.ro\/lexikon\/wp-json\/wp\/v2\/types\/product"}],"replies":[{"embeddable":true,"href":"https:\/\/uj.adatbank.ro\/lexikon\/wp-json\/wp\/v2\/comments?post=17872"}],"wp:attachment":[{"href":"https:\/\/uj.adatbank.ro\/lexikon\/wp-json\/wp\/v2\/media?parent=17872"}],"wp:term":[{"taxonomy":"product_brand","embeddable":true,"href":"https:\/\/uj.adatbank.ro\/lexikon\/wp-json\/wp\/v2\/product_brand?post=17872"},{"taxonomy":"product_cat","embeddable":true,"href":"https:\/\/uj.adatbank.ro\/lexikon\/wp-json\/wp\/v2\/product_cat?post=17872"},{"taxonomy":"product_tag","embeddable":true,"href":"https:\/\/uj.adatbank.ro\/lexikon\/wp-json\/wp\/v2\/product_tag?post=17872"}],"curies":[{"name":"wp","href":"https:\/\/api.w.org\/{rel}","templated":true}]}}