{"id":17876,"date":"2025-07-16T10:31:21","date_gmt":"2025-07-16T08:31:21","guid":{"rendered":"https:\/\/uj.adatbank.ro\/lexikon\/termek\/perenyi-miklos\/"},"modified":"2025-07-16T10:31:21","modified_gmt":"2025-07-16T08:31:21","slug":"perenyi-miklos","status":"publish","type":"product","link":"https:\/\/uj.adatbank.ro\/lexikon\/termek\/perenyi-miklos\/","title":{"rendered":"PER\u00c9NYI Mikl\u00f3s"},"content":{"rendered":"<p>sz\u00e9kely isp\u00e1n: 1381. k. <br \/><strong>Irod.:<\/strong> Sz\u00e9kelyf\u00f6ld t\u00f6rt. 1.<\/br><\/p>\n","protected":false},"excerpt":{"rendered":"<p>sz\u00e9kely isp\u00e1n: 1381. k. Irod.: Sz\u00e9kelyf\u00f6ld t\u00f6rt. 1.<\/p>\n","protected":false},"featured_media":0,"comment_status":"open","ping_status":"closed","template":"","meta":[],"product_brand":[],"product_cat":[137],"product_tag":[],"class_list":{"0":"post-17876","1":"product","2":"type-product","3":"status-publish","5":"product_cat-maros-megyei-eletrajzi-lexikon","7":"first","8":"instock","9":"shipping-taxable","10":"product-type-simple"},"_links":{"self":[{"href":"https:\/\/uj.adatbank.ro\/lexikon\/wp-json\/wp\/v2\/product\/17876","targetHints":{"allow":["GET"]}}],"collection":[{"href":"https:\/\/uj.adatbank.ro\/lexikon\/wp-json\/wp\/v2\/product"}],"about":[{"href":"https:\/\/uj.adatbank.ro\/lexikon\/wp-json\/wp\/v2\/types\/product"}],"replies":[{"embeddable":true,"href":"https:\/\/uj.adatbank.ro\/lexikon\/wp-json\/wp\/v2\/comments?post=17876"}],"wp:attachment":[{"href":"https:\/\/uj.adatbank.ro\/lexikon\/wp-json\/wp\/v2\/media?parent=17876"}],"wp:term":[{"taxonomy":"product_brand","embeddable":true,"href":"https:\/\/uj.adatbank.ro\/lexikon\/wp-json\/wp\/v2\/product_brand?post=17876"},{"taxonomy":"product_cat","embeddable":true,"href":"https:\/\/uj.adatbank.ro\/lexikon\/wp-json\/wp\/v2\/product_cat?post=17876"},{"taxonomy":"product_tag","embeddable":true,"href":"https:\/\/uj.adatbank.ro\/lexikon\/wp-json\/wp\/v2\/product_tag?post=17876"}],"curies":[{"name":"wp","href":"https:\/\/api.w.org\/{rel}","templated":true}]}}