{"id":17879,"date":"2025-07-16T10:31:27","date_gmt":"2025-07-16T08:31:27","guid":{"rendered":"https:\/\/uj.adatbank.ro\/lexikon\/termek\/pereteatcu-vsevolod\/"},"modified":"2025-07-16T10:31:27","modified_gmt":"2025-07-16T08:31:27","slug":"pereteatcu-vsevolod","status":"publish","type":"product","link":"https:\/\/uj.adatbank.ro\/lexikon\/termek\/pereteatcu-vsevolod\/","title":{"rendered":"PERETEATCU, Vsevolod"},"content":{"rendered":"<p>Besszar\u00e1bia, \u2020 Toka, 1986.\u0151sze : ort. pap. \u2013 Az els\u0151 teol\u00f3gi\u00e1t v\u00e9gzett pap Tok\u00e1ban (1959. m\u00e1rc. 1.- 1986). Szolg\u00e1lata ideje alatt \u00e9p\u00edtett\u00e9k a h\u00edvek seg\u00edts\u00e9g\u00e9vel a ma is haszn\u00e1lt ort. templomot (1976\u201378) \u00e9s a pl\u00e9b\u00e1nia \u00e9p\u00fclet\u00e9t (1972. aug.29.). Fresk\u00f3it Gavrilean Nicolae, fest\u0151 Gura Humoruluib\u00f3l k\u00e9sz\u00edtette (1982\u201383). Felszentelte a gyulafeh\u00e9rv\u00e1ri Emilian p\u00fcsp\u00f6k (1983. okt. 23.). <br \/><strong>Irod.:<\/strong> Reghin, Protopopiat<\/br><\/p>\n","protected":false},"excerpt":{"rendered":"<p>Besszar\u00e1bia, \u2020 Toka, 1986.\u0151sze : ort. pap. \u2013 Az els\u0151 teol\u00f3gi\u00e1t v\u00e9gzett pap Tok\u00e1ban (1959. m\u00e1rc. 1.- 1986). Szolg\u00e1lata ideje alatt \u00e9p\u00edtett\u00e9k a h\u00edvek seg\u00edts\u00e9g\u00e9vel a ma is haszn\u00e1lt ort. templomot (1976\u201378) \u00e9s a pl\u00e9b\u00e1nia \u00e9p\u00fclet\u00e9t (1972. aug.29.). Fresk\u00f3it Gavrilean Nicolae, fest\u0151 Gura Humoruluib\u00f3l k\u00e9sz\u00edtette (1982\u201383). Felszentelte a gyulafeh\u00e9rv\u00e1ri Emilian p\u00fcsp\u00f6k (1983. okt. 23.). Irod.: [&hellip;]<\/p>\n","protected":false},"featured_media":0,"comment_status":"open","ping_status":"closed","template":"","meta":[],"product_brand":[],"product_cat":[137],"product_tag":[],"class_list":{"0":"post-17879","1":"product","2":"type-product","3":"status-publish","5":"product_cat-maros-megyei-eletrajzi-lexikon","7":"first","8":"instock","9":"shipping-taxable","10":"product-type-simple"},"_links":{"self":[{"href":"https:\/\/uj.adatbank.ro\/lexikon\/wp-json\/wp\/v2\/product\/17879","targetHints":{"allow":["GET"]}}],"collection":[{"href":"https:\/\/uj.adatbank.ro\/lexikon\/wp-json\/wp\/v2\/product"}],"about":[{"href":"https:\/\/uj.adatbank.ro\/lexikon\/wp-json\/wp\/v2\/types\/product"}],"replies":[{"embeddable":true,"href":"https:\/\/uj.adatbank.ro\/lexikon\/wp-json\/wp\/v2\/comments?post=17879"}],"wp:attachment":[{"href":"https:\/\/uj.adatbank.ro\/lexikon\/wp-json\/wp\/v2\/media?parent=17879"}],"wp:term":[{"taxonomy":"product_brand","embeddable":true,"href":"https:\/\/uj.adatbank.ro\/lexikon\/wp-json\/wp\/v2\/product_brand?post=17879"},{"taxonomy":"product_cat","embeddable":true,"href":"https:\/\/uj.adatbank.ro\/lexikon\/wp-json\/wp\/v2\/product_cat?post=17879"},{"taxonomy":"product_tag","embeddable":true,"href":"https:\/\/uj.adatbank.ro\/lexikon\/wp-json\/wp\/v2\/product_tag?post=17879"}],"curies":[{"name":"wp","href":"https:\/\/api.w.org\/{rel}","templated":true}]}}