{"id":17880,"date":"2025-07-16T10:31:28","date_gmt":"2025-07-16T08:31:28","guid":{"rendered":"https:\/\/uj.adatbank.ro\/lexikon\/termek\/pergo-celesztin\/"},"modified":"2025-07-16T10:31:28","modified_gmt":"2025-07-16T08:31:28","slug":"pergo-celesztin","status":"publish","type":"product","link":"https:\/\/uj.adatbank.ro\/lexikon\/termek\/pergo-celesztin\/","title":{"rendered":"PERG\u0150 Celesztin"},"content":{"rendered":"<p>1784., \u2020\u00a01858:<br \/><strong>Irod.:<\/strong>.sz\u00edn\u00e9sz. \u2013 V\u00e1ndor sz\u00edn\u00e9szt\u00e1rsulatok sz\u00edn\u00e9sze, igazgat\u00f3ja. T\u00e1rsulat\u00e1val bej\u00e1rta az eg\u00e9sz orsz\u00e1got, a k\u00f6z\u00f6ns\u00e9g kedvence volt. <br \/><strong>Irod.:<\/strong> Szentimrei Jen\u0151. Hajl\u00e9kot keres\u0151 Th\u00e1lia (Mv., 1996)<\/br><\/p>\n","protected":false},"excerpt":{"rendered":"<p>1784., \u2020\u00a01858:Irod.:.sz\u00edn\u00e9sz. \u2013 V\u00e1ndor sz\u00edn\u00e9szt\u00e1rsulatok sz\u00edn\u00e9sze, igazgat\u00f3ja. T\u00e1rsulat\u00e1val bej\u00e1rta az eg\u00e9sz orsz\u00e1got, a k\u00f6z\u00f6ns\u00e9g kedvence volt. Irod.: Szentimrei Jen\u0151. Hajl\u00e9kot keres\u0151 Th\u00e1lia (Mv., 1996)<\/p>\n","protected":false},"featured_media":0,"comment_status":"open","ping_status":"closed","template":"","meta":[],"product_brand":[],"product_cat":[137],"product_tag":[],"class_list":{"0":"post-17880","1":"product","2":"type-product","3":"status-publish","5":"product_cat-maros-megyei-eletrajzi-lexikon","7":"first","8":"instock","9":"shipping-taxable","10":"product-type-simple"},"_links":{"self":[{"href":"https:\/\/uj.adatbank.ro\/lexikon\/wp-json\/wp\/v2\/product\/17880","targetHints":{"allow":["GET"]}}],"collection":[{"href":"https:\/\/uj.adatbank.ro\/lexikon\/wp-json\/wp\/v2\/product"}],"about":[{"href":"https:\/\/uj.adatbank.ro\/lexikon\/wp-json\/wp\/v2\/types\/product"}],"replies":[{"embeddable":true,"href":"https:\/\/uj.adatbank.ro\/lexikon\/wp-json\/wp\/v2\/comments?post=17880"}],"wp:attachment":[{"href":"https:\/\/uj.adatbank.ro\/lexikon\/wp-json\/wp\/v2\/media?parent=17880"}],"wp:term":[{"taxonomy":"product_brand","embeddable":true,"href":"https:\/\/uj.adatbank.ro\/lexikon\/wp-json\/wp\/v2\/product_brand?post=17880"},{"taxonomy":"product_cat","embeddable":true,"href":"https:\/\/uj.adatbank.ro\/lexikon\/wp-json\/wp\/v2\/product_cat?post=17880"},{"taxonomy":"product_tag","embeddable":true,"href":"https:\/\/uj.adatbank.ro\/lexikon\/wp-json\/wp\/v2\/product_tag?post=17880"}],"curies":[{"name":"wp","href":"https:\/\/api.w.org\/{rel}","templated":true}]}}