{"id":17883,"date":"2025-07-16T10:31:35","date_gmt":"2025-07-16T08:31:35","guid":{"rendered":"https:\/\/uj.adatbank.ro\/lexikon\/termek\/perl-felix-%c2%a7\/"},"modified":"2025-07-16T10:31:35","modified_gmt":"2025-07-16T08:31:35","slug":"perl-felix-%c2%a7","status":"publish","type":"product","link":"https:\/\/uj.adatbank.ro\/lexikon\/termek\/perl-felix-%c2%a7\/","title":{"rendered":"PERL F\u00e9lix, \u00a7"},"content":{"rendered":"<p>Kv., \u2020\u00a0?: orvos. \u2013 Apja fogorvos. A kv.-i ref. gimn\u00e1ziumban \u00e9retts\u00e9gizett, majd az irvosi karon tanult (1898\u20131904), a berlini egy. Orvosi Kar\u00e1n volt (1908), azit\u00e1n Kv.-on kapott orvosdoktori oklevelet. Az I. vh. idej\u00e9n a mv.-i j\u00e1rv\u00e1nyk\u00f3rh\u00e1z orvosa, figyelte a nagysz\u00e1m\u00fa \u00e1tutaz\u00f3 sebes\u00fclteket is. <br \/><strong>Irod.:<\/strong> Mv. \u00e9s a h\u00e1bor\u00fa 1, Szab\u00f3\u2013Simon\u2013Sz\u00f6gi.<\/br><\/p>\n","protected":false},"excerpt":{"rendered":"<p>Kv., \u2020\u00a0?: orvos. \u2013 Apja fogorvos. A kv.-i ref. gimn\u00e1ziumban \u00e9retts\u00e9gizett, majd az irvosi karon tanult (1898\u20131904), a berlini egy. Orvosi Kar\u00e1n volt (1908), azit\u00e1n Kv.-on kapott orvosdoktori oklevelet. Az I. vh. idej\u00e9n a mv.-i j\u00e1rv\u00e1nyk\u00f3rh\u00e1z orvosa, figyelte a nagysz\u00e1m\u00fa \u00e1tutaz\u00f3 sebes\u00fclteket is. Irod.: Mv. \u00e9s a h\u00e1bor\u00fa 1, Szab\u00f3\u2013Simon\u2013Sz\u00f6gi.<\/p>\n","protected":false},"featured_media":0,"comment_status":"open","ping_status":"closed","template":"","meta":[],"product_brand":[],"product_cat":[137],"product_tag":[],"class_list":{"0":"post-17883","1":"product","2":"type-product","3":"status-publish","5":"product_cat-maros-megyei-eletrajzi-lexikon","7":"first","8":"instock","9":"shipping-taxable","10":"product-type-simple"},"_links":{"self":[{"href":"https:\/\/uj.adatbank.ro\/lexikon\/wp-json\/wp\/v2\/product\/17883","targetHints":{"allow":["GET"]}}],"collection":[{"href":"https:\/\/uj.adatbank.ro\/lexikon\/wp-json\/wp\/v2\/product"}],"about":[{"href":"https:\/\/uj.adatbank.ro\/lexikon\/wp-json\/wp\/v2\/types\/product"}],"replies":[{"embeddable":true,"href":"https:\/\/uj.adatbank.ro\/lexikon\/wp-json\/wp\/v2\/comments?post=17883"}],"wp:attachment":[{"href":"https:\/\/uj.adatbank.ro\/lexikon\/wp-json\/wp\/v2\/media?parent=17883"}],"wp:term":[{"taxonomy":"product_brand","embeddable":true,"href":"https:\/\/uj.adatbank.ro\/lexikon\/wp-json\/wp\/v2\/product_brand?post=17883"},{"taxonomy":"product_cat","embeddable":true,"href":"https:\/\/uj.adatbank.ro\/lexikon\/wp-json\/wp\/v2\/product_cat?post=17883"},{"taxonomy":"product_tag","embeddable":true,"href":"https:\/\/uj.adatbank.ro\/lexikon\/wp-json\/wp\/v2\/product_tag?post=17883"}],"curies":[{"name":"wp","href":"https:\/\/api.w.org\/{rel}","templated":true}]}}