{"id":17884,"date":"2025-07-16T10:31:40","date_gmt":"2025-07-16T08:31:40","guid":{"rendered":"https:\/\/uj.adatbank.ro\/lexikon\/termek\/perl-jozsef-perl-iosif\/"},"modified":"2025-07-16T10:31:40","modified_gmt":"2025-07-16T08:31:40","slug":"perl-jozsef-perl-iosif","status":"publish","type":"product","link":"https:\/\/uj.adatbank.ro\/lexikon\/termek\/perl-jozsef-perl-iosif\/","title":{"rendered":"PERL J\u00f3zsef, Perl Iosif"},"content":{"rendered":"<p>1840. \u2020\u00a0Mv., 1927. j\u00fan. 3.: fogorvos. \u2013 Gyermekei: dr. P. Ott\u00f3, orvos (1876-?:), feles\u00e9ge Hal\u00e1 Ad\u00e9l; dr. P. Felix (1880-?), Alfr\u00e9d, feles\u00e9ge Hubai Jol\u00e1n; P. Eliz dr. T\u00f3sz\u00f6ghy Andorn\u00e9. \u2013 Az AE\u00c1-ban, a philadelphiai Dental Surgeon Institute-ban fogorvosi k\u00e9pes\u00edt\u00e9st \u00e9s diplom\u00e1t szerzett.hazat\u00e9rt \u00e9s Kv.-on telepedett le, onnan j\u00e1rt gy\u00f3gy\u00edtani Mv.-re, Sz\u00e1szr\u00e9genbe, Tek\u00e9re, D\u00e9sre, Bethlenbe \u00e9s Beszterc\u00e9re. <br \/><strong>Irod.:<\/strong> Almanah Tg.M.; Gy\u00e1szjelent\u00e9s; Kiss Cs. M.3.; Sebesty\u00e9n Mih\u00e1ly. Gyanuper (N\u00fa., 2015. aug. 19.).<\/br><\/p>\n","protected":false},"excerpt":{"rendered":"<p>1840. \u2020\u00a0Mv., 1927. j\u00fan. 3.: fogorvos. \u2013 Gyermekei: dr. P. Ott\u00f3, orvos (1876-?:), feles\u00e9ge Hal\u00e1 Ad\u00e9l; dr. P. Felix (1880-?), Alfr\u00e9d, feles\u00e9ge Hubai Jol\u00e1n; P. Eliz dr. T\u00f3sz\u00f6ghy Andorn\u00e9. \u2013 Az AE\u00c1-ban, a philadelphiai Dental Surgeon Institute-ban fogorvosi k\u00e9pes\u00edt\u00e9st \u00e9s diplom\u00e1t szerzett.hazat\u00e9rt \u00e9s Kv.-on telepedett le, onnan j\u00e1rt gy\u00f3gy\u00edtani Mv.-re, Sz\u00e1szr\u00e9genbe, Tek\u00e9re, D\u00e9sre, Bethlenbe \u00e9s [&hellip;]<\/p>\n","protected":false},"featured_media":0,"comment_status":"open","ping_status":"closed","template":"","meta":[],"product_brand":[],"product_cat":[137],"product_tag":[],"class_list":{"0":"post-17884","1":"product","2":"type-product","3":"status-publish","5":"product_cat-maros-megyei-eletrajzi-lexikon","7":"first","8":"instock","9":"shipping-taxable","10":"product-type-simple"},"_links":{"self":[{"href":"https:\/\/uj.adatbank.ro\/lexikon\/wp-json\/wp\/v2\/product\/17884","targetHints":{"allow":["GET"]}}],"collection":[{"href":"https:\/\/uj.adatbank.ro\/lexikon\/wp-json\/wp\/v2\/product"}],"about":[{"href":"https:\/\/uj.adatbank.ro\/lexikon\/wp-json\/wp\/v2\/types\/product"}],"replies":[{"embeddable":true,"href":"https:\/\/uj.adatbank.ro\/lexikon\/wp-json\/wp\/v2\/comments?post=17884"}],"wp:attachment":[{"href":"https:\/\/uj.adatbank.ro\/lexikon\/wp-json\/wp\/v2\/media?parent=17884"}],"wp:term":[{"taxonomy":"product_brand","embeddable":true,"href":"https:\/\/uj.adatbank.ro\/lexikon\/wp-json\/wp\/v2\/product_brand?post=17884"},{"taxonomy":"product_cat","embeddable":true,"href":"https:\/\/uj.adatbank.ro\/lexikon\/wp-json\/wp\/v2\/product_cat?post=17884"},{"taxonomy":"product_tag","embeddable":true,"href":"https:\/\/uj.adatbank.ro\/lexikon\/wp-json\/wp\/v2\/product_tag?post=17884"}],"curies":[{"name":"wp","href":"https:\/\/api.w.org\/{rel}","templated":true}]}}