{"id":17885,"date":"2025-07-16T10:31:42","date_gmt":"2025-07-16T08:31:42","guid":{"rendered":"https:\/\/uj.adatbank.ro\/lexikon\/termek\/perneszi-istvan-osztopani-perneczy-istvan\/"},"modified":"2025-07-16T10:31:42","modified_gmt":"2025-07-16T08:31:42","slug":"perneszi-istvan-osztopani-perneczy-istvan","status":"publish","type":"product","link":"https:\/\/uj.adatbank.ro\/lexikon\/termek\/perneszi-istvan-osztopani-perneczy-istvan\/","title":{"rendered":"PERNESZI Istv\u00e1n, osztop\u00e1ni; Perneczy Istv\u00e1n"},"content":{"rendered":"<p>? \u2020\u00a0?: v\u00e1rhegyi kapit\u00e1ny. \u2013 Sepsi-, K\u00e9zdi- \u00e9s Orbaisz\u00e9k kir\u00e1lyb\u00edr\u00f3ja (1582), a sz\u00e9kelyudvarhelyi Sz\u00e9kelyt\u00e1madt v\u00e1r kapit\u00e1nya, Udvarhely \u00e9s Marossz\u00e9k kir\u00e1lyb\u00edr\u00f3ja (1590). <br \/><strong>Irod.:<\/strong> P\u00e1l-Antal 2002; SzOkl, 4<\/br><\/p>\n","protected":false},"excerpt":{"rendered":"<p>? \u2020\u00a0?: v\u00e1rhegyi kapit\u00e1ny. \u2013 Sepsi-, K\u00e9zdi- \u00e9s Orbaisz\u00e9k kir\u00e1lyb\u00edr\u00f3ja (1582), a sz\u00e9kelyudvarhelyi Sz\u00e9kelyt\u00e1madt v\u00e1r kapit\u00e1nya, Udvarhely \u00e9s Marossz\u00e9k kir\u00e1lyb\u00edr\u00f3ja (1590). Irod.: P\u00e1l-Antal 2002; SzOkl, 4<\/p>\n","protected":false},"featured_media":0,"comment_status":"open","ping_status":"closed","template":"","meta":[],"product_brand":[],"product_cat":[137],"product_tag":[],"class_list":{"0":"post-17885","1":"product","2":"type-product","3":"status-publish","5":"product_cat-maros-megyei-eletrajzi-lexikon","7":"first","8":"instock","9":"shipping-taxable","10":"product-type-simple"},"_links":{"self":[{"href":"https:\/\/uj.adatbank.ro\/lexikon\/wp-json\/wp\/v2\/product\/17885","targetHints":{"allow":["GET"]}}],"collection":[{"href":"https:\/\/uj.adatbank.ro\/lexikon\/wp-json\/wp\/v2\/product"}],"about":[{"href":"https:\/\/uj.adatbank.ro\/lexikon\/wp-json\/wp\/v2\/types\/product"}],"replies":[{"embeddable":true,"href":"https:\/\/uj.adatbank.ro\/lexikon\/wp-json\/wp\/v2\/comments?post=17885"}],"wp:attachment":[{"href":"https:\/\/uj.adatbank.ro\/lexikon\/wp-json\/wp\/v2\/media?parent=17885"}],"wp:term":[{"taxonomy":"product_brand","embeddable":true,"href":"https:\/\/uj.adatbank.ro\/lexikon\/wp-json\/wp\/v2\/product_brand?post=17885"},{"taxonomy":"product_cat","embeddable":true,"href":"https:\/\/uj.adatbank.ro\/lexikon\/wp-json\/wp\/v2\/product_cat?post=17885"},{"taxonomy":"product_tag","embeddable":true,"href":"https:\/\/uj.adatbank.ro\/lexikon\/wp-json\/wp\/v2\/product_tag?post=17885"}],"curies":[{"name":"wp","href":"https:\/\/api.w.org\/{rel}","templated":true}]}}